{"id":2330,"date":"2019-07-03T10:10:25","date_gmt":"2019-07-03T08:10:25","guid":{"rendered":"https:\/\/cpih.ch\/rapport-annuel\/"},"modified":"2025-06-10T14:26:40","modified_gmt":"2025-06-10T12:26:40","slug":"jahresberichte","status":"publish","type":"page","link":"https:\/\/cpih.ch\/de\/jahresberichte\/","title":{"rendered":"Jahresberichte"},"content":{"rendered":"<div class=\"vce-row-container\" data-vce-boxed-width=\"true\"><div class=\"vce-row vce-row--col-gap-30 cp-area light-grey-area vce-row-content--top\" id=\"el-27049423\" data-vce-do-apply=\"all el-27049423\"><div class=\"vce-row-content\" data-vce-element-content=\"true\"><div class=\"vce-col vce-col--md-auto vce-col--xs-1 vce-col--xs-last vce-col--xs-first vce-col--sm-last vce-col--sm-first vce-col--md-last vce-col--lg-last vce-col--xl-last vce-col--md-first vce-col--lg-first vce-col--xl-first in-v-spacing-large\" id=\"el-ae6cbb1a\"><div class=\"vce-col-inner\" data-vce-do-apply=\"border margin background  el-ae6cbb1a\"><div class=\"vce-col-content\" data-vce-element-content=\"true\" data-vce-do-apply=\"padding el-ae6cbb1a\"><div class=\"vce-row-container\" data-vce-boxed-width=\"true\"><div class=\"vce-row vce-row--col-gap-30 container-gap-both-1 vce-row-content--top\" id=\"el-520369d7\" data-vce-do-apply=\"all el-520369d7\"><div class=\"vce-row-content\" data-vce-element-content=\"true\"><div class=\"vce-col vce-col--md-auto vce-col--xs-1 vce-col--xs-last vce-col--xs-first vce-col--sm-last vce-col--sm-first vce-col--md-last vce-col--lg-last vce-col--xl-last vce-col--md-first vce-col--lg-first vce-col--xl-first\" id=\"el-52dbbf47\"><div class=\"vce-col-inner\" data-vce-do-apply=\"border margin background  el-52dbbf47\"><div class=\"vce-col-content\" data-vce-element-content=\"true\" data-vce-do-apply=\"padding el-52dbbf47\"><div class=\"vce-text-block\"><div class=\"vce-text-block-wrapper vce\" id=\"el-7b38486e\" data-vce-do-apply=\"all el-7b38486e\"><h1><b>Jahresberichte<\/b><\/h1><\/div><\/div><div class=\"vce-text-block txt-large-size light-blue three-quarter-content\"><div class=\"vce-text-block-wrapper vce\" id=\"el-b6731024\" data-vce-do-apply=\"all el-b6731024\"><p>Die Jahresberichte stehen nur in Franz\u00f6sisch zur Verf\u00fcgung. Vielen Dank f\u00fcr Ihr Verst\u00e4ndnis.<\/p><\/div><\/div><div class=\"vce-row-container\" data-vce-boxed-width=\"true\"><div class=\"vce-row vce-row--col-gap-30 vce-row-equal-height vce-row-content--top\" id=\"el-888b645d\" data-vce-do-apply=\"all el-888b645d\"><div class=\"vce-row-content\" data-vce-element-content=\"true\"><div class=\"vce-col vce-col--md-72p vce-col--xs-1 vce-col--xs-last vce-col--xs-first vce-col--sm-last vce-col--sm-first vce-col--md-first vce-col--lg-first vce-col--xl-first\" id=\"el-a4df7a06\"><div class=\"vce-col-inner\" data-vce-do-apply=\"border margin background  el-a4df7a06\"><div class=\"vce-col-content\" data-vce-element-content=\"true\" data-vce-do-apply=\"padding el-a4df7a06\"><div class=\"vce-text-block\"><div class=\"vce-text-block-wrapper vce\" id=\"el-b0040080\" data-vce-do-apply=\"all el-b0040080\"><div style=\"position: relative; padding-top: max(80%,324px); width: 100%; height: 0;\"><iframe style=\"position: absolute; border: none; width: 100%; height: 100%; left: 0; top: 0;\" src=\"https:\/\/online.fliphtml5.com\/nlsda\/ckct\/\" frameborder=\"0\" scrolling=\"no\" seamless=\"seamless\" allowfullscreen=\"allowfullscreen\"><\/iframe><\/div>\n<\/div><\/div><\/div><\/div><\/div><div class=\"vce-col vce-col--md-25p vce-col--xs-1 vce-col--xs-last vce-col--xs-first vce-col--sm-last vce-col--sm-first vce-col--md-last vce-col--lg-last vce-col--xl-last\" id=\"el-4c679257\"><div class=\"vce-col-inner\" data-vce-do-apply=\"border margin background  el-4c679257\"><div class=\"vce-col-content\" data-vce-element-content=\"true\" data-vce-do-apply=\"padding el-4c679257\"><div class=\"vce-widgets-container\"><div class=\"vce vce-widgets-wrapper\" id=\"el-aa288663\" data-vce-do-apply=\"all el-aa288663\">\r\n\t\t\t<a class=\"link-box padding-default\" href=\"https:\/\/cpih.ch\/wp-content\/uploads\/CP-Rapport-Annuel-2024.pdf\" target=\"_blank\" rel=\"noopener noreferer\">\r\n\r\n\t\t\t\t<div class=\"content\">\r\n\t\t\t\t\t\r\n\t\t\t\t\t\t\t\t\t\t<h3>Jahresbericht 2024<\/h3>\r\n\t\t\t\t\t\r\n\t\t\t\t\t\t\t\t\t<\/div>\r\n\r\n\t\t\t\t\r\n\t\t\t\t\t<span class=\"link-box-button button\">\r\n\t\t\t\t\t\t<span class=\"icon-document\"><\/span>\r\n\t\t\t\t\t<\/span>\r\n\r\n\t\t\t\t\t\t\t\t\t\t<span class=\"link-box-button-help-txt\">PDF<\/span>\r\n\t\t\t\t\t\r\n\t\t\t\t\t\t\t\t\t\t<span class=\"link-box-button-hover-txt\">PDF ansehen<\/span>\r\n\t\t\t\t\t\r\n\t\t\t\t\t\t\t<\/a>\r\n\t\t<\/div><\/div><div class=\"vce-widgets-container\"><div class=\"vce vce-widgets-wrapper\" id=\"el-fef79b77\" data-vce-do-apply=\"all el-fef79b77\">\r\n\t\t\t<a class=\"link-box padding-default\" href=\"https:\/\/cpih.ch\/wp-content\/uploads\/CP-Rapport-annuel-2023_version_web.pdf\" target=\"_blank\" rel=\"noopener noreferer\">\r\n\r\n\t\t\t\t<div class=\"content\">\r\n\t\t\t\t\t\r\n\t\t\t\t\t\t\t\t\t\t<h3>Jahresbericht 2023<\/h3>\r\n\t\t\t\t\t\r\n\t\t\t\t\t\t\t\t\t<\/div>\r\n\r\n\t\t\t\t\r\n\t\t\t\t\t<span class=\"link-box-button button\">\r\n\t\t\t\t\t\t<span class=\"icon-document\"><\/span>\r\n\t\t\t\t\t<\/span>\r\n\r\n\t\t\t\t\t\t\t\t\t\t<span class=\"link-box-button-help-txt\">PDF<\/span>\r\n\t\t\t\t\t\r\n\t\t\t\t\t\t\t\t\t\t<span class=\"link-box-button-hover-txt\">PDF ansehen<\/span>\r\n\t\t\t\t\t\r\n\t\t\t\t\t\t\t<\/a>\r\n\t\t<\/div><\/div><div class=\"vce-widgets-container\"><div class=\"vce vce-widgets-wrapper\" id=\"el-c267eb09\" data-vce-do-apply=\"all el-c267eb09\">\r\n\t\t\t<a class=\"link-box padding-default\" href=\"https:\/\/cpih.ch\/wp-content\/uploads\/Rapport-annuel-2022-1.pdf\" target=\"_blank\" rel=\"noopener noreferer\">\r\n\r\n\t\t\t\t<div class=\"content\">\r\n\t\t\t\t\t\r\n\t\t\t\t\t\t\t\t\t\t<h3>Jahresbericht 2022<\/h3>\r\n\t\t\t\t\t\r\n\t\t\t\t\t\t\t\t\t<\/div>\r\n\r\n\t\t\t\t\r\n\t\t\t\t\t<span class=\"link-box-button button\">\r\n\t\t\t\t\t\t<span class=\"icon-document\"><\/span>\r\n\t\t\t\t\t<\/span>\r\n\r\n\t\t\t\t\t\t\t\t\t\t<span class=\"link-box-button-help-txt\">PDF<\/span>\r\n\t\t\t\t\t\r\n\t\t\t\t\t\t\t\t\t\t<span class=\"link-box-button-hover-txt\">PDF ansehen<\/span>\r\n\t\t\t\t\t\r\n\t\t\t\t\t\t\t<\/a>\r\n\t\t<\/div><\/div><\/div><\/div><\/div><\/div><\/div><\/div><\/div><\/div><\/div><\/div><\/div><\/div><\/div><\/div><\/div><\/div><\/div><\/div>\n","protected":false},"excerpt":{"rendered":"<p>JahresberichteDie Jahresberichte stehen nur in Franz\u00f6sisch zur Verf\u00fcgung. Vielen Dank f\u00fcr Ihr Verst\u00e4ndnis.<\/p>\n","protected":false},"author":1,"featured_media":0,"parent":0,"menu_order":0,"comment_status":"closed","ping_status":"closed","template":"templates\/template-page.php","meta":{"_acf_changed":false,"_monsterinsights_skip_tracking":false,"_monsterinsights_sitenote_active":false,"_monsterinsights_sitenote_note":"","_monsterinsights_sitenote_category":0,"footnotes":""},"class_list":["post-2330","page","type-page","status-publish","hentry"],"acf":[],"yoast_head":"<!-- This site is optimized with the Yoast SEO plugin v27.4 - https:\/\/yoast.com\/product\/yoast-seo-wordpress\/ -->\n<title>Jahresberichte - Convention patronale<\/title>\n<meta name=\"robots\" content=\"index, follow, max-snippet:-1, max-image-preview:large, max-video-preview:-1\" \/>\n<link rel=\"canonical\" href=\"https:\/\/cpih.ch\/de\/jahresberichte\/\" \/>\n<meta property=\"og:locale\" content=\"de_DE\" \/>\n<meta property=\"og:type\" content=\"article\" \/>\n<meta property=\"og:title\" content=\"Jahresberichte - Convention patronale\" \/>\n<meta property=\"og:description\" content=\"JahresberichteDie Jahresberichte stehen nur in Franz\u00f6sisch zur Verf\u00fcgung. Vielen Dank f\u00fcr Ihr Verst\u00e4ndnis.\" \/>\n<meta property=\"og:url\" content=\"https:\/\/cpih.ch\/de\/jahresberichte\/\" \/>\n<meta property=\"og:site_name\" content=\"Convention patronale\" \/>\n<meta property=\"article:modified_time\" content=\"2025-06-10T12:26:40+00:00\" \/>\n<meta name=\"twitter:card\" content=\"summary_large_image\" \/>\n<meta name=\"twitter:label1\" content=\"Gesch\u00e4tzte Lesezeit\" \/>\n\t<meta name=\"twitter:data1\" content=\"1\u00a0Minute\" \/>\n<script type=\"application\/ld+json\" class=\"yoast-schema-graph\">{\"@context\":\"https:\\\/\\\/schema.org\",\"@graph\":[{\"@type\":\"WebPage\",\"@id\":\"https:\\\/\\\/cpih.ch\\\/de\\\/jahresberichte\\\/\",\"url\":\"https:\\\/\\\/cpih.ch\\\/de\\\/jahresberichte\\\/\",\"name\":\"Jahresberichte - Convention patronale\",\"isPartOf\":{\"@id\":\"https:\\\/\\\/cpih.ch\\\/#website\"},\"datePublished\":\"2019-07-03T08:10:25+00:00\",\"dateModified\":\"2025-06-10T12:26:40+00:00\",\"breadcrumb\":{\"@id\":\"https:\\\/\\\/cpih.ch\\\/de\\\/jahresberichte\\\/#breadcrumb\"},\"inLanguage\":\"de\",\"potentialAction\":[{\"@type\":\"ReadAction\",\"target\":[\"https:\\\/\\\/cpih.ch\\\/de\\\/jahresberichte\\\/\"]}]},{\"@type\":\"BreadcrumbList\",\"@id\":\"https:\\\/\\\/cpih.ch\\\/de\\\/jahresberichte\\\/#breadcrumb\",\"itemListElement\":[{\"@type\":\"ListItem\",\"position\":1,\"name\":\"Accueil\",\"item\":\"https:\\\/\\\/cpih.ch\\\/de\\\/\"},{\"@type\":\"ListItem\",\"position\":2,\"name\":\"Jahresberichte\"}]},{\"@type\":\"WebSite\",\"@id\":\"https:\\\/\\\/cpih.ch\\\/#website\",\"url\":\"https:\\\/\\\/cpih.ch\\\/\",\"name\":\"Convention patronale\",\"description\":\"Un site\",\"potentialAction\":[{\"@type\":\"SearchAction\",\"target\":{\"@type\":\"EntryPoint\",\"urlTemplate\":\"https:\\\/\\\/cpih.ch\\\/?s={search_term_string}\"},\"query-input\":{\"@type\":\"PropertyValueSpecification\",\"valueRequired\":true,\"valueName\":\"search_term_string\"}}],\"inLanguage\":\"de\"}]}<\/script>\n<!-- \/ Yoast SEO plugin. -->","yoast_head_json":{"title":"Jahresberichte - Convention patronale","robots":{"index":"index","follow":"follow","max-snippet":"max-snippet:-1","max-image-preview":"max-image-preview:large","max-video-preview":"max-video-preview:-1"},"canonical":"https:\/\/cpih.ch\/de\/jahresberichte\/","og_locale":"de_DE","og_type":"article","og_title":"Jahresberichte - Convention patronale","og_description":"JahresberichteDie Jahresberichte stehen nur in Franz\u00f6sisch zur Verf\u00fcgung. Vielen Dank f\u00fcr Ihr Verst\u00e4ndnis.","og_url":"https:\/\/cpih.ch\/de\/jahresberichte\/","og_site_name":"Convention patronale","article_modified_time":"2025-06-10T12:26:40+00:00","twitter_card":"summary_large_image","twitter_misc":{"Gesch\u00e4tzte Lesezeit":"1\u00a0Minute"},"schema":{"@context":"https:\/\/schema.org","@graph":[{"@type":"WebPage","@id":"https:\/\/cpih.ch\/de\/jahresberichte\/","url":"https:\/\/cpih.ch\/de\/jahresberichte\/","name":"Jahresberichte - Convention patronale","isPartOf":{"@id":"https:\/\/cpih.ch\/#website"},"datePublished":"2019-07-03T08:10:25+00:00","dateModified":"2025-06-10T12:26:40+00:00","breadcrumb":{"@id":"https:\/\/cpih.ch\/de\/jahresberichte\/#breadcrumb"},"inLanguage":"de","potentialAction":[{"@type":"ReadAction","target":["https:\/\/cpih.ch\/de\/jahresberichte\/"]}]},{"@type":"BreadcrumbList","@id":"https:\/\/cpih.ch\/de\/jahresberichte\/#breadcrumb","itemListElement":[{"@type":"ListItem","position":1,"name":"Accueil","item":"https:\/\/cpih.ch\/de\/"},{"@type":"ListItem","position":2,"name":"Jahresberichte"}]},{"@type":"WebSite","@id":"https:\/\/cpih.ch\/#website","url":"https:\/\/cpih.ch\/","name":"Convention patronale","description":"Un site","potentialAction":[{"@type":"SearchAction","target":{"@type":"EntryPoint","urlTemplate":"https:\/\/cpih.ch\/?s={search_term_string}"},"query-input":{"@type":"PropertyValueSpecification","valueRequired":true,"valueName":"search_term_string"}}],"inLanguage":"de"}]}},"_links":{"self":[{"href":"https:\/\/cpih.ch\/de\/wp-json\/wp\/v2\/pages\/2330","targetHints":{"allow":["GET"]}}],"collection":[{"href":"https:\/\/cpih.ch\/de\/wp-json\/wp\/v2\/pages"}],"about":[{"href":"https:\/\/cpih.ch\/de\/wp-json\/wp\/v2\/types\/page"}],"author":[{"embeddable":true,"href":"https:\/\/cpih.ch\/de\/wp-json\/wp\/v2\/users\/1"}],"replies":[{"embeddable":true,"href":"https:\/\/cpih.ch\/de\/wp-json\/wp\/v2\/comments?post=2330"}],"version-history":[{"count":25,"href":"https:\/\/cpih.ch\/de\/wp-json\/wp\/v2\/pages\/2330\/revisions"}],"predecessor-version":[{"id":15856,"href":"https:\/\/cpih.ch\/de\/wp-json\/wp\/v2\/pages\/2330\/revisions\/15856"}],"wp:attachment":[{"href":"https:\/\/cpih.ch\/de\/wp-json\/wp\/v2\/media?parent=2330"}],"curies":[{"name":"wp","href":"https:\/\/api.w.org\/{rel}","templated":true}]}}