{"id":2168,"date":"2019-06-06T13:36:48","date_gmt":"2019-06-06T11:36:48","guid":{"rendered":"https:\/\/cpih.ch\/prestations\/"},"modified":"2023-05-10T09:18:58","modified_gmt":"2023-05-10T07:18:58","slug":"leistungen","status":"publish","type":"page","link":"https:\/\/cpih.ch\/de\/leistungen\/","title":{"rendered":"Leistungen"},"content":{"rendered":"<div class=\"vce-row-container\" data-vce-boxed-width=\"true\"><div class=\"vce-row vce-row--col-gap-0 sst-area bg-light-grey vce-row-content--top\" id=\"el-47b4edbf\" data-vce-do-apply=\"all el-47b4edbf\"><div class=\"vce-row-content\" data-vce-element-content=\"true\"><div class=\"vce-col vce-col--xs-100p vce-col--xs-visible vce-col--xs-last vce-col--xs-first vce-col--sm-100p vce-col--sm-visible vce-col--sm-last vce-col--sm-first vce-col--md-100p vce-col--md-visible vce-col--md-last vce-col--md-first vce-col--lg-100p vce-col--lg-visible vce-col--lg-last vce-col--lg-first vce-col--xl-auto vce-col--xl-visible vce-col--xl-last vce-col--xl-first\" id=\"el-a8d6bdb4\"><div class=\"vce-col-inner\" data-vce-do-apply=\"border margin background  el-a8d6bdb4\"><div class=\"vce-col-content\" data-vce-element-content=\"true\" data-vce-do-apply=\"padding el-a8d6bdb4\"><div class=\"vce-text-block txt-large-size container-gap-both-2 in-v-spacing-large\"><div class=\"vce-text-block-wrapper vce\" id=\"el-6ccf52b4\" data-vce-do-apply=\"all el-6ccf52b4\"><h1><span class=\"txt-highlight\"><b>Leistungen<\/b><\/span><\/h1><\/div><\/div><\/div><\/div><\/div><\/div><\/div><\/div><div class=\"vce-row-container\" data-vce-boxed-width=\"true\"><div class=\"vce-row vce-row--col-gap-0 container-gap-both-2 bg-light-grey vce-row-content--top\" id=\"el-06b2f7a9\" data-vce-do-apply=\"all el-06b2f7a9\"><div class=\"vce-row-content\" data-vce-element-content=\"true\"><div class=\"vce-col vce-col--xs-100p vce-col--xs-visible vce-col--xs-last vce-col--xs-first vce-col--sm-100p vce-col--sm-visible vce-col--sm-last vce-col--sm-first vce-col--md-100p vce-col--md-visible vce-col--md-last vce-col--md-first vce-col--lg-100p vce-col--lg-visible vce-col--lg-last vce-col--lg-first vce-col--xl-auto vce-col--xl-visible vce-col--xl-last vce-col--xl-first\" id=\"el-f331d9bd\"><div class=\"vce-col-inner\" data-vce-do-apply=\"border margin background  el-f331d9bd\"><div class=\"vce-col-content\" data-vce-element-content=\"true\" data-vce-do-apply=\"padding el-f331d9bd\"><div class=\"vce-text-block txt-large-size light-blue three-quarter-content\"><div class=\"vce-text-block-wrapper vce\" id=\"el-211ac18d\" data-vce-do-apply=\"all el-211ac18d\"><p>Die Unternehmen, die der Branchenl\u00f6sung angegliedert sind, k\u00f6nnen kostenlos oder zu reduzierten Preisen von den folgenden Leistungen profitieren:<\/p><\/div><\/div><\/div><\/div><\/div><\/div><\/div><\/div><div class=\"vce-row-container\" data-vce-boxed-width=\"true\"><div class=\"vce-row vce-row--col-gap-30 container-gap-both-2 bg-light-grey in-bottom-spacing-huge vce-row-content--top\" id=\"el-f8fb0b0d\" data-vce-do-apply=\"all el-f8fb0b0d\"><div class=\"vce-row-content\" data-vce-element-content=\"true\"><div class=\"vce-col vce-col--xs-100p vce-col--xs-visible vce-col--xs-last vce-col--xs-first vce-col--sm-100p vce-col--sm-visible vce-col--sm-last vce-col--sm-first vce-col--md-100p vce-col--md-visible vce-col--md-last vce-col--md-first vce-col--lg-100p vce-col--lg-visible vce-col--lg-last vce-col--lg-first vce-col--xl-auto vce-col--xl-visible vce-col--xl-first\" id=\"el-9a5ca87b\"><div class=\"vce-col-inner\" data-vce-do-apply=\"border margin background  el-9a5ca87b\"><div class=\"vce-col-content\" data-vce-element-content=\"true\" data-vce-do-apply=\"padding el-9a5ca87b\"><div class=\"vce-text-block\"><div class=\"vce-text-block-wrapper vce\" id=\"el-0c9da720\" data-vce-do-apply=\"all el-0c9da720\"><ul><li><span style=\"font-weight: 400;\">Bereitstellung der Branchenl\u00f6sung und des dazu geh\u00f6renden Handbuchs<\/span><\/li><li><span style=\"font-weight: 400;\">Beratung, Ausk\u00fcnfte und Audits durch Spezialisten des GSA-Dienstes<\/span><\/li><li><span style=\"font-weight: 400;\">Berichte und Risikoanalysen<\/span><\/li><li><span style=\"font-weight: 400;\">Messung von Parametern am Arbeitsplatz (L\u00e4rm, Hitze, Licht, Luft usw.)<\/span><\/li><\/ul><ul><li><span style=\"font-weight: 400;\">Grundlegende Schulung und Weiterbildung<\/span><\/li><\/ul><\/div><\/div><div class=\"vce-text-block\"><div class=\"vce-text-block-wrapper vce\" id=\"el-4bce25cb\" data-vce-do-apply=\"all el-4bce25cb\"><\/div><\/div><\/div><\/div><\/div><div class=\"vce-col vce-col--xs-100p vce-col--xs-visible vce-col--xs-last vce-col--xs-first vce-col--sm-100p vce-col--sm-visible vce-col--sm-last vce-col--sm-first vce-col--md-100p vce-col--md-visible vce-col--md-last vce-col--md-first vce-col--lg-100p vce-col--lg-visible vce-col--lg-last vce-col--lg-first vce-col--xl-auto vce-col--xl-visible vce-col--xl-last\" id=\"el-10523ed7\"><div class=\"vce-col-inner\" data-vce-do-apply=\"border margin background  el-10523ed7\"><div class=\"vce-col-content\" data-vce-element-content=\"true\" data-vce-do-apply=\"padding el-10523ed7\"><div class=\"vce-text-block\"><div class=\"vce-text-block-wrapper vce\" id=\"el-b4b5d0da\" data-vce-do-apply=\"all el-b4b5d0da\"><ul><li><span style=\"font-weight: 400;\">Vernetzung mit externen Fachpersonen und Begleitung<\/span><\/li><li><span style=\"font-weight: 400;\">Vermittler und Vertretung bei Durchf\u00fchrungsorganen (SUVA, EKAS, Arbeitsinspektorate, Bundes\u00e4mter usw.)<\/span><\/li><li><span style=\"font-weight: 400;\">Pflege der Beziehungen zu den Sozialpartnern<\/span><\/li><li><span style=\"font-weight: 400;\">Studien zu Spezialf\u00e4llen<\/span><\/li><li><span style=\"font-weight: 400;\">Telefonische oder schriftliche Unterst\u00fctzung<\/span><\/li><\/ul><\/div><\/div><\/div><\/div><\/div><\/div><\/div><\/div><div class=\"vce-row-container\" data-vce-boxed-width=\"true\"><div class=\"vce-row vce-row--col-gap-30 sst-area out-top-spacing-huge vce-row-content--top\" id=\"el-7f6c689b\" data-vce-do-apply=\"all el-7f6c689b\"><div class=\"vce-row-content\" data-vce-element-content=\"true\"><div class=\"vce-col vce-col--xs-100p vce-col--xs-visible vce-col--xs-last vce-col--xs-first vce-col--sm-100p vce-col--sm-visible vce-col--sm-last vce-col--sm-first vce-col--md-100p vce-col--md-visible vce-col--md-last vce-col--md-first vce-col--lg-100p vce-col--lg-visible vce-col--lg-last vce-col--lg-first vce-col--xl-auto vce-col--xl-visible vce-col--xl-last vce-col--xl-first\" id=\"el-2b8c4c45\"><div class=\"vce-col-inner\" data-vce-do-apply=\"border margin background  el-2b8c4c45\"><div class=\"vce-col-content\" data-vce-element-content=\"true\" data-vce-do-apply=\"padding el-2b8c4c45\"><div class=\"vce-row-container\" data-vce-boxed-width=\"true\"><div class=\"vce-row vce-row--col-gap-0 gap-left-2 container-gap-both-2 vce-row-content--top\" id=\"el-09098550\" data-vce-do-apply=\"all el-09098550\"><div class=\"vce-row-content\" data-vce-element-content=\"true\"><div class=\"vce-col vce-col--xs-100p vce-col--xs-visible vce-col--xs-last vce-col--xs-first vce-col--sm-100p vce-col--sm-visible vce-col--sm-last vce-col--sm-first vce-col--md-100p vce-col--md-visible vce-col--md-last vce-col--md-first vce-col--lg-100p vce-col--lg-visible vce-col--lg-last vce-col--lg-first vce-col--xl-auto vce-col--xl-visible vce-col--xl-first\" id=\"el-d1bb6973\"><div class=\"vce-col-inner\" data-vce-do-apply=\"border margin background  el-d1bb6973\"><div class=\"vce-col-content\" data-vce-element-content=\"true\" data-vce-do-apply=\"padding el-d1bb6973\"><div class=\"vce-text-block out-top-spacing-large-only-desktop\"><div class=\"vce-text-block-wrapper vce\" id=\"el-6ea7414e\" data-vce-do-apply=\"all el-6ea7414e\"><h2>Unsere GSA-Spezialisten stehen Ihnen gerne zur Verf\u00fcgung<\/h2><\/div><\/div><\/div><\/div><\/div><div class=\"vce-col vce-col--xs-100p vce-col--xs-visible vce-col--xs-last vce-col--xs-first vce-col--sm-100p vce-col--sm-visible vce-col--sm-last vce-col--sm-first vce-col--md-100p vce-col--md-visible vce-col--md-last vce-col--md-first vce-col--lg-100p vce-col--lg-visible vce-col--lg-last vce-col--lg-first vce-col--xl-auto vce-col--xl-visible vce-col--xl-last\" id=\"el-38ce750b\"><div class=\"vce-col-inner\" data-vce-do-apply=\"border margin background  el-38ce750b\"><div class=\"vce-col-content\" data-vce-element-content=\"true\" data-vce-do-apply=\"padding el-38ce750b\"><div class=\"vce-row-container\" data-vce-boxed-width=\"true\"><div class=\"vce-row vce-row--col-gap-30 link-boxes-grid vce-row-content--top\" id=\"el-e50f48b4\" data-vce-do-apply=\"all el-e50f48b4\"><div class=\"vce-row-content\" data-vce-element-content=\"true\"><div class=\"vce-col vce-col--xs-100p vce-col--xs-visible vce-col--xs-last vce-col--xs-first vce-col--sm-100p vce-col--sm-visible vce-col--sm-last vce-col--sm-first vce-col--md-100p vce-col--md-visible vce-col--md-last vce-col--md-first vce-col--lg-100p vce-col--lg-visible vce-col--lg-last vce-col--lg-first vce-col--xl-auto vce-col--xl-visible vce-col--xl-first\" id=\"el-b3a3b6ce\"><div class=\"vce-col-inner\" data-vce-do-apply=\"border margin background  el-b3a3b6ce\"><div class=\"vce-col-content\" data-vce-element-content=\"true\" data-vce-do-apply=\"padding el-b3a3b6ce\"><div class=\"vce-single-image-container no-margin-bottom out-top-spacing-small vce-single-image--align-center\"><div class=\"vce vce-single-image-wrapper\" id=\"el-c3fa0eb8\" data-vce-do-apply=\"all el-c3fa0eb8\"><figure><div class=\"vce-single-image-figure-inner\" style=\"width: 2560px;\"><div class=\"vce-single-image-inner vce-single-image--absolute\" style=\"width: 100%; padding-bottom: 100%;\"><img loading=\"lazy\" decoding=\"async\" class=\"vce-single-image\"  width=\"2560\" height=\"2560\" srcset=\"https:\/\/cpih.ch\/wp-content\/uploads\/Thierry-Peseux_800x800-3-320x320.jpg 320w, https:\/\/cpih.ch\/wp-content\/uploads\/Thierry-Peseux_800x800-3-480x480.jpg 480w, https:\/\/cpih.ch\/wp-content\/uploads\/Thierry-Peseux_800x800-3-800x800.jpg 800w, https:\/\/cpih.ch\/wp-content\/uploads\/Thierry-Peseux_800x800-3-scaled-2560x2560.jpg 2560w\" src=\"https:\/\/cpih.ch\/wp-content\/uploads\/Thierry-Peseux_800x800-3-scaled-2560x2560.jpg\" data-img-src=\"https:\/\/cpih.ch\/wp-content\/uploads\/Thierry-Peseux_800x800-3-scaled.jpg\" data-attachment-id=\"6446\"  alt=\"\" title=\"Thierry - Peseux_800x800\" \/><\/div><\/div><figcaption hidden=\"\"><\/figcaption><\/figure><\/div><\/div><div class=\"vce-text-block bg-light-blue in-v-spacing-small in-h-spacing-small span-block\"><div class=\"vce-text-block-wrapper vce\" id=\"el-2a6db466\" data-vce-do-apply=\"all el-2a6db466\"><p><span class=\"txt-medium-size\" style=\"color: #ffffff;\">Thierry Peseux<\/span><br><span style=\"color: #ffffff;\"><br><\/span><a href=\"mailto:sst@cpih.ch\"><span style=\"color: #ffffff;\">sst@cpih.ch<\/span><\/a><br><span style=\"color: #ffffff;\"><a href=\"tel:00329100383\">032 910 03 83<\/a><\/span><\/p><\/div><\/div><\/div><\/div><\/div><div class=\"vce-col vce-col--xs-100p vce-col--xs-visible vce-col--xs-last vce-col--xs-first vce-col--sm-100p vce-col--sm-visible vce-col--sm-last vce-col--sm-first vce-col--md-100p vce-col--md-visible vce-col--md-last vce-col--md-first vce-col--lg-100p vce-col--lg-visible vce-col--lg-last vce-col--lg-first vce-col--xl-auto vce-col--xl-visible vce-col--xl-last\" id=\"el-ef301d95\"><div class=\"vce-col-inner\" data-vce-do-apply=\"border margin background  el-ef301d95\"><div class=\"vce-col-content\" data-vce-element-content=\"true\" data-vce-do-apply=\"padding el-ef301d95\"><div class=\"vce-single-image-container no-margin-bottom out-top-spacing-small vce-single-image--align-center\"><div class=\"vce vce-single-image-wrapper\" id=\"el-7c0f9936\" data-vce-do-apply=\"all el-7c0f9936\"><figure><div class=\"vce-single-image-figure-inner\" style=\"width: 2560px;\"><div class=\"vce-single-image-inner vce-single-image--absolute\" style=\"width: 100%; padding-bottom: 100%;\"><img loading=\"lazy\" decoding=\"async\" class=\"vce-single-image\"  width=\"2560\" height=\"2560\" srcset=\"https:\/\/cpih.ch\/wp-content\/uploads\/daniel_bertschy_800x800-320x320.jpg 320w, https:\/\/cpih.ch\/wp-content\/uploads\/daniel_bertschy_800x800-480x480.jpg 480w, https:\/\/cpih.ch\/wp-content\/uploads\/daniel_bertschy_800x800-800x800.jpg 800w, https:\/\/cpih.ch\/wp-content\/uploads\/daniel_bertschy_800x800-scaled-2560x2560.jpg 2560w\" src=\"https:\/\/cpih.ch\/wp-content\/uploads\/daniel_bertschy_800x800-scaled-2560x2560.jpg\" data-img-src=\"https:\/\/cpih.ch\/wp-content\/uploads\/daniel_bertschy_800x800-scaled.jpg\" data-attachment-id=\"6448\"  alt=\"\" title=\"daniel_bertschy_800x800\" \/><\/div><\/div><figcaption hidden=\"\"><\/figcaption><\/figure><\/div><\/div><div class=\"vce-text-block bg-light-blue in-v-spacing-small in-h-spacing-small span-block\"><div class=\"vce-text-block-wrapper vce\" id=\"el-04fff458\" data-vce-do-apply=\"all el-04fff458\"><p><span class=\"txt-medium-size\" style=\"color: #ffffff;\">Daniel Bertschy<\/span><br><span style=\"color: #ffffff;\"><br><a href=\"mailto:sst@cpih.ch\">sst@cpih.ch<\/a><\/span><br><span style=\"color: #ffffff;\"><a href=\"tel:00329100383\">032 910 03 83<\/a><\/span><\/p><\/div><\/div><\/div><\/div><\/div><\/div><\/div><\/div><\/div><\/div><\/div><\/div><\/div><\/div><\/div><\/div><\/div><\/div><\/div><\/div>\n","protected":false},"excerpt":{"rendered":"<p>LeistungenDie Unternehmen, die der Branchenl\u00f6sung angegliedert sind, k\u00f6nnen kostenlos oder zu reduzierten Preisen von den folgenden Leistungen profitieren:Bereitstellung der Branchenl\u00f6sung und des dazu geh\u00f6renden HandbuchsBeratung, Ausk\u00fcnfte und Audits durch Spezialisten des GSA-DienstesBerichte und RisikoanalysenMessung von Parametern am Arbeitsplatz (L\u00e4rm, Hitze, Licht, Luft usw.)Grundlegende Schulung und WeiterbildungVernetzung mit externen Fachpersonen und BegleitungVermittler und Vertretung bei Durchf\u00fchrungsorganen [&hellip;]<\/p>\n","protected":false},"author":1,"featured_media":0,"parent":0,"menu_order":0,"comment_status":"closed","ping_status":"closed","template":"templates\/template-page.php","meta":{"_acf_changed":false,"_monsterinsights_skip_tracking":false,"_monsterinsights_sitenote_active":false,"_monsterinsights_sitenote_note":"","_monsterinsights_sitenote_category":0,"footnotes":""},"class_list":["post-2168","page","type-page","status-publish","hentry"],"acf":[],"yoast_head":"<!-- This site is optimized with the Yoast SEO plugin v27.0 - https:\/\/yoast.com\/product\/yoast-seo-wordpress\/ -->\n<title>Leistungen - Convention patronale<\/title>\n<meta name=\"robots\" content=\"index, follow, max-snippet:-1, max-image-preview:large, max-video-preview:-1\" \/>\n<link rel=\"canonical\" href=\"https:\/\/cpih.ch\/de\/leistungen\/\" \/>\n<meta property=\"og:locale\" content=\"de_DE\" \/>\n<meta property=\"og:type\" content=\"article\" \/>\n<meta property=\"og:title\" content=\"Leistungen - Convention patronale\" \/>\n<meta property=\"og:description\" content=\"LeistungenDie Unternehmen, die der Branchenl\u00f6sung angegliedert sind, k\u00f6nnen kostenlos oder zu reduzierten Preisen von den folgenden Leistungen profitieren:Bereitstellung der Branchenl\u00f6sung und des dazu geh\u00f6renden HandbuchsBeratung, Ausk\u00fcnfte und Audits durch Spezialisten des GSA-DienstesBerichte und RisikoanalysenMessung von Parametern am Arbeitsplatz (L\u00e4rm, Hitze, Licht, Luft usw.)Grundlegende Schulung und WeiterbildungVernetzung mit externen Fachpersonen und BegleitungVermittler und Vertretung bei Durchf\u00fchrungsorganen [&hellip;]\" \/>\n<meta property=\"og:url\" content=\"https:\/\/cpih.ch\/de\/leistungen\/\" \/>\n<meta property=\"og:site_name\" content=\"Convention patronale\" \/>\n<meta property=\"article:modified_time\" content=\"2023-05-10T07:18:58+00:00\" \/>\n<meta name=\"twitter:card\" content=\"summary_large_image\" \/>\n<script type=\"application\/ld+json\" class=\"yoast-schema-graph\">{\"@context\":\"https:\/\/schema.org\",\"@graph\":[{\"@type\":\"WebPage\",\"@id\":\"https:\/\/cpih.ch\/de\/leistungen\/\",\"url\":\"https:\/\/cpih.ch\/de\/leistungen\/\",\"name\":\"Leistungen - Convention patronale\",\"isPartOf\":{\"@id\":\"https:\/\/cpih.ch\/#website\"},\"datePublished\":\"2019-06-06T11:36:48+00:00\",\"dateModified\":\"2023-05-10T07:18:58+00:00\",\"breadcrumb\":{\"@id\":\"https:\/\/cpih.ch\/de\/leistungen\/#breadcrumb\"},\"inLanguage\":\"de\",\"potentialAction\":[{\"@type\":\"ReadAction\",\"target\":[\"https:\/\/cpih.ch\/de\/leistungen\/\"]}]},{\"@type\":\"BreadcrumbList\",\"@id\":\"https:\/\/cpih.ch\/de\/leistungen\/#breadcrumb\",\"itemListElement\":[{\"@type\":\"ListItem\",\"position\":1,\"name\":\"Accueil\",\"item\":\"https:\/\/cpih.ch\/de\/\"},{\"@type\":\"ListItem\",\"position\":2,\"name\":\"Leistungen\"}]},{\"@type\":\"WebSite\",\"@id\":\"https:\/\/cpih.ch\/#website\",\"url\":\"https:\/\/cpih.ch\/\",\"name\":\"Convention patronale\",\"description\":\"Un site\",\"potentialAction\":[{\"@type\":\"SearchAction\",\"target\":{\"@type\":\"EntryPoint\",\"urlTemplate\":\"https:\/\/cpih.ch\/?s={search_term_string}\"},\"query-input\":{\"@type\":\"PropertyValueSpecification\",\"valueRequired\":true,\"valueName\":\"search_term_string\"}}],\"inLanguage\":\"de\"}]}<\/script>\n<!-- \/ Yoast SEO plugin. -->","yoast_head_json":{"title":"Leistungen - Convention patronale","robots":{"index":"index","follow":"follow","max-snippet":"max-snippet:-1","max-image-preview":"max-image-preview:large","max-video-preview":"max-video-preview:-1"},"canonical":"https:\/\/cpih.ch\/de\/leistungen\/","og_locale":"de_DE","og_type":"article","og_title":"Leistungen - Convention patronale","og_description":"LeistungenDie Unternehmen, die der Branchenl\u00f6sung angegliedert sind, k\u00f6nnen kostenlos oder zu reduzierten Preisen von den folgenden Leistungen profitieren:Bereitstellung der Branchenl\u00f6sung und des dazu geh\u00f6renden HandbuchsBeratung, Ausk\u00fcnfte und Audits durch Spezialisten des GSA-DienstesBerichte und RisikoanalysenMessung von Parametern am Arbeitsplatz (L\u00e4rm, Hitze, Licht, Luft usw.)Grundlegende Schulung und WeiterbildungVernetzung mit externen Fachpersonen und BegleitungVermittler und Vertretung bei Durchf\u00fchrungsorganen [&hellip;]","og_url":"https:\/\/cpih.ch\/de\/leistungen\/","og_site_name":"Convention patronale","article_modified_time":"2023-05-10T07:18:58+00:00","twitter_card":"summary_large_image","schema":{"@context":"https:\/\/schema.org","@graph":[{"@type":"WebPage","@id":"https:\/\/cpih.ch\/de\/leistungen\/","url":"https:\/\/cpih.ch\/de\/leistungen\/","name":"Leistungen - Convention patronale","isPartOf":{"@id":"https:\/\/cpih.ch\/#website"},"datePublished":"2019-06-06T11:36:48+00:00","dateModified":"2023-05-10T07:18:58+00:00","breadcrumb":{"@id":"https:\/\/cpih.ch\/de\/leistungen\/#breadcrumb"},"inLanguage":"de","potentialAction":[{"@type":"ReadAction","target":["https:\/\/cpih.ch\/de\/leistungen\/"]}]},{"@type":"BreadcrumbList","@id":"https:\/\/cpih.ch\/de\/leistungen\/#breadcrumb","itemListElement":[{"@type":"ListItem","position":1,"name":"Accueil","item":"https:\/\/cpih.ch\/de\/"},{"@type":"ListItem","position":2,"name":"Leistungen"}]},{"@type":"WebSite","@id":"https:\/\/cpih.ch\/#website","url":"https:\/\/cpih.ch\/","name":"Convention patronale","description":"Un site","potentialAction":[{"@type":"SearchAction","target":{"@type":"EntryPoint","urlTemplate":"https:\/\/cpih.ch\/?s={search_term_string}"},"query-input":{"@type":"PropertyValueSpecification","valueRequired":true,"valueName":"search_term_string"}}],"inLanguage":"de"}]}},"_links":{"self":[{"href":"https:\/\/cpih.ch\/de\/wp-json\/wp\/v2\/pages\/2168","targetHints":{"allow":["GET"]}}],"collection":[{"href":"https:\/\/cpih.ch\/de\/wp-json\/wp\/v2\/pages"}],"about":[{"href":"https:\/\/cpih.ch\/de\/wp-json\/wp\/v2\/types\/page"}],"author":[{"embeddable":true,"href":"https:\/\/cpih.ch\/de\/wp-json\/wp\/v2\/users\/1"}],"replies":[{"embeddable":true,"href":"https:\/\/cpih.ch\/de\/wp-json\/wp\/v2\/comments?post=2168"}],"version-history":[{"count":8,"href":"https:\/\/cpih.ch\/de\/wp-json\/wp\/v2\/pages\/2168\/revisions"}],"predecessor-version":[{"id":6485,"href":"https:\/\/cpih.ch\/de\/wp-json\/wp\/v2\/pages\/2168\/revisions\/6485"}],"wp:attachment":[{"href":"https:\/\/cpih.ch\/de\/wp-json\/wp\/v2\/media?parent=2168"}],"curies":[{"name":"wp","href":"https:\/\/api.w.org\/{rel}","templated":true}]}}