{"id":2162,"date":"2019-06-06T08:57:58","date_gmt":"2019-06-06T06:57:58","guid":{"rendered":"https:\/\/cpih.ch\/obligations-legales\/"},"modified":"2025-07-11T08:44:50","modified_gmt":"2025-07-11T06:44:50","slug":"gesetzliche-verpflichtungen","status":"publish","type":"page","link":"https:\/\/cpih.ch\/de\/gesetzliche-verpflichtungen\/","title":{"rendered":"Gesetzliche Verpflichtungen"},"content":{"rendered":"<div class=\"vce-row-container\" data-vce-boxed-width=\"true\"><div class=\"vce-row vce-row--col-gap-30 sst-area container-gap-both-2 in-top-spacing-medium bg-light-grey vce-row-content--top\" id=\"el-489c386f\" data-vce-do-apply=\"all el-489c386f\"><div class=\"vce-row-content\" data-vce-element-content=\"true\"><div class=\"vce-col vce-col--md-auto vce-col--xs-1 vce-col--xs-last vce-col--xs-first vce-col--sm-last vce-col--sm-first vce-col--md-last vce-col--lg-last vce-col--xl-last vce-col--md-first vce-col--lg-first vce-col--xl-first\" id=\"el-18c45736\"><div class=\"vce-col-inner\" data-vce-do-apply=\"border margin background  el-18c45736\"><div class=\"vce-col-content\" data-vce-element-content=\"true\" data-vce-do-apply=\"padding el-18c45736\"><div class=\"vce-text-block\"><div class=\"vce-text-block-wrapper vce\" id=\"el-1eab75ab\" data-vce-do-apply=\"all el-1eab75ab\"><h1>Gesetzliche <span class=\"txt-highlight\">Verpflichtungen<\/span><\/h1><\/div><\/div><\/div><\/div><\/div><\/div><\/div><\/div><div class=\"vce-row-container\" data-vce-boxed-width=\"true\"><div class=\"vce-row vce-row--col-gap-0 container-gap-both-2 in-v-spacing-large bg-light-grey vce-row-content--top\" id=\"el-47b4edbf\" data-vce-do-apply=\"all el-47b4edbf\"><div class=\"vce-row-content\" data-vce-element-content=\"true\"><div class=\"vce-col vce-col--xs-100p vce-col--xs-visible vce-col--xs-last vce-col--xs-first vce-col--sm-100p vce-col--sm-visible vce-col--sm-last vce-col--sm-first vce-col--md-100p vce-col--md-visible vce-col--md-last vce-col--md-first vce-col--lg-100p vce-col--lg-visible vce-col--lg-last vce-col--lg-first vce-col--xl-auto vce-col--xl-visible vce-col--xl-first\" id=\"el-a8d6bdb4\"><div class=\"vce-col-inner\" data-vce-do-apply=\"border margin background  el-a8d6bdb4\"><div class=\"vce-col-content\" data-vce-element-content=\"true\" data-vce-do-apply=\"padding el-a8d6bdb4\"><div class=\"vce-text-block small-content\"><div class=\"vce-text-block-wrapper vce\" id=\"el-6ccf52b4\" data-vce-do-apply=\"all el-6ccf52b4\"><p><span style=\"font-weight: 400;\">Die Richtlinie \u00fcber den Beizug von Arbeits\u00e4rzten und anderen Spezialisten der Arbeitssicherheit (EKAS-Richtlinie 6508 bzw. ASA-Richtlinie) regelt die rechtliche Verpflichtung der Unternehmen, gem\u00e4ss den Bestimmungen des UVG (Bundesgesetz \u00fcber die Unfallversicherung) und der VUV (Verordnung \u00fcber die Verh\u00fctung von Unf\u00e4llen und Berufskrankheiten) die Dienste von \u00c4rzten und anderen Spezialisten des Betriebsgesundheitswesens in Anspruch zu nehmen.<\/span><\/p><p>&nbsp;<\/p><p><span style=\"font-weight: 400;\">Konkret bedeutet dies, dass alle Arbeitgeber die Pflicht haben, die in ihrem Unternehmen auftretenden Gefahren f\u00fcr die Gesundheit und Sicherheit ihrer Arbeitnehmerinnen und Arbeitnehmer zu ermitteln und die erforderlichen Schutzmassnahmen und Anordnungen nach den anerkannten Regeln der Technik zu treffen.<\/span><\/p><p><span style=\"font-weight: 400;\">Die Richtlinie ist seit dem 1. Januar 2000 in Kraft.<\/span><\/p><\/div><\/div><\/div><\/div><\/div><div class=\"vce-col vce-col--xs-100p vce-col--xs-visible vce-col--xs-last vce-col--xs-first vce-col--sm-100p vce-col--sm-visible vce-col--sm-last vce-col--sm-first vce-col--md-100p vce-col--md-visible vce-col--md-last vce-col--md-first vce-col--lg-100p vce-col--lg-visible vce-col--lg-last vce-col--lg-first vce-col--xl-auto vce-col--xl-visible vce-col--xl-last\" id=\"el-92d04c37\"><div class=\"vce-col-inner\" data-vce-do-apply=\"border margin background  el-92d04c37\"><div class=\"vce-col-content\" data-vce-element-content=\"true\" data-vce-do-apply=\"padding el-92d04c37\"><div class=\"vce-widgets-container\"><div class=\"vce vce-widgets-wrapper\" id=\"el-4fc8dd62\" data-vce-do-apply=\"all el-4fc8dd62\">\r\n\t\t\t<a class=\"link-box padding-default\" href=\"https:\/\/www.ekas.admin.ch\/de\/dokumente\/detail\/richtlinie-ueber-den-beizug-von-arbeitsaerzten-und-anderen-spezialisten-der-arbeitssicherheit-asa-richtlinie\" target=\"_blank\" rel=\"noopener noreferer\">\r\n\r\n\t\t\t\t<div class=\"content\">\r\n\t\t\t\t\t\r\n\t\t\t\t\t\t\t\t\t\t<h3>EKAS-Richtlinie 6508 (ASA-Richtlinie)<\/h3>\r\n\t\t\t\t\t\r\n\t\t\t\t\t\t\t\t\t\t<p>Dokument herunterladen<\/p>\r\n\t\t\t\t\t\t\t\t\t<\/div>\r\n\r\n\t\t\t\t\r\n\t\t\t\t\t<span class=\"link-box-button button\">\r\n\t\t\t\t\t\t<span class=\"icon-document\"><\/span>\r\n\t\t\t\t\t<\/span>\r\n\r\n\t\t\t\t\t\t\t\t\t\t<span class=\"link-box-button-help-txt\">PDF<\/span>\r\n\t\t\t\t\t\r\n\t\t\t\t\t\t\t\t\t\t<span class=\"link-box-button-hover-txt\">PDF ansehen<\/span>\r\n\t\t\t\t\t\r\n\t\t\t\t\t\t\t<\/a>\r\n\t\t<\/div><\/div><\/div><\/div><\/div><\/div><\/div><\/div><div class=\"vce-row-container\" data-vce-boxed-width=\"true\"><div class=\"vce-row vce-row--col-gap-30 sst-area img-txt-shadow-left vertical-center no-margin-negative vce-row-content--top\" id=\"el-a2e0339e\" data-vce-do-apply=\"all el-a2e0339e\"><div class=\"vce-row-content\" data-vce-element-content=\"true\"><div class=\"vce-col vce-col--xs-100p vce-col--xs-visible vce-col--xs-last vce-col--xs-first vce-col--sm-100p vce-col--sm-visible vce-col--sm-last vce-col--sm-first vce-col--md-100p vce-col--md-visible vce-col--md-last vce-col--md-first vce-col--lg-100p vce-col--lg-visible vce-col--lg-last vce-col--lg-first vce-col--xl-auto vce-col--xl-visible vce-col--xl-first\" id=\"el-a5dcbaeb\"><div class=\"vce-col-inner\" data-vce-do-apply=\"border margin background  el-a5dcbaeb\"><div class=\"vce-col-content\" data-vce-element-content=\"true\" data-vce-do-apply=\"padding el-a5dcbaeb\"><div class=\"vce-text-block out-top-spacing-huge out-bottom-spacing-large gap-left-3\"><div class=\"vce-text-block-wrapper vce\" id=\"el-9c9a72b9\" data-vce-do-apply=\"all el-9c9a72b9\"><h2><b>Wer ist der ASA-Richtlinie unterstellt? <\/b><\/h2><\/div><\/div><div class=\"vce-widgets-container\"><div class=\"vce vce-widgets-wrapper\" id=\"el-13822fbf\" data-vce-do-apply=\"all el-13822fbf\"><div class=\"shadow-link-box\">\r\n\t\t\t<a class=\"link-box padding-big\">\r\n\r\n\t\t\t\t<div class=\"content\">\r\n\t\t\t\t\t\r\n\t\t\t\t\t\r\n\t\t\t\t\t\t\t\t\t\t<p>Alle Unternehmen, die Mitarbeitende besch\u00e4ftigen, sind der Richtlinie \u00fcber den Beizug von Arbeits\u00e4rzten und anderen Spezialisten der Arbeitssicherheit (ASA-Richtlinie) unterstellt. Die Anforderungen unterscheiden sich jedoch nach Gr\u00f6sse des Betriebs und abh\u00e4ngig davon, ob besondere Gef\u00e4hrdungen vorliegen oder nicht. Die Definition der verschiedenen Kategorien von Betrieben ebenso wie die Liste der besonderen Gef\u00e4hrdungen sind in der Richtlinie zu finden.<\/p>\r\n\t\t\t\t\t\t\t\t\t<\/div>\r\n\r\n\t\t\t\t\t\t\t<\/a>\r\n\t\t<\/div><\/div><\/div><\/div><\/div><\/div><div class=\"vce-col vce-col--xs-100p vce-col--xs-visible vce-col--xs-last vce-col--xs-first vce-col--sm-100p vce-col--sm-visible vce-col--sm-last vce-col--sm-first vce-col--md-100p vce-col--md-visible vce-col--md-last vce-col--md-first vce-col--lg-100p vce-col--lg-visible vce-col--lg-last vce-col--lg-first vce-col--xl-auto vce-col--xl-visible vce-col--xl-last\" id=\"el-62b64904\"><div class=\"vce-col-inner\" data-vce-do-apply=\"border margin background  el-62b64904\"><div class=\"vce-col-content\" data-vce-element-content=\"true\" data-vce-do-apply=\"padding el-62b64904\"><div class=\"vce-single-image-container vce-single-image--align-left\"><div class=\"vce vce-single-image-wrapper\" id=\"el-9b99c7c2\" data-vce-do-apply=\"all el-9b99c7c2\"><figure><div class=\"vce-single-image-figure-inner\" style=\"width: 1231px;\"><div class=\"vce-single-image-inner vce-single-image--absolute\" style=\"width: 100%; padding-bottom: 66.6937%;\"><img loading=\"lazy\" decoding=\"async\" class=\"vce-single-image\"  width=\"1231\" height=\"821\" srcset=\"https:\/\/cpih.ch\/wp-content\/uploads\/sst-obligation-320x213.jpg 320w, https:\/\/cpih.ch\/wp-content\/uploads\/sst-obligation-480x320.jpg 480w, https:\/\/cpih.ch\/wp-content\/uploads\/sst-obligation-800x534.jpg 800w, https:\/\/cpih.ch\/wp-content\/uploads\/sst-obligation-1231x821.jpg 1231w\" src=\"https:\/\/cpih.ch\/wp-content\/uploads\/sst-obligation-1231x821.jpg\" data-img-src=\"https:\/\/cpih.ch\/wp-content\/uploads\/sst-obligation.jpg\" data-attachment-id=\"1448\"  alt=\"\" title=\"sst-obligation\" \/><\/div><\/div><figcaption hidden=\"\"><\/figcaption><\/figure><\/div><\/div><\/div><\/div><\/div><\/div><\/div><\/div><div class=\"vce-row-container\" data-vce-boxed-width=\"true\"><div class=\"vce-row vce-row--col-gap-30 highlight-box out-top-spacing-huge vce-row-content--top\" id=\"el-e899d10c\" data-vce-do-apply=\"all el-e899d10c\"><div class=\"vce-row-content\" data-vce-element-content=\"true\"><div class=\"vce-col vce-col--xs-100p vce-col--xs-visible vce-col--xs-last vce-col--xs-first vce-col--sm-100p vce-col--sm-visible vce-col--sm-last vce-col--sm-first vce-col--md-auto vce-col--md-visible vce-col--md-last vce-col--md-first vce-col--lg-auto vce-col--lg-visible vce-col--lg-last vce-col--lg-first vce-col--xl-auto vce-col--xl-visible vce-col--xl-last vce-col--xl-first\" id=\"el-80bb6541\"><div class=\"vce-col-inner\" data-vce-do-apply=\"border margin background  el-80bb6541\"><div class=\"vce-col-content\" data-vce-element-content=\"true\" data-vce-do-apply=\"padding el-80bb6541\"><div class=\"vce-text-block after-link\"><div class=\"vce-text-block-wrapper vce\" id=\"el-6541dfa4\" data-vce-do-apply=\"all el-6541dfa4\"><\/div><\/div><\/div><\/div><\/div><\/div><\/div><\/div><div class=\"vce-row-container\" data-vce-boxed-width=\"true\"><div class=\"vce-row vce-row--col-gap-30 sst-area container-gap-both-2 vce-row-content--top\" id=\"el-7ffdeb7b\" data-vce-do-apply=\"all el-7ffdeb7b\"><div class=\"vce-row-content\" data-vce-element-content=\"true\"><div class=\"vce-col vce-col--xs-100p vce-col--xs-visible vce-col--xs-last vce-col--xs-first vce-col--sm-100p vce-col--sm-visible vce-col--sm-last vce-col--sm-first vce-col--md-100p vce-col--md-visible vce-col--md-last vce-col--md-first vce-col--lg-100p vce-col--lg-visible vce-col--lg-last vce-col--lg-first vce-col--xl-auto vce-col--xl-visible vce-col--xl-first\" id=\"el-07bd825c\"><div class=\"vce-col-inner\" data-vce-do-apply=\"border margin background  el-07bd825c\"><div class=\"vce-col-content\" data-vce-element-content=\"true\" data-vce-do-apply=\"padding el-07bd825c\"><div class=\"vce-single-image-container vce-single-image--align-left\"><div class=\"vce vce-single-image-wrapper\" id=\"el-6d8d138a\" data-vce-do-apply=\"all el-6d8d138a\"><figure><div class=\"vce-single-image-figure-inner\" style=\"width: 1024px;\"><div class=\"vce-single-image-inner vce-single-image--absolute\" style=\"width: 100%; padding-bottom: 59.668%;\"><img loading=\"lazy\" decoding=\"async\" class=\"vce-single-image\"  width=\"1024\" height=\"611\" srcset=\"https:\/\/cpih.ch\/wp-content\/uploads\/sst-obligation-2-1024x612.jpg 1024w, https:\/\/cpih.ch\/wp-content\/uploads\/sst-obligation-2-320x191.jpg 320w, https:\/\/cpih.ch\/wp-content\/uploads\/sst-obligation-2-480x286.jpg 480w, https:\/\/cpih.ch\/wp-content\/uploads\/sst-obligation-2-800x477.jpg 800w\" src=\"https:\/\/cpih.ch\/wp-content\/uploads\/sst-obligation-2-1024x612.jpg\" data-img-src=\"https:\/\/cpih.ch\/wp-content\/uploads\/sst-obligation-2.jpg\" data-attachment-id=\"1454\"  alt=\"\" title=\"sst-obligation-2\" \/><\/div><\/div><figcaption hidden=\"\"><\/figcaption><\/figure><\/div><\/div><\/div><\/div><\/div><div class=\"vce-col vce-col--xs-100p vce-col--xs-visible vce-col--xs-last vce-col--xs-first vce-col--sm-100p vce-col--sm-visible vce-col--sm-last vce-col--sm-first vce-col--md-100p vce-col--md-visible vce-col--md-last vce-col--md-first vce-col--lg-100p vce-col--lg-visible vce-col--lg-last vce-col--lg-first vce-col--xl-auto vce-col--xl-visible vce-col--xl-last\" id=\"el-b5bc1dd2\"><div class=\"vce-col-inner\" data-vce-do-apply=\"border margin background  el-b5bc1dd2\"><div class=\"vce-col-content\" data-vce-element-content=\"true\" data-vce-do-apply=\"padding el-b5bc1dd2\"><div class=\"vce-text-block small-content\"><div class=\"vce-text-block-wrapper vce\" id=\"el-1002c86e\" data-vce-do-apply=\"all el-1002c86e\"><h2><b>Die Branchenl\u00f6sung<\/b><\/h2><\/div><\/div><div class=\"vce-text-block small-content\"><div class=\"vce-text-block-wrapper vce\" id=\"el-b045e16b\" data-vce-do-apply=\"all el-b045e16b\"><p><span style=\"font-weight: 400;\">Um diese rechtlichen Verpflichtungen zu erf\u00fcllen, hat der Arbeitgeberverband eine Branchenl\u00f6sung f\u00fcr die Uhren- und mikrotechnische Industrie erarbeitet, die von der Eidgen\u00f6ssischen Koordinationskommission f\u00fcr Arbeitssicherheit (EKAS) unter der Nummer 28 genehmigt worden ist.<\/span><\/p><p><span style=\"font-weight: 400;\">Unternehmen, die dem GAV unterstellt sind, k\u00f6nnen die Branchenl\u00f6sung und ihre Leistungen nutzen. Es steht aber auch allen anderen Unternehmen der Branche frei, sich dieser L\u00f6sung anzugliedern.<\/span><\/p><\/div><\/div><div class=\"vce-widgets-container\"><div class=\"vce vce-widgets-wrapper\" id=\"el-fa12f271\" data-vce-do-apply=\"all el-fa12f271\">\r\n\t\t\t<a class=\"link-box padding-default\" href=\"\/de\/branchenloesung\/\">\r\n\r\n\t\t\t\t<div class=\"content\">\r\n\t\t\t\t\t\r\n\t\t\t\t\t\t\t\t\t\t<h3>Branchenl\u00f6sung<\/h3>\r\n\t\t\t\t\t\r\n\t\t\t\t\t\t\t\t\t<\/div>\r\n\r\n\t\t\t\t\r\n\t\t\t\t\t<span class=\"link-box-button button\">\r\n\t\t\t\t\t\t<span class=\"icon-arrow\"><\/span>\r\n\t\t\t\t\t<\/span>\r\n\r\n\t\t\t\t\t\r\n\t\t\t\t\t\t\t\t\t\t<span class=\"link-box-button-hover-txt\">Mehr erfahren<\/span>\r\n\t\t\t\t\t\r\n\t\t\t\t\t\t\t<\/a>\r\n\t\t<\/div><\/div><\/div><\/div><\/div><\/div><\/div><\/div><div class=\"vce-row-container\" data-vce-boxed-width=\"true\"><div class=\"vce-row vce-row--col-gap-30 vce-row-content--top\" id=\"el-37d000e2\" data-vce-do-apply=\"all el-37d000e2\"><div class=\"vce-row-content\" data-vce-element-content=\"true\"><div class=\"vce-col vce-col--md-auto vce-col--xs-1 vce-col--xs-last vce-col--xs-first vce-col--sm-last vce-col--sm-first vce-col--md-last vce-col--lg-last vce-col--xl-last vce-col--md-first vce-col--lg-first vce-col--xl-first\" id=\"el-a65be9ac\"><div class=\"vce-col-inner\" data-vce-do-apply=\"border margin background  el-a65be9ac\"><div class=\"vce-col-content\" data-vce-element-content=\"true\" data-vce-do-apply=\"padding el-a65be9ac\"><div class=\"vce-widgets-container\"><div class=\"vce vce-widgets-wrapper\" id=\"el-aa045aea\" data-vce-do-apply=\"all el-aa045aea\"><\/div><\/div><\/div><\/div><\/div><\/div><\/div><\/div>\n","protected":false},"excerpt":{"rendered":"<p>Gesetzliche VerpflichtungenDie Richtlinie \u00fcber den Beizug von Arbeits\u00e4rzten und anderen Spezialisten der Arbeitssicherheit (EKAS-Richtlinie 6508 bzw. ASA-Richtlinie) regelt die rechtliche Verpflichtung der Unternehmen, gem\u00e4ss den Bestimmungen des UVG (Bundesgesetz \u00fcber die Unfallversicherung) und der VUV (Verordnung \u00fcber die Verh\u00fctung von Unf\u00e4llen und Berufskrankheiten) die Dienste von \u00c4rzten und anderen Spezialisten des Betriebsgesundheitswesens in Anspruch zu [&hellip;]<\/p>\n","protected":false},"author":1,"featured_media":0,"parent":0,"menu_order":0,"comment_status":"closed","ping_status":"closed","template":"templates\/template-page.php","meta":{"_acf_changed":false,"_monsterinsights_skip_tracking":false,"_monsterinsights_sitenote_active":false,"_monsterinsights_sitenote_note":"","_monsterinsights_sitenote_category":0,"footnotes":""},"class_list":["post-2162","page","type-page","status-publish","hentry"],"acf":[],"yoast_head":"<!-- This site is optimized with the Yoast SEO plugin v27.0 - https:\/\/yoast.com\/product\/yoast-seo-wordpress\/ -->\n<title>Gesetzliche Verpflichtungen - Convention patronale<\/title>\n<meta name=\"robots\" content=\"index, follow, max-snippet:-1, max-image-preview:large, max-video-preview:-1\" \/>\n<link rel=\"canonical\" href=\"https:\/\/cpih.ch\/de\/gesetzliche-verpflichtungen\/\" \/>\n<meta property=\"og:locale\" content=\"de_DE\" \/>\n<meta property=\"og:type\" content=\"article\" \/>\n<meta property=\"og:title\" content=\"Gesetzliche Verpflichtungen - Convention patronale\" \/>\n<meta property=\"og:description\" content=\"Gesetzliche VerpflichtungenDie Richtlinie \u00fcber den Beizug von Arbeits\u00e4rzten und anderen Spezialisten der Arbeitssicherheit (EKAS-Richtlinie 6508 bzw. ASA-Richtlinie) regelt die rechtliche Verpflichtung der Unternehmen, gem\u00e4ss den Bestimmungen des UVG (Bundesgesetz \u00fcber die Unfallversicherung) und der VUV (Verordnung \u00fcber die Verh\u00fctung von Unf\u00e4llen und Berufskrankheiten) die Dienste von \u00c4rzten und anderen Spezialisten des Betriebsgesundheitswesens in Anspruch zu [&hellip;]\" \/>\n<meta property=\"og:url\" content=\"https:\/\/cpih.ch\/de\/gesetzliche-verpflichtungen\/\" \/>\n<meta property=\"og:site_name\" content=\"Convention patronale\" \/>\n<meta property=\"article:modified_time\" content=\"2025-07-11T06:44:50+00:00\" \/>\n<meta name=\"twitter:card\" content=\"summary_large_image\" \/>\n<meta name=\"twitter:label1\" content=\"Gesch\u00e4tzte Lesezeit\" \/>\n\t<meta name=\"twitter:data1\" content=\"3\u00a0Minuten\" \/>\n<script type=\"application\/ld+json\" class=\"yoast-schema-graph\">{\"@context\":\"https:\/\/schema.org\",\"@graph\":[{\"@type\":\"WebPage\",\"@id\":\"https:\/\/cpih.ch\/de\/gesetzliche-verpflichtungen\/\",\"url\":\"https:\/\/cpih.ch\/de\/gesetzliche-verpflichtungen\/\",\"name\":\"Gesetzliche Verpflichtungen - Convention patronale\",\"isPartOf\":{\"@id\":\"https:\/\/cpih.ch\/#website\"},\"datePublished\":\"2019-06-06T06:57:58+00:00\",\"dateModified\":\"2025-07-11T06:44:50+00:00\",\"breadcrumb\":{\"@id\":\"https:\/\/cpih.ch\/de\/gesetzliche-verpflichtungen\/#breadcrumb\"},\"inLanguage\":\"de\",\"potentialAction\":[{\"@type\":\"ReadAction\",\"target\":[\"https:\/\/cpih.ch\/de\/gesetzliche-verpflichtungen\/\"]}]},{\"@type\":\"BreadcrumbList\",\"@id\":\"https:\/\/cpih.ch\/de\/gesetzliche-verpflichtungen\/#breadcrumb\",\"itemListElement\":[{\"@type\":\"ListItem\",\"position\":1,\"name\":\"Accueil\",\"item\":\"https:\/\/cpih.ch\/de\/\"},{\"@type\":\"ListItem\",\"position\":2,\"name\":\"Gesetzliche Verpflichtungen\"}]},{\"@type\":\"WebSite\",\"@id\":\"https:\/\/cpih.ch\/#website\",\"url\":\"https:\/\/cpih.ch\/\",\"name\":\"Convention patronale\",\"description\":\"Un site\",\"potentialAction\":[{\"@type\":\"SearchAction\",\"target\":{\"@type\":\"EntryPoint\",\"urlTemplate\":\"https:\/\/cpih.ch\/?s={search_term_string}\"},\"query-input\":{\"@type\":\"PropertyValueSpecification\",\"valueRequired\":true,\"valueName\":\"search_term_string\"}}],\"inLanguage\":\"de\"}]}<\/script>\n<!-- \/ Yoast SEO plugin. -->","yoast_head_json":{"title":"Gesetzliche Verpflichtungen - Convention patronale","robots":{"index":"index","follow":"follow","max-snippet":"max-snippet:-1","max-image-preview":"max-image-preview:large","max-video-preview":"max-video-preview:-1"},"canonical":"https:\/\/cpih.ch\/de\/gesetzliche-verpflichtungen\/","og_locale":"de_DE","og_type":"article","og_title":"Gesetzliche Verpflichtungen - Convention patronale","og_description":"Gesetzliche VerpflichtungenDie Richtlinie \u00fcber den Beizug von Arbeits\u00e4rzten und anderen Spezialisten der Arbeitssicherheit (EKAS-Richtlinie 6508 bzw. ASA-Richtlinie) regelt die rechtliche Verpflichtung der Unternehmen, gem\u00e4ss den Bestimmungen des UVG (Bundesgesetz \u00fcber die Unfallversicherung) und der VUV (Verordnung \u00fcber die Verh\u00fctung von Unf\u00e4llen und Berufskrankheiten) die Dienste von \u00c4rzten und anderen Spezialisten des Betriebsgesundheitswesens in Anspruch zu [&hellip;]","og_url":"https:\/\/cpih.ch\/de\/gesetzliche-verpflichtungen\/","og_site_name":"Convention patronale","article_modified_time":"2025-07-11T06:44:50+00:00","twitter_card":"summary_large_image","twitter_misc":{"Gesch\u00e4tzte Lesezeit":"3\u00a0Minuten"},"schema":{"@context":"https:\/\/schema.org","@graph":[{"@type":"WebPage","@id":"https:\/\/cpih.ch\/de\/gesetzliche-verpflichtungen\/","url":"https:\/\/cpih.ch\/de\/gesetzliche-verpflichtungen\/","name":"Gesetzliche Verpflichtungen - Convention patronale","isPartOf":{"@id":"https:\/\/cpih.ch\/#website"},"datePublished":"2019-06-06T06:57:58+00:00","dateModified":"2025-07-11T06:44:50+00:00","breadcrumb":{"@id":"https:\/\/cpih.ch\/de\/gesetzliche-verpflichtungen\/#breadcrumb"},"inLanguage":"de","potentialAction":[{"@type":"ReadAction","target":["https:\/\/cpih.ch\/de\/gesetzliche-verpflichtungen\/"]}]},{"@type":"BreadcrumbList","@id":"https:\/\/cpih.ch\/de\/gesetzliche-verpflichtungen\/#breadcrumb","itemListElement":[{"@type":"ListItem","position":1,"name":"Accueil","item":"https:\/\/cpih.ch\/de\/"},{"@type":"ListItem","position":2,"name":"Gesetzliche Verpflichtungen"}]},{"@type":"WebSite","@id":"https:\/\/cpih.ch\/#website","url":"https:\/\/cpih.ch\/","name":"Convention patronale","description":"Un site","potentialAction":[{"@type":"SearchAction","target":{"@type":"EntryPoint","urlTemplate":"https:\/\/cpih.ch\/?s={search_term_string}"},"query-input":{"@type":"PropertyValueSpecification","valueRequired":true,"valueName":"search_term_string"}}],"inLanguage":"de"}]}},"_links":{"self":[{"href":"https:\/\/cpih.ch\/de\/wp-json\/wp\/v2\/pages\/2162","targetHints":{"allow":["GET"]}}],"collection":[{"href":"https:\/\/cpih.ch\/de\/wp-json\/wp\/v2\/pages"}],"about":[{"href":"https:\/\/cpih.ch\/de\/wp-json\/wp\/v2\/types\/page"}],"author":[{"embeddable":true,"href":"https:\/\/cpih.ch\/de\/wp-json\/wp\/v2\/users\/1"}],"replies":[{"embeddable":true,"href":"https:\/\/cpih.ch\/de\/wp-json\/wp\/v2\/comments?post=2162"}],"version-history":[{"count":9,"href":"https:\/\/cpih.ch\/de\/wp-json\/wp\/v2\/pages\/2162\/revisions"}],"predecessor-version":[{"id":17714,"href":"https:\/\/cpih.ch\/de\/wp-json\/wp\/v2\/pages\/2162\/revisions\/17714"}],"wp:attachment":[{"href":"https:\/\/cpih.ch\/de\/wp-json\/wp\/v2\/media?parent=2162"}],"curies":[{"name":"wp","href":"https:\/\/api.w.org\/{rel}","templated":true}]}}