{"id":2159,"date":"2019-07-17T11:48:18","date_gmt":"2019-07-17T09:48:18","guid":{"rendered":"https:\/\/cpih.ch\/enquetes\/"},"modified":"2022-11-18T15:53:57","modified_gmt":"2022-11-18T14:53:57","slug":"erhebungen","status":"publish","type":"page","link":"https:\/\/cpih.ch\/de\/erhebungen\/","title":{"rendered":"Erhebungen"},"content":{"rendered":"<div class=\"vce-row-container\" data-vce-boxed-width=\"true\"><div class=\"vce-row vce-row--col-gap-0 fp-area container-gap-both-2  bg-light-grey vce-row-content--top\" id=\"el-47b4edbf\" data-vce-do-apply=\"all el-47b4edbf\"><div class=\"vce-row-content\" data-vce-element-content=\"true\"><div class=\"vce-col vce-col--xs-100p vce-col--xs-visible vce-col--xs-last vce-col--xs-first vce-col--sm-100p vce-col--sm-visible vce-col--sm-last vce-col--sm-first vce-col--md-100p vce-col--md-visible vce-col--md-last vce-col--md-first vce-col--lg-100p vce-col--lg-visible vce-col--lg-last vce-col--lg-first vce-col--xl-auto vce-col--xl-visible vce-col--xl-last vce-col--xl-first\" id=\"el-a8d6bdb4\"><div class=\"vce-col-inner\" data-vce-do-apply=\"border margin background  el-a8d6bdb4\"><div class=\"vce-col-content\" data-vce-element-content=\"true\" data-vce-do-apply=\"padding el-a8d6bdb4\"><div class=\"vce-text-block txt-large-size in-top-spacing-large three-quarter-content\"><div class=\"vce-text-block-wrapper vce\" id=\"el-6ccf52b4\" data-vce-do-apply=\"all el-6ccf52b4\"><h1><span class=\"txt-highlight\"><b>Erhebungen<\/b><\/span><\/h1><\/div><\/div><\/div><\/div><\/div><\/div><\/div><\/div><div class=\"vce-row-container\" data-vce-boxed-width=\"true\"><div class=\"vce-row vce-row--col-gap-30 in-bottom-spacing-huge  in-top-spacing-large container-gap-both-2 bg-light-grey vce-row-content--top\" id=\"el-f8fb0b0d\" data-vce-do-apply=\"all el-f8fb0b0d\"><div class=\"vce-row-content\" data-vce-element-content=\"true\"><div class=\"vce-col vce-col--xs-100p vce-col--xs-visible vce-col--xs-last vce-col--xs-first vce-col--sm-100p vce-col--sm-visible vce-col--sm-last vce-col--sm-first vce-col--md-100p vce-col--md-visible vce-col--md-last vce-col--md-first vce-col--lg-100p vce-col--lg-visible vce-col--lg-last vce-col--lg-first vce-col--xl-auto vce-col--xl-visible vce-col--xl-first\" id=\"el-9a5ca87b\"><div class=\"vce-col-inner\" data-vce-do-apply=\"border margin background  el-9a5ca87b\"><div class=\"vce-col-content\" data-vce-element-content=\"true\" data-vce-do-apply=\"padding el-9a5ca87b\"><div class=\"vce-text-block txt-large-size light-blue\"><div class=\"vce-text-block-wrapper vce\" id=\"el-c43eef14\" data-vce-do-apply=\"all el-c43eef14\"><p>Erhebung zum Personalbedarf in der Uhren- und mikrotechnischen Industrie 2022\u20132026<\/p><\/div><\/div><div class=\"vce-text-block\"><div class=\"vce-text-block-wrapper vce\" id=\"el-1dc12288\" data-vce-do-apply=\"all el-1dc12288\"><p><span style=\"font-weight: 400;\">Der Arbeitgeberverband hat im 2022 seine Erhebung bei den Unternehmen der Uhren- und mikrotechnischen Industrie durchgef\u00fchrt, um den Personalbedarf f\u00fcr die kommenden f\u00fcnf Jahre, als bis 2026, zu ermitteln und Massnahmen zur Weiterentwicklung der Berufe dieser Branche zu ergreifen.<\/span><\/p><\/div><\/div><\/div><\/div><\/div><div class=\"vce-col vce-col--xs-100p vce-col--xs-visible vce-col--xs-last vce-col--xs-first vce-col--sm-100p vce-col--sm-visible vce-col--sm-last vce-col--sm-first vce-col--md-100p vce-col--md-visible vce-col--md-last vce-col--md-first vce-col--lg-100p vce-col--lg-visible vce-col--lg-last vce-col--lg-first vce-col--xl-auto vce-col--xl-visible vce-col--xl-last\" id=\"el-5341315b\"><div class=\"vce-col-inner\" data-vce-do-apply=\"border margin background  el-5341315b\"><div class=\"vce-col-content\" data-vce-element-content=\"true\" data-vce-do-apply=\"padding el-5341315b\"><div class=\"vce-widgets-container\"><div class=\"vce vce-widgets-wrapper\" id=\"el-fd8e57f8\" data-vce-do-apply=\"all el-fd8e57f8\">\r\n\t\t\t<a class=\"link-box padding-default\" href=\"\/wp-content\/uploads\/Enquete-2021-2026.pdf\" target=\"_blank\" rel=\"noopener noreferer\">\r\n\r\n\t\t\t\t<div class=\"content\">\r\n\t\t\t\t\t\r\n\t\t\t\t\t\t\t\t\t\t<h3>Vollst\u00e4ndige Erhebung<\/h3>\r\n\t\t\t\t\t\r\n\t\t\t\t\t\t\t\t\t<\/div>\r\n\r\n\t\t\t\t\r\n\t\t\t\t\t<span class=\"link-box-button button\">\r\n\t\t\t\t\t\t<span class=\"icon-document\"><\/span>\r\n\t\t\t\t\t<\/span>\r\n\r\n\t\t\t\t\t\t\t\t\t\t<span class=\"link-box-button-help-txt\">PDF<\/span>\r\n\t\t\t\t\t\r\n\t\t\t\t\t\t\t\t\t\t<span class=\"link-box-button-hover-txt\">PDF ansehen<\/span>\r\n\t\t\t\t\t\r\n\t\t\t\t\t\t\t<\/a>\r\n\t\t<\/div><\/div><\/div><\/div><\/div><\/div><\/div><\/div>\n","protected":false},"excerpt":{"rendered":"<p>ErhebungenErhebung zum Personalbedarf in der Uhren- und mikrotechnischen Industrie 2022\u20132026Der Arbeitgeberverband hat im 2022 seine Erhebung bei den Unternehmen der Uhren- und mikrotechnischen Industrie durchgef\u00fchrt, um den Personalbedarf f\u00fcr die kommenden f\u00fcnf Jahre, als bis 2026, zu ermitteln und Massnahmen zur Weiterentwicklung der Berufe dieser Branche zu ergreifen.<\/p>\n","protected":false},"author":1,"featured_media":0,"parent":0,"menu_order":0,"comment_status":"closed","ping_status":"closed","template":"templates\/template-page.php","meta":{"_acf_changed":false,"_monsterinsights_skip_tracking":false,"_monsterinsights_sitenote_active":false,"_monsterinsights_sitenote_note":"","_monsterinsights_sitenote_category":0,"footnotes":""},"class_list":["post-2159","page","type-page","status-publish","hentry"],"acf":[],"yoast_head":"<!-- This site is optimized with the Yoast SEO plugin v27.0 - https:\/\/yoast.com\/product\/yoast-seo-wordpress\/ -->\n<title>Erhebungen - Convention patronale<\/title>\n<meta name=\"robots\" content=\"index, follow, max-snippet:-1, max-image-preview:large, max-video-preview:-1\" \/>\n<link rel=\"canonical\" href=\"https:\/\/cpih.ch\/de\/erhebungen\/\" \/>\n<meta property=\"og:locale\" content=\"de_DE\" \/>\n<meta property=\"og:type\" content=\"article\" \/>\n<meta property=\"og:title\" content=\"Erhebungen - Convention patronale\" \/>\n<meta property=\"og:description\" content=\"ErhebungenErhebung zum Personalbedarf in der Uhren- und mikrotechnischen Industrie 2022\u20132026Der Arbeitgeberverband hat im 2022 seine Erhebung bei den Unternehmen der Uhren- und mikrotechnischen Industrie durchgef\u00fchrt, um den Personalbedarf f\u00fcr die kommenden f\u00fcnf Jahre, als bis 2026, zu ermitteln und Massnahmen zur Weiterentwicklung der Berufe dieser Branche zu ergreifen.\" \/>\n<meta property=\"og:url\" content=\"https:\/\/cpih.ch\/de\/erhebungen\/\" \/>\n<meta property=\"og:site_name\" content=\"Convention patronale\" \/>\n<meta property=\"article:modified_time\" content=\"2022-11-18T14:53:57+00:00\" \/>\n<meta name=\"twitter:card\" content=\"summary_large_image\" \/>\n<meta name=\"twitter:label1\" content=\"Gesch\u00e4tzte Lesezeit\" \/>\n\t<meta name=\"twitter:data1\" content=\"1\u00a0Minute\" \/>\n<script type=\"application\/ld+json\" class=\"yoast-schema-graph\">{\"@context\":\"https:\/\/schema.org\",\"@graph\":[{\"@type\":\"WebPage\",\"@id\":\"https:\/\/cpih.ch\/de\/erhebungen\/\",\"url\":\"https:\/\/cpih.ch\/de\/erhebungen\/\",\"name\":\"Erhebungen - Convention patronale\",\"isPartOf\":{\"@id\":\"https:\/\/cpih.ch\/#website\"},\"datePublished\":\"2019-07-17T09:48:18+00:00\",\"dateModified\":\"2022-11-18T14:53:57+00:00\",\"breadcrumb\":{\"@id\":\"https:\/\/cpih.ch\/de\/erhebungen\/#breadcrumb\"},\"inLanguage\":\"de\",\"potentialAction\":[{\"@type\":\"ReadAction\",\"target\":[\"https:\/\/cpih.ch\/de\/erhebungen\/\"]}]},{\"@type\":\"BreadcrumbList\",\"@id\":\"https:\/\/cpih.ch\/de\/erhebungen\/#breadcrumb\",\"itemListElement\":[{\"@type\":\"ListItem\",\"position\":1,\"name\":\"Accueil\",\"item\":\"https:\/\/cpih.ch\/de\/\"},{\"@type\":\"ListItem\",\"position\":2,\"name\":\"Erhebungen\"}]},{\"@type\":\"WebSite\",\"@id\":\"https:\/\/cpih.ch\/#website\",\"url\":\"https:\/\/cpih.ch\/\",\"name\":\"Convention patronale\",\"description\":\"Un site\",\"potentialAction\":[{\"@type\":\"SearchAction\",\"target\":{\"@type\":\"EntryPoint\",\"urlTemplate\":\"https:\/\/cpih.ch\/?s={search_term_string}\"},\"query-input\":{\"@type\":\"PropertyValueSpecification\",\"valueRequired\":true,\"valueName\":\"search_term_string\"}}],\"inLanguage\":\"de\"}]}<\/script>\n<!-- \/ Yoast SEO plugin. -->","yoast_head_json":{"title":"Erhebungen - Convention patronale","robots":{"index":"index","follow":"follow","max-snippet":"max-snippet:-1","max-image-preview":"max-image-preview:large","max-video-preview":"max-video-preview:-1"},"canonical":"https:\/\/cpih.ch\/de\/erhebungen\/","og_locale":"de_DE","og_type":"article","og_title":"Erhebungen - Convention patronale","og_description":"ErhebungenErhebung zum Personalbedarf in der Uhren- und mikrotechnischen Industrie 2022\u20132026Der Arbeitgeberverband hat im 2022 seine Erhebung bei den Unternehmen der Uhren- und mikrotechnischen Industrie durchgef\u00fchrt, um den Personalbedarf f\u00fcr die kommenden f\u00fcnf Jahre, als bis 2026, zu ermitteln und Massnahmen zur Weiterentwicklung der Berufe dieser Branche zu ergreifen.","og_url":"https:\/\/cpih.ch\/de\/erhebungen\/","og_site_name":"Convention patronale","article_modified_time":"2022-11-18T14:53:57+00:00","twitter_card":"summary_large_image","twitter_misc":{"Gesch\u00e4tzte Lesezeit":"1\u00a0Minute"},"schema":{"@context":"https:\/\/schema.org","@graph":[{"@type":"WebPage","@id":"https:\/\/cpih.ch\/de\/erhebungen\/","url":"https:\/\/cpih.ch\/de\/erhebungen\/","name":"Erhebungen - Convention patronale","isPartOf":{"@id":"https:\/\/cpih.ch\/#website"},"datePublished":"2019-07-17T09:48:18+00:00","dateModified":"2022-11-18T14:53:57+00:00","breadcrumb":{"@id":"https:\/\/cpih.ch\/de\/erhebungen\/#breadcrumb"},"inLanguage":"de","potentialAction":[{"@type":"ReadAction","target":["https:\/\/cpih.ch\/de\/erhebungen\/"]}]},{"@type":"BreadcrumbList","@id":"https:\/\/cpih.ch\/de\/erhebungen\/#breadcrumb","itemListElement":[{"@type":"ListItem","position":1,"name":"Accueil","item":"https:\/\/cpih.ch\/de\/"},{"@type":"ListItem","position":2,"name":"Erhebungen"}]},{"@type":"WebSite","@id":"https:\/\/cpih.ch\/#website","url":"https:\/\/cpih.ch\/","name":"Convention patronale","description":"Un site","potentialAction":[{"@type":"SearchAction","target":{"@type":"EntryPoint","urlTemplate":"https:\/\/cpih.ch\/?s={search_term_string}"},"query-input":{"@type":"PropertyValueSpecification","valueRequired":true,"valueName":"search_term_string"}}],"inLanguage":"de"}]}},"_links":{"self":[{"href":"https:\/\/cpih.ch\/de\/wp-json\/wp\/v2\/pages\/2159","targetHints":{"allow":["GET"]}}],"collection":[{"href":"https:\/\/cpih.ch\/de\/wp-json\/wp\/v2\/pages"}],"about":[{"href":"https:\/\/cpih.ch\/de\/wp-json\/wp\/v2\/types\/page"}],"author":[{"embeddable":true,"href":"https:\/\/cpih.ch\/de\/wp-json\/wp\/v2\/users\/1"}],"replies":[{"embeddable":true,"href":"https:\/\/cpih.ch\/de\/wp-json\/wp\/v2\/comments?post=2159"}],"version-history":[{"count":3,"href":"https:\/\/cpih.ch\/de\/wp-json\/wp\/v2\/pages\/2159\/revisions"}],"predecessor-version":[{"id":5478,"href":"https:\/\/cpih.ch\/de\/wp-json\/wp\/v2\/pages\/2159\/revisions\/5478"}],"wp:attachment":[{"href":"https:\/\/cpih.ch\/de\/wp-json\/wp\/v2\/media?parent=2159"}],"curies":[{"name":"wp","href":"https:\/\/api.w.org\/{rel}","templated":true}]}}