{"id":2149,"date":"2019-07-17T10:52:39","date_gmt":"2019-07-17T08:52:39","guid":{"rendered":"https:\/\/cpih.ch\/formation-continue\/"},"modified":"2025-10-22T15:32:27","modified_gmt":"2025-10-22T13:32:27","slug":"weiterbildung","status":"publish","type":"page","link":"https:\/\/cpih.ch\/de\/weiterbildung\/","title":{"rendered":"Weiterbildung"},"content":{"rendered":"<div class=\"vce-row-container\" data-vce-boxed-width=\"true\"><div class=\"vce-row vce-row--col-gap-30 fp-area light-grey-area in-v-spacing-large vce-row-content--top\" id=\"el-10e5e8b2\" data-vce-do-apply=\"all el-10e5e8b2\"><div class=\"vce-row-content\" data-vce-element-content=\"true\"><div class=\"vce-col vce-col--md-auto vce-col--xs-1 vce-col--xs-last vce-col--xs-first vce-col--sm-last vce-col--sm-first vce-col--md-last vce-col--lg-last vce-col--xl-last vce-col--md-first vce-col--lg-first vce-col--xl-first\" id=\"el-84a8f3ef\"><div class=\"vce-col-inner\" data-vce-do-apply=\"border margin background  el-84a8f3ef\"><div class=\"vce-col-content\" data-vce-element-content=\"true\" data-vce-do-apply=\"padding el-84a8f3ef\"><div class=\"vce-row-container\" data-vce-boxed-width=\"true\"><div class=\"vce-row vce-row--col-gap-30 container-gap-both-2 vce-row-content--top\" id=\"el-ec6c3a2b\" data-vce-do-apply=\"all el-ec6c3a2b\"><div class=\"vce-row-content\" data-vce-element-content=\"true\"><div class=\"vce-col vce-col--md-auto vce-col--xs-1 vce-col--xs-last vce-col--xs-first vce-col--sm-last vce-col--sm-first vce-col--md-last vce-col--lg-last vce-col--xl-last vce-col--md-first vce-col--lg-first vce-col--xl-first\" id=\"el-6d2f12af\"><div class=\"vce-col-inner\" data-vce-do-apply=\"border margin background  el-6d2f12af\"><div class=\"vce-col-content\" data-vce-element-content=\"true\" data-vce-do-apply=\"padding el-6d2f12af\"><div class=\"vce-text-block\"><div class=\"vce-text-block-wrapper vce\" id=\"el-d1e1834a\" data-vce-do-apply=\"all el-d1e1834a\"><h1><b>Weiterbildung<\/b><\/h1><\/div><\/div><div class=\"vce-text-block out-top-spacing-huge  three-quarter-content txt-large-size light-blue\"><div class=\"vce-text-block-wrapper vce\" id=\"el-363328a7\" data-vce-do-apply=\"all el-363328a7\"><p>Der Arbeitgeberverband unterst\u00fctzt die berufliche Weiterentwicklung der Mitarbeiterinnen und Mitarbeiter der Uhren- und mikrotechnischen Unternehmen und bietet zusammen mit erfahrenen Ausbildnern und Ausbildnerinnen massgeschneiderte Weiterbildungen an.<\/p><\/div><\/div><\/div><\/div><\/div><\/div><\/div><\/div><\/div><\/div><\/div><\/div><\/div><\/div><div class=\"vce-row-container\" data-vce-boxed-width=\"true\"><div class=\"vce-row vce-row--col-gap-30 fp-area container-gap-both-2  out-top-spacing-huge gap-both-2 box-arrow vce-row-content--top\" id=\"el-7fc5d7be\" data-vce-do-apply=\"all el-7fc5d7be\"><div class=\"vce-row-content\" data-vce-element-content=\"true\"><div class=\"vce-col vce-col--xs-100p vce-col--xs-visible vce-col--xs-last vce-col--xs-first vce-col--sm-100p vce-col--sm-visible vce-col--sm-last vce-col--sm-first vce-col--md-100p vce-col--md-visible vce-col--md-last vce-col--md-first vce-col--lg-100p vce-col--lg-visible vce-col--lg-last vce-col--lg-first vce-col--xl-auto vce-col--xl-visible vce-col--xl-first\" id=\"el-7dfff69f\"><div class=\"vce-col-inner\" data-vce-do-apply=\"border margin background  el-7dfff69f\"><div class=\"vce-col-content\" data-vce-element-content=\"true\" data-vce-do-apply=\"padding el-7dfff69f\"><div class=\"vce-single-image-container vce-single-image--align-left\"><div class=\"vce vce-single-image-wrapper\" id=\"el-16407692\" data-vce-do-apply=\"all el-16407692\"><figure><div class=\"vce-single-image-figure-inner\" style=\"width: 835px;\"><div class=\"vce-single-image-inner vce-single-image--absolute\" style=\"width: 100%; padding-bottom: 122.635%;\"><img loading=\"lazy\" decoding=\"async\" class=\"vce-single-image\"  width=\"835\" height=\"1024\" srcset=\"https:\/\/cpih.ch\/wp-content\/uploads\/cp-form-modul-adul-320x392.jpg 320w, https:\/\/cpih.ch\/wp-content\/uploads\/cp-form-modul-adul-480x589.jpg 480w, https:\/\/cpih.ch\/wp-content\/uploads\/cp-form-modul-adul-800x981.jpg 800w, https:\/\/cpih.ch\/wp-content\/uploads\/cp-form-modul-adul-835x1024.jpg 835w\" src=\"https:\/\/cpih.ch\/wp-content\/uploads\/cp-form-modul-adul-835x1024.jpg\" data-img-src=\"https:\/\/cpih.ch\/wp-content\/uploads\/cp-form-modul-adul.jpg\" data-attachment-id=\"1230\"  alt=\"\" title=\"cp-form-modul-adul\" \/><\/div><\/div><figcaption hidden=\"\"><\/figcaption><\/figure><\/div><\/div><\/div><\/div><\/div><div class=\"vce-col vce-col--xs-100p vce-col--xs-visible vce-col--xs-last vce-col--xs-first vce-col--sm-100p vce-col--sm-visible vce-col--sm-last vce-col--sm-first vce-col--md-100p vce-col--md-visible vce-col--md-last vce-col--md-first vce-col--lg-100p vce-col--lg-visible vce-col--lg-last vce-col--lg-first vce-col--xl-auto vce-col--xl-visible vce-col--xl-last\" id=\"el-9844e84c\"><div class=\"vce-col-inner\" data-vce-do-apply=\"border margin background  el-9844e84c\"><div class=\"vce-col-content\" data-vce-element-content=\"true\" data-vce-do-apply=\"padding el-9844e84c\"><div class=\"vce-text-block\"><div class=\"vce-text-block-wrapper vce\" id=\"el-f74132e6\" data-vce-do-apply=\"all el-f74132e6\"><p><span style=\"font-weight: 400;\">Das Weiterbildungskonzept, das der Arbeitgeberverband anbietet, st\u00fctzt sich auf drei Etappen: <\/span><\/p><\/div><\/div><div class=\"vce-text-block\"><div class=\"vce-text-block-wrapper vce\" id=\"el-af00cbbc\" data-vce-do-apply=\"all el-af00cbbc\"><h3><strong>1. Gespr\u00e4ch zur Definition der Bed\u00fcrfnisse <\/strong><\/h3><h4><b>Ermittlung der Erwartungen des Mitarbeiters und seines Vorgesetzten <\/b><\/h4><p><span style=\"font-weight: 400;\">Erm\u00f6glicht eine individuelle Ber\u00fccksichtigung der Bed\u00fcrfnisse aller Beteiligten. Die Bed\u00fcrfnisse werden mit dem Mitarbeiter, dem direkten Vorgesetzten und dem Ausbildner ermittelt, damit die Weiterbildung alle Erwartungen erf\u00fcllt.<\/span><\/p><\/div><\/div><div class=\"vce-text-block icon-arrowup\"><div class=\"vce-text-block-wrapper vce\" id=\"el-7a2c2e2d\" data-vce-do-apply=\"all el-7a2c2e2d\"><h3><strong>2. Die eigentliche Weiterbildung<\/strong><\/h3><h4><b>Wechsel zwischen Ausbildungsbl\u00f6cken und praktischer Umsetzung am Arbeitsplatz <\/b><\/h4><p><span style=\"font-weight: 400;\">Die Weiterbildung wird ausgehend von den im Gespr\u00e4ch ermittelten Bed\u00fcrfnissen gestaltet und \u00fcber mehrere Wochen etappiert. Die Schwerpunkte werden somit gezielter gew\u00e4hlt und die Themen werden je nach Bedarf vertieft und zwischen den Ausbildungsbl\u00f6cken praktisch umgesetzt. <\/span><\/p><\/div><\/div><div class=\"vce-text-block icon-arrowup\"><div class=\"vce-text-block-wrapper vce\" id=\"el-cf94ab37\" data-vce-do-apply=\"all el-cf94ab37\"><h3><strong>3. Gespr\u00e4ch nach der Weiterbildung<\/strong><\/h3><h4><b>Beurteilung der Umsetzung der vermittelten Konzepte am Arbeitsplatz <\/b><\/h4><p><span style=\"font-weight: 400;\">Das Gespr\u00e4ch findet etwa 1 bis 2 Monate nach Abschluss der Weiterbildung statt und dient dazu, die Umsetzung der gelernten Konzepte am Arbeitsplatz zu beurteilen. Je nach Bedarf kann eine Vertiefung vorgesehen werden.<\/span><\/p><\/div><\/div><\/div><\/div><\/div><\/div><\/div><\/div><div class=\"vce-row-container\" data-vce-boxed-width=\"true\"><div class=\"vce-row vce-row--col-gap-30 out-top-spacing-medium fp-area container-gap-both-2  vce-row-content--top\" id=\"el-cab04b76\" data-vce-do-apply=\"all el-cab04b76\"><div class=\"vce-row-content\" data-vce-element-content=\"true\"><div class=\"vce-col vce-col--xs-100p vce-col--xs-visible vce-col--xs-last vce-col--xs-first vce-col--sm-100p vce-col--sm-visible vce-col--sm-last vce-col--sm-first vce-col--md-100p vce-col--md-visible vce-col--md-last vce-col--md-first vce-col--lg-100p vce-col--lg-visible vce-col--lg-last vce-col--lg-first vce-col--xl-auto vce-col--xl-visible vce-col--xl-first\" id=\"el-07248595\"><div class=\"vce-col-inner\" data-vce-do-apply=\"border margin background  el-07248595\"><div class=\"vce-col-content\" data-vce-element-content=\"true\" data-vce-do-apply=\"padding el-07248595\"><div class=\"vce-text-block\"><div class=\"vce-text-block-wrapper vce\" id=\"el-11f3b50a\" data-vce-do-apply=\"all el-11f3b50a\"><h2><span class=\"txt-highlight\">Management<\/span><\/h2><\/div><\/div><div class=\"vce-text-block text-box\"><div class=\"vce-text-block-wrapper vce\" id=\"el-58b4ad68\" data-vce-do-apply=\"all el-58b4ad68\"><h3><b>Mitarbeiterf\u00fchrung f\u00fcr Werkstattleiter und Manager<\/b><\/h3><p><em><span style=\"font-size: 12pt;\">N\u00e4chste Block<br><\/span><\/em><\/p><p>Bisher wurde noch kein Datum festgelegt.<\/p><p><span style=\"font-weight: 400;\">F\u00fcr jeden Block wird ein Gespr\u00e4ch zur Ermittlung der Bed\u00fcrfnisse sowie ein Gespr\u00e4ch nach Abschluss der Weiterbildung mit dem Ausbildner vereinbart.<\/span><\/p><\/div><\/div><div class=\"vce-widgets-container\"><div class=\"vce vce-widgets-wrapper\" id=\"el-e5b29b83\" data-vce-do-apply=\"all el-e5b29b83\"><div class=\"external-link-widget\">\r\n\t\t\t<a href=\"\/wp-content\/uploads\/Conduite_de_collaborateurs.pdf\" target=\"_blank\" class=\"icon-document\">KURSBESCHREIBUNG (in Franz\u00f6sisch)<\/a>\r\n\t\t<\/div><\/div><\/div><\/div><\/div><\/div><div class=\"vce-col vce-col--xs-100p vce-col--xs-visible vce-col--xs-last vce-col--xs-first vce-col--sm-100p vce-col--sm-visible vce-col--sm-last vce-col--sm-first vce-col--md-100p vce-col--md-visible vce-col--md-last vce-col--md-first vce-col--lg-100p vce-col--lg-visible vce-col--lg-last vce-col--lg-first vce-col--xl-auto vce-col--xl-visible vce-col--xl-last\" id=\"el-71e0349b\"><div class=\"vce-col-inner\" data-vce-do-apply=\"border margin background  el-71e0349b\"><div class=\"vce-col-content\" data-vce-element-content=\"true\" data-vce-do-apply=\"padding el-71e0349b\"><div class=\"vce-text-block\"><div class=\"vce-text-block-wrapper vce\" id=\"el-642b0ebb\" data-vce-do-apply=\"all el-642b0ebb\"><h2><span class=\"txt-highlight\">Spezialisierungen<\/span><\/h2><\/div><\/div><div class=\"vce-text-block text-box\"><div class=\"vce-text-block-wrapper vce\" id=\"el-b8efba8d\" data-vce-do-apply=\"all el-b8efba8d\"><h3>Anglieren von Hand<\/h3><p><span style=\"font-weight: 400;\">F\u00fcr weitere Informationen (Daten, Anmeldung) kontaktieren Sie bitte das<\/span> <a href=\"https:\/\/www.cnip.ch\/index.php?formation=D%C3%A9coration%20horlog%C3%A8re%20(anglage)\">CNIP<\/a><\/p><\/div><\/div><div class=\"vce-widgets-container no-margin-bottom\"><div class=\"vce vce-widgets-wrapper\" id=\"el-0c45cfda\" data-vce-do-apply=\"all el-0c45cfda\"><div class=\"external-link-widget\">\r\n\t\t\t<a href=\"\/wp-content\/uploads\/descriptif-cours-_Anglage.pdf\" target=\"_blank\" class=\"icon-document\">KURSBESCHREIBUNG (in Franz\u00f6sisch)<\/a>\r\n\t\t<\/div><\/div><\/div><div class=\"vce-widgets-container\"><div class=\"vce vce-widgets-wrapper\" id=\"el-d3d2f795\" data-vce-do-apply=\"all el-d3d2f795\"><div class=\"external-link-widget\">\r\n\t\t\t<a href=\"\/wp-content\/uploads\/Plan_de_formation_anglage_de\u0301coration.pdf\" target=\"_blank\" class=\"icon-document\">BILDUNGSREGLEMENT (in Franz\u00f6sisch)<\/a>\r\n\t\t<\/div><\/div><\/div><div class=\"vce-text-block text-box\"><div class=\"vce-text-block-wrapper vce\" id=\"el-16474dc7\" data-vce-do-apply=\"all el-16474dc7\"><h3><b>Emaillierung, Bereich Uhren und Schmuck <\/b><\/h3><\/div><\/div><div class=\"vce-widgets-container\"><div class=\"vce vce-widgets-wrapper\" id=\"el-d4cf52a3\" data-vce-do-apply=\"all el-d4cf52a3\"><div class=\"external-link-widget\">\r\n\t\t\t<a href=\"https:\/\/metiers-horlogerie.ch\/emailleur-euse\/\" target=\"_blank\" class=\"icon-arrow\">KURSBESCHREIBUNG (in Franz\u00f6sisch)<\/a>\r\n\t\t<\/div><\/div><\/div><div class=\"vce-text-block text-box\"><div class=\"vce-text-block-wrapper vce\" id=\"el-5c945ba7\" data-vce-do-apply=\"all el-5c945ba7\"><h3>Schneiden und Fr\u00e4sen<\/h3><\/div><\/div><div class=\"vce-widgets-container\"><div class=\"vce vce-widgets-wrapper\" id=\"el-3a983c1c\" data-vce-do-apply=\"all el-3a983c1c\"><div class=\"external-link-widget\">\r\n\t\t\t<a href=\"https:\/\/www.centreformationcontinue.ch\/Formation\/Formations-CTDT\/Formation-en-taillage\/184818\" target=\"_blank\" class=\"icon-arrow\">KURSBESCHREIBUNG (in Franz\u00f6sisch)<\/a>\r\n\t\t<\/div><\/div><\/div><div class=\"vce-text-block out-top-spacing-large\"><div class=\"vce-text-block-wrapper vce\" id=\"el-ef50f458\" data-vce-do-apply=\"all el-ef50f458\"><h2>Gesundheit und Sicherheit am Arbeitsplatz<\/h2><\/div><\/div><div class=\"vce-widgets-container\"><div class=\"vce vce-widgets-wrapper\" id=\"el-4b53e17b\" data-vce-do-apply=\"all el-4b53e17b\"><div class=\"external-link-widget\">\r\n\t\t\t<a href=\"\/de\/gsa-kurse\/\" target=\"_blank\" class=\"icon-arrow\">GSA-KURSE<\/a>\r\n\t\t<\/div><\/div><\/div><\/div><\/div><\/div><\/div><\/div><\/div><div class=\"vce-row-container\" data-vce-boxed-width=\"true\"><div class=\"vce-row vce-row--col-gap-30 vce-row-content--top\" id=\"el-1e6f6ee7\" data-vce-do-apply=\"all el-1e6f6ee7\"><div class=\"vce-row-content\" data-vce-element-content=\"true\"><div class=\"vce-col vce-col--md-auto vce-col--xs-1 vce-col--xs-last vce-col--xs-first vce-col--sm-last vce-col--sm-first vce-col--md-last vce-col--lg-last vce-col--xl-last vce-col--md-first vce-col--lg-first vce-col--xl-first\" id=\"el-fc74f157\"><div class=\"vce-col-inner\" data-vce-do-apply=\"border margin background  el-fc74f157\"><div class=\"vce-col-content\" data-vce-element-content=\"true\" data-vce-do-apply=\"padding el-fc74f157\"><div class=\"vce-widgets-container out-top-spacing-huge \"><div class=\"vce vce-widgets-wrapper\" id=\"el-df9fbe46\" data-vce-do-apply=\"all el-df9fbe46\">\r\n\t\t<div class=\"widget-highlight-box\">\r\n\t\t\t<div>\r\n\t\t\t\t<figure>\r\n\t\t\t\t\t<img src=\"\/wp-content\/uploads\/mockupA4-formation-continue.png\" alt=\"\">\r\n\t\t\t\t<\/figure>\r\n\t\t\t<\/div>\r\n\t\t\t<div>\r\n\t\t\t\t\t\t\t\t<h2>Anmeldeformular (in Franz\u00f6sisch)<\/h2>\r\n\t\t\t\t\r\n\t\t\t\t\t\t\t\t<p>Bitte senden Sie das ausgef\u00fcllte Formular per Post, Fax oder E-Mail an: <br>a.humbert-droz@cpih.ch<\/p>\r\n\t\t\t\t\r\n\t\t\t<\/div>\r\n\r\n\t\t\t\r\n\t\t\t<footer>\r\n\t\t\t\t<div class=\"wrapper\">\r\n\t\t\t\t\t\t\t\t\t\t<span>Dokument<\/span>\r\n\t\t\t\t\t\t\t\t\t\t<a href=\"\/wp-content\/uploads\/Bulletin-dinscription.doc\" class=\"button\">\r\n\t\t\t\t\t\t<span class=\"icon-document\"><\/span>\r\n\t\t\t\t\t<\/a>\r\n\t\t\t\t<\/div>\r\n\t\t\t<\/footer>\r\n\r\n\t\t\t\r\n\t\t<\/div>\r\n\r\n\r\n\t\t<\/div><\/div><\/div><\/div><\/div><\/div><\/div><\/div>\n","protected":false},"excerpt":{"rendered":"<p>WeiterbildungDer Arbeitgeberverband unterst\u00fctzt die berufliche Weiterentwicklung der Mitarbeiterinnen und Mitarbeiter der Uhren- und mikrotechnischen Unternehmen und bietet zusammen mit erfahrenen Ausbildnern und Ausbildnerinnen massgeschneiderte Weiterbildungen an.Das Weiterbildungskonzept, das der Arbeitgeberverband anbietet, st\u00fctzt sich auf drei Etappen: 1. Gespr\u00e4ch zur Definition der Bed\u00fcrfnisse Ermittlung der Erwartungen des Mitarbeiters und seines Vorgesetzten Erm\u00f6glicht eine individuelle Ber\u00fccksichtigung der [&hellip;]<\/p>\n","protected":false},"author":1,"featured_media":0,"parent":0,"menu_order":0,"comment_status":"closed","ping_status":"closed","template":"templates\/template-page.php","meta":{"_acf_changed":false,"_monsterinsights_skip_tracking":false,"_monsterinsights_sitenote_active":false,"_monsterinsights_sitenote_note":"","_monsterinsights_sitenote_category":0,"footnotes":""},"class_list":["post-2149","page","type-page","status-publish","hentry"],"acf":[],"yoast_head":"<!-- This site is optimized with the Yoast SEO plugin v27.0 - https:\/\/yoast.com\/product\/yoast-seo-wordpress\/ -->\n<title>Weiterbildung - Convention patronale<\/title>\n<meta name=\"robots\" content=\"index, follow, max-snippet:-1, max-image-preview:large, max-video-preview:-1\" \/>\n<link rel=\"canonical\" href=\"https:\/\/cpih.ch\/de\/weiterbildung\/\" \/>\n<meta property=\"og:locale\" content=\"de_DE\" \/>\n<meta property=\"og:type\" content=\"article\" \/>\n<meta property=\"og:title\" content=\"Weiterbildung - Convention patronale\" \/>\n<meta property=\"og:description\" content=\"WeiterbildungDer Arbeitgeberverband unterst\u00fctzt die berufliche Weiterentwicklung der Mitarbeiterinnen und Mitarbeiter der Uhren- und mikrotechnischen Unternehmen und bietet zusammen mit erfahrenen Ausbildnern und Ausbildnerinnen massgeschneiderte Weiterbildungen an.Das Weiterbildungskonzept, das der Arbeitgeberverband anbietet, st\u00fctzt sich auf drei Etappen: 1. Gespr\u00e4ch zur Definition der Bed\u00fcrfnisse Ermittlung der Erwartungen des Mitarbeiters und seines Vorgesetzten Erm\u00f6glicht eine individuelle Ber\u00fccksichtigung der [&hellip;]\" \/>\n<meta property=\"og:url\" content=\"https:\/\/cpih.ch\/de\/weiterbildung\/\" \/>\n<meta property=\"og:site_name\" content=\"Convention patronale\" \/>\n<meta property=\"article:modified_time\" content=\"2025-10-22T13:32:27+00:00\" \/>\n<meta name=\"twitter:card\" content=\"summary_large_image\" \/>\n<meta name=\"twitter:label1\" content=\"Gesch\u00e4tzte Lesezeit\" \/>\n\t<meta name=\"twitter:data1\" content=\"3\u00a0Minuten\" \/>\n<script type=\"application\/ld+json\" class=\"yoast-schema-graph\">{\"@context\":\"https:\/\/schema.org\",\"@graph\":[{\"@type\":\"WebPage\",\"@id\":\"https:\/\/cpih.ch\/de\/weiterbildung\/\",\"url\":\"https:\/\/cpih.ch\/de\/weiterbildung\/\",\"name\":\"Weiterbildung - Convention patronale\",\"isPartOf\":{\"@id\":\"https:\/\/cpih.ch\/#website\"},\"datePublished\":\"2019-07-17T08:52:39+00:00\",\"dateModified\":\"2025-10-22T13:32:27+00:00\",\"breadcrumb\":{\"@id\":\"https:\/\/cpih.ch\/de\/weiterbildung\/#breadcrumb\"},\"inLanguage\":\"de\",\"potentialAction\":[{\"@type\":\"ReadAction\",\"target\":[\"https:\/\/cpih.ch\/de\/weiterbildung\/\"]}]},{\"@type\":\"BreadcrumbList\",\"@id\":\"https:\/\/cpih.ch\/de\/weiterbildung\/#breadcrumb\",\"itemListElement\":[{\"@type\":\"ListItem\",\"position\":1,\"name\":\"Accueil\",\"item\":\"https:\/\/cpih.ch\/de\/\"},{\"@type\":\"ListItem\",\"position\":2,\"name\":\"Weiterbildung\"}]},{\"@type\":\"WebSite\",\"@id\":\"https:\/\/cpih.ch\/#website\",\"url\":\"https:\/\/cpih.ch\/\",\"name\":\"Convention patronale\",\"description\":\"Un site\",\"potentialAction\":[{\"@type\":\"SearchAction\",\"target\":{\"@type\":\"EntryPoint\",\"urlTemplate\":\"https:\/\/cpih.ch\/?s={search_term_string}\"},\"query-input\":{\"@type\":\"PropertyValueSpecification\",\"valueRequired\":true,\"valueName\":\"search_term_string\"}}],\"inLanguage\":\"de\"}]}<\/script>\n<!-- \/ Yoast SEO plugin. -->","yoast_head_json":{"title":"Weiterbildung - Convention patronale","robots":{"index":"index","follow":"follow","max-snippet":"max-snippet:-1","max-image-preview":"max-image-preview:large","max-video-preview":"max-video-preview:-1"},"canonical":"https:\/\/cpih.ch\/de\/weiterbildung\/","og_locale":"de_DE","og_type":"article","og_title":"Weiterbildung - Convention patronale","og_description":"WeiterbildungDer Arbeitgeberverband unterst\u00fctzt die berufliche Weiterentwicklung der Mitarbeiterinnen und Mitarbeiter der Uhren- und mikrotechnischen Unternehmen und bietet zusammen mit erfahrenen Ausbildnern und Ausbildnerinnen massgeschneiderte Weiterbildungen an.Das Weiterbildungskonzept, das der Arbeitgeberverband anbietet, st\u00fctzt sich auf drei Etappen: 1. Gespr\u00e4ch zur Definition der Bed\u00fcrfnisse Ermittlung der Erwartungen des Mitarbeiters und seines Vorgesetzten Erm\u00f6glicht eine individuelle Ber\u00fccksichtigung der [&hellip;]","og_url":"https:\/\/cpih.ch\/de\/weiterbildung\/","og_site_name":"Convention patronale","article_modified_time":"2025-10-22T13:32:27+00:00","twitter_card":"summary_large_image","twitter_misc":{"Gesch\u00e4tzte Lesezeit":"3\u00a0Minuten"},"schema":{"@context":"https:\/\/schema.org","@graph":[{"@type":"WebPage","@id":"https:\/\/cpih.ch\/de\/weiterbildung\/","url":"https:\/\/cpih.ch\/de\/weiterbildung\/","name":"Weiterbildung - Convention patronale","isPartOf":{"@id":"https:\/\/cpih.ch\/#website"},"datePublished":"2019-07-17T08:52:39+00:00","dateModified":"2025-10-22T13:32:27+00:00","breadcrumb":{"@id":"https:\/\/cpih.ch\/de\/weiterbildung\/#breadcrumb"},"inLanguage":"de","potentialAction":[{"@type":"ReadAction","target":["https:\/\/cpih.ch\/de\/weiterbildung\/"]}]},{"@type":"BreadcrumbList","@id":"https:\/\/cpih.ch\/de\/weiterbildung\/#breadcrumb","itemListElement":[{"@type":"ListItem","position":1,"name":"Accueil","item":"https:\/\/cpih.ch\/de\/"},{"@type":"ListItem","position":2,"name":"Weiterbildung"}]},{"@type":"WebSite","@id":"https:\/\/cpih.ch\/#website","url":"https:\/\/cpih.ch\/","name":"Convention patronale","description":"Un site","potentialAction":[{"@type":"SearchAction","target":{"@type":"EntryPoint","urlTemplate":"https:\/\/cpih.ch\/?s={search_term_string}"},"query-input":{"@type":"PropertyValueSpecification","valueRequired":true,"valueName":"search_term_string"}}],"inLanguage":"de"}]}},"_links":{"self":[{"href":"https:\/\/cpih.ch\/de\/wp-json\/wp\/v2\/pages\/2149","targetHints":{"allow":["GET"]}}],"collection":[{"href":"https:\/\/cpih.ch\/de\/wp-json\/wp\/v2\/pages"}],"about":[{"href":"https:\/\/cpih.ch\/de\/wp-json\/wp\/v2\/types\/page"}],"author":[{"embeddable":true,"href":"https:\/\/cpih.ch\/de\/wp-json\/wp\/v2\/users\/1"}],"replies":[{"embeddable":true,"href":"https:\/\/cpih.ch\/de\/wp-json\/wp\/v2\/comments?post=2149"}],"version-history":[{"count":15,"href":"https:\/\/cpih.ch\/de\/wp-json\/wp\/v2\/pages\/2149\/revisions"}],"predecessor-version":[{"id":5366,"href":"https:\/\/cpih.ch\/de\/wp-json\/wp\/v2\/pages\/2149\/revisions\/5366"}],"wp:attachment":[{"href":"https:\/\/cpih.ch\/de\/wp-json\/wp\/v2\/media?parent=2149"}],"curies":[{"name":"wp","href":"https:\/\/api.w.org\/{rel}","templated":true}]}}