{"id":2144,"date":"2019-07-15T16:21:32","date_gmt":"2019-07-15T14:21:32","guid":{"rendered":"https:\/\/cpih.ch\/formations-superieures\/"},"modified":"2026-03-23T15:05:20","modified_gmt":"2026-03-23T14:05:20","slug":"hoehere-berufsbildung","status":"publish","type":"page","link":"https:\/\/cpih.ch\/de\/hoehere-berufsbildung\/","title":{"rendered":"H\u00f6here Berufsbildung"},"content":{"rendered":"<div class=\"vce-row-container\" data-vce-boxed-width=\"true\"><div class=\"vce-row vce-row--col-gap-30 fp-area light-grey-area in-v-spacing-large vce-row-content--top\" id=\"el-10e5e8b2\" data-vce-do-apply=\"all el-10e5e8b2\"><div class=\"vce-row-content\" data-vce-element-content=\"true\"><div class=\"vce-col vce-col--md-auto vce-col--xs-1 vce-col--xs-last vce-col--xs-first vce-col--sm-last vce-col--sm-first vce-col--md-last vce-col--lg-last vce-col--xl-last vce-col--md-first vce-col--lg-first vce-col--xl-first\" id=\"el-84a8f3ef\"><div class=\"vce-col-inner\" data-vce-do-apply=\"border margin background  el-84a8f3ef\"><div class=\"vce-col-content\" data-vce-element-content=\"true\" data-vce-do-apply=\"padding el-84a8f3ef\"><div class=\"vce-text-block container-gap-both-2 in-v-spacing-larg\"><div class=\"vce-text-block-wrapper vce\" id=\"el-d1e1834a\" data-vce-do-apply=\"all el-d1e1834a\"><h1><b>H\u00f6here Berufsbildung<\/b><\/h1><\/div><\/div><div class=\"vce-text-block out-top-spacing-huge gap-left-2 three-quarter-content txt-large-size light-blue\"><div class=\"vce-text-block-wrapper vce\" id=\"el-363328a7\" data-vce-do-apply=\"all el-363328a7\"><p><strong><b>Mit einer Grundausbildung sind die beruflichen Zieln nicht unbedingt erreicht. Verschiedene Bildungsg\u00e4nge an h\u00f6heren Fachschulen oder Fachhochschulen erm\u00f6glichen eine Vertiefung der Kenntnisse oder den Erwerb von neuen Kompetenzen.<\/b><\/strong><\/p><\/div><\/div><\/div><\/div><\/div><\/div><\/div><\/div><div class=\"vce-row-container\" data-vce-boxed-width=\"true\"><div class=\"vce-row vce-row--col-gap-30 gap-both-2 out-top-spacing-huge vce-row-content--top\" id=\"el-d29290c9\" data-vce-do-apply=\"all el-d29290c9\"><div class=\"vce-row-content\" data-vce-element-content=\"true\"><div class=\"vce-col vce-col--md-auto vce-col--xs-1 vce-col--xs-last vce-col--xs-first vce-col--sm-last vce-col--sm-first vce-col--md-first vce-col--lg-first vce-col--xl-first\" id=\"el-cc6a4bc8\"><div class=\"vce-col-inner\" data-vce-do-apply=\"border margin background  el-cc6a4bc8\"><div class=\"vce-col-content\" data-vce-element-content=\"true\" data-vce-do-apply=\"padding el-cc6a4bc8\"><div class=\"vce-text-block\"><div class=\"vce-text-block-wrapper vce\" id=\"el-ae2e2814\" data-vce-do-apply=\"all el-ae2e2814\"><h2><b><span class=\"txt-highlight aos-visible\">Fachausweis<\/span><\/b><\/h2><\/div><\/div><\/div><\/div><\/div><div class=\"vce-col vce-col--md-auto vce-col--xs-1 vce-col--xs-last vce-col--xs-first vce-col--sm-last vce-col--sm-first vce-col--md-last vce-col--lg-last vce-col--xl-last\" id=\"el-395b8c68\"><div class=\"vce-col-inner\" data-vce-do-apply=\"border margin background  el-395b8c68\"><div class=\"vce-col-content\" data-vce-element-content=\"true\" data-vce-do-apply=\"padding el-395b8c68\"><div class=\"vce-widgets-container\"><div class=\"vce vce-widgets-wrapper\" id=\"el-0b7fda27\" data-vce-do-apply=\"all el-0b7fda27\"><div class=\"external-link-widget\">\r\n\t\t\t<a href=\"https:\/\/cpih.ch\/de\/fachausweis\/\" target=\"_blank\" class=\"icon-arrow\">Bereichsleiter\/in Uhrenbranche<\/a>\r\n\t\t<\/div><\/div><\/div><div class=\"vce-widgets-container\" id=\"#fachausweis\"><div class=\"vce vce-widgets-wrapper\" id=\"el-0a92c187\" data-vce-do-apply=\"all el-0a92c187\"><div class=\"external-link-widget\">\r\n\t\t\t<a href=\"https:\/\/cpih.ch\/de\/eidgenoessischem-fachausweis-berufspruefung\/\" target=\"_blank\" class=\"icon-arrow\">Berufspr\u00fcfung f\u00fcr Bereichsleiterin Uhrenbranche \/ Bereichsleiter Uhrenbranche <\/a>\r\n\t\t<\/div><\/div><\/div><\/div><\/div><\/div><\/div><\/div><\/div><div class=\"vce-row-container\" data-vce-boxed-width=\"true\"><div class=\"vce-row vce-row--col-gap-30 gap-both-2 out-top-spacing-huge vce-row-content--top\" id=\"el-e5062d20\" data-vce-do-apply=\"all el-e5062d20\"><div class=\"vce-row-content\" data-vce-element-content=\"true\"><div class=\"vce-col vce-col--md-auto vce-col--xs-1 vce-col--xs-last vce-col--xs-first vce-col--sm-last vce-col--sm-first vce-col--md-first vce-col--lg-first vce-col--xl-first\" id=\"el-db009de7\"><div class=\"vce-col-inner\" data-vce-do-apply=\"border margin background  el-db009de7\"><div class=\"vce-col-content\" data-vce-element-content=\"true\" data-vce-do-apply=\"padding el-db009de7\"><div class=\"vce-text-block\"><div class=\"vce-text-block-wrapper vce\" id=\"el-fb116270\" data-vce-do-apply=\"all el-fb116270\"><h2><strong><b>H\u00f6here Fachschulen (HF-Abschluss)<\/b><\/strong><\/h2><\/div><\/div><\/div><\/div><\/div><div class=\"vce-col vce-col--md-auto vce-col--xs-1 vce-col--xs-last vce-col--xs-first vce-col--sm-last vce-col--sm-first vce-col--md-last vce-col--lg-last vce-col--xl-last\" id=\"el-4477f44a\"><div class=\"vce-col-inner\" data-vce-do-apply=\"border margin background  el-4477f44a\"><div class=\"vce-col-content\" data-vce-element-content=\"true\" data-vce-do-apply=\"padding el-4477f44a\"><div class=\"vce-widgets-container\"><div class=\"vce vce-widgets-wrapper\" id=\"el-5b1a6680\" data-vce-do-apply=\"all el-5b1a6680\"><div class=\"external-link-widget\">\r\n\t\t\t<a href=\"https:\/\/www.berufsberatung.ch\/dyn\/show\/1900?id=7149\" target=\"_blank\" class=\"icon-arrow\">Techniker\/in HF Mikrotechnik<\/a>\r\n\t\t<\/div><\/div><\/div><div class=\"vce-widgets-container\"><div class=\"vce vce-widgets-wrapper\" id=\"el-70ca1492\" data-vce-do-apply=\"all el-70ca1492\"><div class=\"external-link-widget\">\r\n\t\t\t<a href=\"https:\/\/www.eaa-la-chaux-de-fonds.ch\/formation\/design-dobjets-horlogers\" target=\"_blank\" class=\"icon-arrow\">Gestalter\/in HF Produktdesign<\/a>\r\n\t\t<\/div><\/div><\/div><\/div><\/div><\/div><\/div><\/div><\/div><div class=\"vce-row-container\" data-vce-boxed-width=\"true\"><div class=\"vce-row vce-row--col-gap-30 container-gap-both-2 out-top-spacing-huge vce-row-content--top\" id=\"el-11b355dc\" data-vce-do-apply=\"all el-11b355dc\"><div class=\"vce-row-content\" data-vce-element-content=\"true\"><div class=\"vce-col vce-col--md-auto vce-col--xs-1 vce-col--xs-last vce-col--xs-first vce-col--sm-last vce-col--sm-first vce-col--md-first vce-col--lg-first vce-col--xl-first\" id=\"el-1f96b781\"><div class=\"vce-col-inner\" data-vce-do-apply=\"border margin background  el-1f96b781\"><div class=\"vce-col-content\" data-vce-element-content=\"true\" data-vce-do-apply=\"padding el-1f96b781\"><div class=\"vce-text-block\"><div class=\"vce-text-block-wrapper vce\" id=\"el-403c236b\" data-vce-do-apply=\"all el-403c236b\"><h2><strong><b>Fachhochschulen (FH-Abschluss)<\/b><\/strong><\/h2><\/div><\/div><\/div><\/div><\/div><div class=\"vce-col vce-col--md-auto vce-col--xs-1 vce-col--xs-last vce-col--xs-first vce-col--sm-last vce-col--sm-first vce-col--md-last vce-col--lg-last vce-col--xl-last\" id=\"el-80ddb041\"><div class=\"vce-col-inner\" data-vce-do-apply=\"border margin background  el-80ddb041\"><div class=\"vce-col-content\" data-vce-element-content=\"true\" data-vce-do-apply=\"padding el-80ddb041\"><div class=\"vce-widgets-container\"><div class=\"vce vce-widgets-wrapper\" id=\"el-a76761a7\" data-vce-do-apply=\"all el-a76761a7\"><div class=\"external-link-widget\">\r\n\t\t\t<a href=\"https:\/\/www.hes-so.ch\/de\/bachelor-mikrotechnik-580.html\" target=\"_blank\" class=\"icon-arrow\">Bachelor of Science in Mikrotechnik<\/a>\r\n\t\t<\/div><\/div><\/div><div class=\"vce-widgets-container\"><div class=\"vce vce-widgets-wrapper\" id=\"el-879348d6\" data-vce-do-apply=\"all el-879348d6\"><div class=\"external-link-widget\">\r\n\t\t\t<a href=\"https:\/\/www.orientation.ch\/dyn\/show\/2886?id=31552\" target=\"_blank\" class=\"icon-arrow\">Bachelor of Science in Industrial Design Engineering<\/a>\r\n\t\t<\/div><\/div><\/div><div class=\"vce-widgets-container\"><div class=\"vce vce-widgets-wrapper\" id=\"el-65aef7ce\" data-vce-do-apply=\"all el-65aef7ce\"><div class=\"external-link-widget\">\r\n\t\t\t<a href=\"https:\/\/www.orientation.ch\/dyn\/show\/2886?id=31776\" target=\"_blank\" class=\"icon-arrow\">Master of Science in Engineering<\/a>\r\n\t\t<\/div><\/div><\/div><\/div><\/div><\/div><\/div><\/div><\/div>\n","protected":false},"excerpt":{"rendered":"<p>H\u00f6here BerufsbildungMit einer Grundausbildung sind die beruflichen Zieln nicht unbedingt erreicht. Verschiedene Bildungsg\u00e4nge an h\u00f6heren Fachschulen oder Fachhochschulen erm\u00f6glichen eine Vertiefung der Kenntnisse oder den Erwerb von neuen Kompetenzen.FachausweisH\u00f6here Fachschulen (HF-Abschluss)Fachhochschulen (FH-Abschluss)<\/p>\n","protected":false},"author":1,"featured_media":0,"parent":0,"menu_order":0,"comment_status":"closed","ping_status":"closed","template":"templates\/template-page.php","meta":{"_acf_changed":false,"_monsterinsights_skip_tracking":false,"_monsterinsights_sitenote_active":false,"_monsterinsights_sitenote_note":"","_monsterinsights_sitenote_category":0,"footnotes":""},"class_list":["post-2144","page","type-page","status-publish","hentry"],"acf":[],"yoast_head":"<!-- This site is optimized with the Yoast SEO plugin v27.0 - https:\/\/yoast.com\/product\/yoast-seo-wordpress\/ -->\n<title>H\u00f6here Berufsbildung - Convention patronale<\/title>\n<meta name=\"robots\" content=\"index, follow, max-snippet:-1, max-image-preview:large, max-video-preview:-1\" \/>\n<link rel=\"canonical\" href=\"https:\/\/cpih.ch\/de\/hoehere-berufsbildung\/\" \/>\n<meta property=\"og:locale\" content=\"de_DE\" \/>\n<meta property=\"og:type\" content=\"article\" \/>\n<meta property=\"og:title\" content=\"H\u00f6here Berufsbildung - Convention patronale\" \/>\n<meta property=\"og:description\" content=\"H\u00f6here BerufsbildungMit einer Grundausbildung sind die beruflichen Zieln nicht unbedingt erreicht. Verschiedene Bildungsg\u00e4nge an h\u00f6heren Fachschulen oder Fachhochschulen erm\u00f6glichen eine Vertiefung der Kenntnisse oder den Erwerb von neuen Kompetenzen.FachausweisH\u00f6here Fachschulen (HF-Abschluss)Fachhochschulen (FH-Abschluss)\" \/>\n<meta property=\"og:url\" content=\"https:\/\/cpih.ch\/de\/hoehere-berufsbildung\/\" \/>\n<meta property=\"og:site_name\" content=\"Convention patronale\" \/>\n<meta property=\"article:modified_time\" content=\"2026-03-23T14:05:20+00:00\" \/>\n<meta name=\"twitter:card\" content=\"summary_large_image\" \/>\n<meta name=\"twitter:label1\" content=\"Gesch\u00e4tzte Lesezeit\" \/>\n\t<meta name=\"twitter:data1\" content=\"2\u00a0Minuten\" \/>\n<script type=\"application\/ld+json\" class=\"yoast-schema-graph\">{\"@context\":\"https:\/\/schema.org\",\"@graph\":[{\"@type\":\"WebPage\",\"@id\":\"https:\/\/cpih.ch\/de\/hoehere-berufsbildung\/\",\"url\":\"https:\/\/cpih.ch\/de\/hoehere-berufsbildung\/\",\"name\":\"H\u00f6here Berufsbildung - Convention patronale\",\"isPartOf\":{\"@id\":\"https:\/\/cpih.ch\/#website\"},\"datePublished\":\"2019-07-15T14:21:32+00:00\",\"dateModified\":\"2026-03-23T14:05:20+00:00\",\"breadcrumb\":{\"@id\":\"https:\/\/cpih.ch\/de\/hoehere-berufsbildung\/#breadcrumb\"},\"inLanguage\":\"de\",\"potentialAction\":[{\"@type\":\"ReadAction\",\"target\":[\"https:\/\/cpih.ch\/de\/hoehere-berufsbildung\/\"]}]},{\"@type\":\"BreadcrumbList\",\"@id\":\"https:\/\/cpih.ch\/de\/hoehere-berufsbildung\/#breadcrumb\",\"itemListElement\":[{\"@type\":\"ListItem\",\"position\":1,\"name\":\"Accueil\",\"item\":\"https:\/\/cpih.ch\/de\/\"},{\"@type\":\"ListItem\",\"position\":2,\"name\":\"H\u00f6here Berufsbildung\"}]},{\"@type\":\"WebSite\",\"@id\":\"https:\/\/cpih.ch\/#website\",\"url\":\"https:\/\/cpih.ch\/\",\"name\":\"Convention patronale\",\"description\":\"Un site\",\"potentialAction\":[{\"@type\":\"SearchAction\",\"target\":{\"@type\":\"EntryPoint\",\"urlTemplate\":\"https:\/\/cpih.ch\/?s={search_term_string}\"},\"query-input\":{\"@type\":\"PropertyValueSpecification\",\"valueRequired\":true,\"valueName\":\"search_term_string\"}}],\"inLanguage\":\"de\"}]}<\/script>\n<!-- \/ Yoast SEO plugin. -->","yoast_head_json":{"title":"H\u00f6here Berufsbildung - Convention patronale","robots":{"index":"index","follow":"follow","max-snippet":"max-snippet:-1","max-image-preview":"max-image-preview:large","max-video-preview":"max-video-preview:-1"},"canonical":"https:\/\/cpih.ch\/de\/hoehere-berufsbildung\/","og_locale":"de_DE","og_type":"article","og_title":"H\u00f6here Berufsbildung - Convention patronale","og_description":"H\u00f6here BerufsbildungMit einer Grundausbildung sind die beruflichen Zieln nicht unbedingt erreicht. Verschiedene Bildungsg\u00e4nge an h\u00f6heren Fachschulen oder Fachhochschulen erm\u00f6glichen eine Vertiefung der Kenntnisse oder den Erwerb von neuen Kompetenzen.FachausweisH\u00f6here Fachschulen (HF-Abschluss)Fachhochschulen (FH-Abschluss)","og_url":"https:\/\/cpih.ch\/de\/hoehere-berufsbildung\/","og_site_name":"Convention patronale","article_modified_time":"2026-03-23T14:05:20+00:00","twitter_card":"summary_large_image","twitter_misc":{"Gesch\u00e4tzte Lesezeit":"2\u00a0Minuten"},"schema":{"@context":"https:\/\/schema.org","@graph":[{"@type":"WebPage","@id":"https:\/\/cpih.ch\/de\/hoehere-berufsbildung\/","url":"https:\/\/cpih.ch\/de\/hoehere-berufsbildung\/","name":"H\u00f6here Berufsbildung - Convention patronale","isPartOf":{"@id":"https:\/\/cpih.ch\/#website"},"datePublished":"2019-07-15T14:21:32+00:00","dateModified":"2026-03-23T14:05:20+00:00","breadcrumb":{"@id":"https:\/\/cpih.ch\/de\/hoehere-berufsbildung\/#breadcrumb"},"inLanguage":"de","potentialAction":[{"@type":"ReadAction","target":["https:\/\/cpih.ch\/de\/hoehere-berufsbildung\/"]}]},{"@type":"BreadcrumbList","@id":"https:\/\/cpih.ch\/de\/hoehere-berufsbildung\/#breadcrumb","itemListElement":[{"@type":"ListItem","position":1,"name":"Accueil","item":"https:\/\/cpih.ch\/de\/"},{"@type":"ListItem","position":2,"name":"H\u00f6here Berufsbildung"}]},{"@type":"WebSite","@id":"https:\/\/cpih.ch\/#website","url":"https:\/\/cpih.ch\/","name":"Convention patronale","description":"Un site","potentialAction":[{"@type":"SearchAction","target":{"@type":"EntryPoint","urlTemplate":"https:\/\/cpih.ch\/?s={search_term_string}"},"query-input":{"@type":"PropertyValueSpecification","valueRequired":true,"valueName":"search_term_string"}}],"inLanguage":"de"}]}},"_links":{"self":[{"href":"https:\/\/cpih.ch\/de\/wp-json\/wp\/v2\/pages\/2144","targetHints":{"allow":["GET"]}}],"collection":[{"href":"https:\/\/cpih.ch\/de\/wp-json\/wp\/v2\/pages"}],"about":[{"href":"https:\/\/cpih.ch\/de\/wp-json\/wp\/v2\/types\/page"}],"author":[{"embeddable":true,"href":"https:\/\/cpih.ch\/de\/wp-json\/wp\/v2\/users\/1"}],"replies":[{"embeddable":true,"href":"https:\/\/cpih.ch\/de\/wp-json\/wp\/v2\/comments?post=2144"}],"version-history":[{"count":14,"href":"https:\/\/cpih.ch\/de\/wp-json\/wp\/v2\/pages\/2144\/revisions"}],"predecessor-version":[{"id":18910,"href":"https:\/\/cpih.ch\/de\/wp-json\/wp\/v2\/pages\/2144\/revisions\/18910"}],"wp:attachment":[{"href":"https:\/\/cpih.ch\/de\/wp-json\/wp\/v2\/media?parent=2144"}],"curies":[{"name":"wp","href":"https:\/\/api.w.org\/{rel}","templated":true}]}}