{"id":2109,"date":"2019-06-27T10:53:05","date_gmt":"2019-06-27T08:53:05","guid":{"rendered":"https:\/\/cpih.ch\/vacances-horlogeres\/"},"modified":"2026-01-23T09:08:29","modified_gmt":"2026-01-23T08:08:29","slug":"uhrmacherferien","status":"publish","type":"page","link":"https:\/\/cpih.ch\/de\/uhrmacherferien\/","title":{"rendered":"Uhrmacherferien"},"content":{"rendered":"<div class=\"vce-row-container\" data-vce-boxed-width=\"true\"><div class=\"vce-row vce-row--col-gap-0 pp-area container-gap-both-2  bg-light-grey vce-row-content--top\" id=\"el-47b4edbf\" data-vce-do-apply=\"all el-47b4edbf\"><div class=\"vce-row-content\" data-vce-element-content=\"true\"><div class=\"vce-col vce-col--xs-100p vce-col--xs-visible vce-col--xs-last vce-col--xs-first vce-col--sm-100p vce-col--sm-visible vce-col--sm-last vce-col--sm-first vce-col--md-100p vce-col--md-visible vce-col--md-last vce-col--md-first vce-col--lg-100p vce-col--lg-visible vce-col--lg-last vce-col--lg-first vce-col--xl-auto vce-col--xl-visible vce-col--xl-last vce-col--xl-first\" id=\"el-a8d6bdb4\"><div class=\"vce-col-inner\" data-vce-do-apply=\"border margin background  el-a8d6bdb4\"><div class=\"vce-col-content\" data-vce-element-content=\"true\" data-vce-do-apply=\"padding el-a8d6bdb4\"><div class=\"vce-text-block txt-large-size in-v-spacing-large hyphenation\"><div class=\"vce-text-block-wrapper vce\" id=\"el-6ccf52b4\" data-vce-do-apply=\"all el-6ccf52b4\"><h1><span class=\"txt-highlight\">Uhrmacher\u00adferien<\/span><\/h1><\/div><\/div><\/div><\/div><\/div><\/div><\/div><\/div><div class=\"vce-row-container\" data-vce-boxed-width=\"true\"><div class=\"vce-row vce-row--col-gap-30 in-bottom-spacing-huge  in-top-spacing-large container-gap-both-2 vce-row-content--top\" id=\"el-f8fb0b0d\" data-vce-do-apply=\"all el-f8fb0b0d\"><div class=\"vce-row-content\" data-vce-element-content=\"true\"><div class=\"vce-col vce-col--xs-100p vce-col--xs-visible vce-col--xs-last vce-col--xs-first vce-col--sm-100p vce-col--sm-visible vce-col--sm-last vce-col--sm-first vce-col--md-100p vce-col--md-visible vce-col--md-last vce-col--md-first vce-col--lg-100p vce-col--lg-visible vce-col--lg-last vce-col--lg-first vce-col--xl-auto vce-col--xl-visible vce-col--xl-first\" id=\"el-9a5ca87b\"><div class=\"vce-col-inner\" data-vce-do-apply=\"border margin background  el-9a5ca87b\"><div class=\"vce-col-content\" data-vce-element-content=\"true\" data-vce-do-apply=\"padding el-9a5ca87b\"><div class=\"vce-text-block\"><div class=\"vce-text-block-wrapper vce\" id=\"el-5d4c523d\" data-vce-do-apply=\"all el-5d4c523d\"><p><span style=\"font-weight: 400;\">Die Generalversammlung des Arbeitgeberverbands der Schweizerischen Uhrenindustrie hat betreffend der Uhrmacherferien f\u00fcr Unternehmen, die Betriebsferien durchf\u00fchren, Folgendes entschieden:<\/span><\/p><\/div><\/div><div class=\"vce-text-block txt-large-size light-blue\"><div class=\"vce-text-block-wrapper vce\" id=\"el-770692d8\" data-vce-do-apply=\"all el-770692d8\"><\/div><\/div><div class=\"vce-text-block txt-large-size light-blue\"><div class=\"vce-text-block-wrapper vce\" id=\"el-f59693db\" data-vce-do-apply=\"all el-f59693db\"><p>Uhrmacherferien 2026<\/p><\/div><\/div><div class=\"vce-text-block text-box \"><div class=\"vce-text-block-wrapper vce\" id=\"el-8969f77a\" data-vce-do-apply=\"all el-8969f77a\"><p>Die 3-w\u00f6chigen Betriebsferien dauern von <strong>Montag, 20. Juli bis Freitag, 7. August 2026.<\/strong><\/p><p>Der Arbeitgeberverband <u>empfiehlt<\/u> den ihm angeschlossenen Unternehmen, eine allf\u00e4llige 4. Betriebsferienwoche unmittelbar vor oder nach den offiziellen drei Wochen anzuschliessen, also von Montag, 13. Juli bis Freitag, 17. Juli 2026 oder von Montag, 10. August bis Freitag, 14. August 2026.<\/p><\/div><\/div><\/div><\/div><\/div><div class=\"vce-col vce-col--xs-100p vce-col--xs-visible vce-col--xs-last vce-col--xs-first vce-col--sm-100p vce-col--sm-visible vce-col--sm-last vce-col--sm-first vce-col--md-100p vce-col--md-visible vce-col--md-last vce-col--md-first vce-col--lg-100p vce-col--lg-visible vce-col--lg-last vce-col--lg-first vce-col--xl-auto vce-col--xl-visible vce-col--xl-last\" id=\"el-5341315b\"><div class=\"vce-col-inner\" data-vce-do-apply=\"border margin background  el-5341315b\"><div class=\"vce-col-content\" data-vce-element-content=\"true\" data-vce-do-apply=\"padding el-5341315b\"><div class=\"vce-single-image-container vce-single-image--align-left\"><div class=\"vce vce-single-image-wrapper\" id=\"el-f06c94ea\" data-vce-do-apply=\"all el-f06c94ea\"><figure><div class=\"vce-single-image-figure-inner\" style=\"width: 974px;\"><div class=\"vce-single-image-inner vce-single-image--absolute\" style=\"width: 100%; padding-bottom: 105.133%;\"><img loading=\"lazy\" decoding=\"async\" class=\"vce-single-image\"  width=\"974\" height=\"1024\" srcset=\"https:\/\/cpih.ch\/wp-content\/uploads\/vac2s-320x336.jpg 320w, https:\/\/cpih.ch\/wp-content\/uploads\/vac2s-480x505.jpg 480w, https:\/\/cpih.ch\/wp-content\/uploads\/vac2s-800x841.jpg 800w, https:\/\/cpih.ch\/wp-content\/uploads\/vac2s-974x1024.jpg 974w, https:\/\/cpih.ch\/wp-content\/uploads\/vac2s-1948x2048.jpg 2x\" src=\"https:\/\/cpih.ch\/wp-content\/uploads\/vac2s-974x1024.jpg\" data-img-src=\"https:\/\/cpih.ch\/wp-content\/uploads\/vac2s.jpg\" data-attachment-id=\"2711\"  alt=\"\" title=\"vac2s\" \/><\/div><\/div><figcaption hidden=\"\"><\/figcaption><\/figure><\/div><\/div><\/div><\/div><\/div><\/div><\/div><\/div>\n","protected":false},"excerpt":{"rendered":"<p>Uhrmacher\u00adferienDie Generalversammlung des Arbeitgeberverbands der Schweizerischen Uhrenindustrie hat betreffend der Uhrmacherferien f\u00fcr Unternehmen, die Betriebsferien durchf\u00fchren, Folgendes entschieden:Uhrmacherferien 2026Die 3-w\u00f6chigen Betriebsferien dauern von Montag, 20. Juli bis Freitag, 7. August 2026.Der Arbeitgeberverband empfiehlt den ihm angeschlossenen Unternehmen, eine allf\u00e4llige 4. Betriebsferienwoche unmittelbar vor oder nach den offiziellen drei Wochen anzuschliessen, also von Montag, 13. Juli [&hellip;]<\/p>\n","protected":false},"author":1,"featured_media":0,"parent":0,"menu_order":0,"comment_status":"closed","ping_status":"closed","template":"templates\/template-page.php","meta":{"_acf_changed":false,"_monsterinsights_skip_tracking":false,"_monsterinsights_sitenote_active":false,"_monsterinsights_sitenote_note":"","_monsterinsights_sitenote_category":0,"footnotes":""},"class_list":["post-2109","page","type-page","status-publish","hentry"],"acf":[],"yoast_head":"<!-- This site is optimized with the Yoast SEO plugin v27.0 - https:\/\/yoast.com\/product\/yoast-seo-wordpress\/ -->\n<title>Uhrmacherferien - Convention patronale<\/title>\n<meta name=\"robots\" content=\"index, follow, max-snippet:-1, max-image-preview:large, max-video-preview:-1\" \/>\n<link rel=\"canonical\" href=\"https:\/\/cpih.ch\/de\/uhrmacherferien\/\" \/>\n<meta property=\"og:locale\" content=\"de_DE\" \/>\n<meta property=\"og:type\" content=\"article\" \/>\n<meta property=\"og:title\" content=\"Uhrmacherferien - Convention patronale\" \/>\n<meta property=\"og:description\" content=\"Uhrmacher\u00adferienDie Generalversammlung des Arbeitgeberverbands der Schweizerischen Uhrenindustrie hat betreffend der Uhrmacherferien f\u00fcr Unternehmen, die Betriebsferien durchf\u00fchren, Folgendes entschieden:Uhrmacherferien 2026Die 3-w\u00f6chigen Betriebsferien dauern von Montag, 20. Juli bis Freitag, 7. August 2026.Der Arbeitgeberverband empfiehlt den ihm angeschlossenen Unternehmen, eine allf\u00e4llige 4. Betriebsferienwoche unmittelbar vor oder nach den offiziellen drei Wochen anzuschliessen, also von Montag, 13. Juli [&hellip;]\" \/>\n<meta property=\"og:url\" content=\"https:\/\/cpih.ch\/de\/uhrmacherferien\/\" \/>\n<meta property=\"og:site_name\" content=\"Convention patronale\" \/>\n<meta property=\"article:modified_time\" content=\"2026-01-23T08:08:29+00:00\" \/>\n<meta name=\"twitter:card\" content=\"summary_large_image\" \/>\n<script type=\"application\/ld+json\" class=\"yoast-schema-graph\">{\"@context\":\"https:\/\/schema.org\",\"@graph\":[{\"@type\":\"WebPage\",\"@id\":\"https:\/\/cpih.ch\/de\/uhrmacherferien\/\",\"url\":\"https:\/\/cpih.ch\/de\/uhrmacherferien\/\",\"name\":\"Uhrmacherferien - Convention patronale\",\"isPartOf\":{\"@id\":\"https:\/\/cpih.ch\/#website\"},\"datePublished\":\"2019-06-27T08:53:05+00:00\",\"dateModified\":\"2026-01-23T08:08:29+00:00\",\"breadcrumb\":{\"@id\":\"https:\/\/cpih.ch\/de\/uhrmacherferien\/#breadcrumb\"},\"inLanguage\":\"de\",\"potentialAction\":[{\"@type\":\"ReadAction\",\"target\":[\"https:\/\/cpih.ch\/de\/uhrmacherferien\/\"]}]},{\"@type\":\"BreadcrumbList\",\"@id\":\"https:\/\/cpih.ch\/de\/uhrmacherferien\/#breadcrumb\",\"itemListElement\":[{\"@type\":\"ListItem\",\"position\":1,\"name\":\"Accueil\",\"item\":\"https:\/\/cpih.ch\/de\/\"},{\"@type\":\"ListItem\",\"position\":2,\"name\":\"Uhrmacherferien\"}]},{\"@type\":\"WebSite\",\"@id\":\"https:\/\/cpih.ch\/#website\",\"url\":\"https:\/\/cpih.ch\/\",\"name\":\"Convention patronale\",\"description\":\"Un site\",\"potentialAction\":[{\"@type\":\"SearchAction\",\"target\":{\"@type\":\"EntryPoint\",\"urlTemplate\":\"https:\/\/cpih.ch\/?s={search_term_string}\"},\"query-input\":{\"@type\":\"PropertyValueSpecification\",\"valueRequired\":true,\"valueName\":\"search_term_string\"}}],\"inLanguage\":\"de\"}]}<\/script>\n<!-- \/ Yoast SEO plugin. -->","yoast_head_json":{"title":"Uhrmacherferien - Convention patronale","robots":{"index":"index","follow":"follow","max-snippet":"max-snippet:-1","max-image-preview":"max-image-preview:large","max-video-preview":"max-video-preview:-1"},"canonical":"https:\/\/cpih.ch\/de\/uhrmacherferien\/","og_locale":"de_DE","og_type":"article","og_title":"Uhrmacherferien - Convention patronale","og_description":"Uhrmacher\u00adferienDie Generalversammlung des Arbeitgeberverbands der Schweizerischen Uhrenindustrie hat betreffend der Uhrmacherferien f\u00fcr Unternehmen, die Betriebsferien durchf\u00fchren, Folgendes entschieden:Uhrmacherferien 2026Die 3-w\u00f6chigen Betriebsferien dauern von Montag, 20. Juli bis Freitag, 7. August 2026.Der Arbeitgeberverband empfiehlt den ihm angeschlossenen Unternehmen, eine allf\u00e4llige 4. Betriebsferienwoche unmittelbar vor oder nach den offiziellen drei Wochen anzuschliessen, also von Montag, 13. Juli [&hellip;]","og_url":"https:\/\/cpih.ch\/de\/uhrmacherferien\/","og_site_name":"Convention patronale","article_modified_time":"2026-01-23T08:08:29+00:00","twitter_card":"summary_large_image","schema":{"@context":"https:\/\/schema.org","@graph":[{"@type":"WebPage","@id":"https:\/\/cpih.ch\/de\/uhrmacherferien\/","url":"https:\/\/cpih.ch\/de\/uhrmacherferien\/","name":"Uhrmacherferien - Convention patronale","isPartOf":{"@id":"https:\/\/cpih.ch\/#website"},"datePublished":"2019-06-27T08:53:05+00:00","dateModified":"2026-01-23T08:08:29+00:00","breadcrumb":{"@id":"https:\/\/cpih.ch\/de\/uhrmacherferien\/#breadcrumb"},"inLanguage":"de","potentialAction":[{"@type":"ReadAction","target":["https:\/\/cpih.ch\/de\/uhrmacherferien\/"]}]},{"@type":"BreadcrumbList","@id":"https:\/\/cpih.ch\/de\/uhrmacherferien\/#breadcrumb","itemListElement":[{"@type":"ListItem","position":1,"name":"Accueil","item":"https:\/\/cpih.ch\/de\/"},{"@type":"ListItem","position":2,"name":"Uhrmacherferien"}]},{"@type":"WebSite","@id":"https:\/\/cpih.ch\/#website","url":"https:\/\/cpih.ch\/","name":"Convention patronale","description":"Un site","potentialAction":[{"@type":"SearchAction","target":{"@type":"EntryPoint","urlTemplate":"https:\/\/cpih.ch\/?s={search_term_string}"},"query-input":{"@type":"PropertyValueSpecification","valueRequired":true,"valueName":"search_term_string"}}],"inLanguage":"de"}]}},"_links":{"self":[{"href":"https:\/\/cpih.ch\/de\/wp-json\/wp\/v2\/pages\/2109","targetHints":{"allow":["GET"]}}],"collection":[{"href":"https:\/\/cpih.ch\/de\/wp-json\/wp\/v2\/pages"}],"about":[{"href":"https:\/\/cpih.ch\/de\/wp-json\/wp\/v2\/types\/page"}],"author":[{"embeddable":true,"href":"https:\/\/cpih.ch\/de\/wp-json\/wp\/v2\/users\/1"}],"replies":[{"embeddable":true,"href":"https:\/\/cpih.ch\/de\/wp-json\/wp\/v2\/comments?post=2109"}],"version-history":[{"count":17,"href":"https:\/\/cpih.ch\/de\/wp-json\/wp\/v2\/pages\/2109\/revisions"}],"predecessor-version":[{"id":18783,"href":"https:\/\/cpih.ch\/de\/wp-json\/wp\/v2\/pages\/2109\/revisions\/18783"}],"wp:attachment":[{"href":"https:\/\/cpih.ch\/de\/wp-json\/wp\/v2\/media?parent=2109"}],"curies":[{"name":"wp","href":"https:\/\/api.w.org\/{rel}","templated":true}]}}