{"id":2102,"date":"2019-07-11T14:59:32","date_gmt":"2019-07-11T12:59:32","guid":{"rendered":"https:\/\/cpih.ch\/salaires\/"},"modified":"2025-11-21T11:36:08","modified_gmt":"2025-11-21T10:36:08","slug":"loehne","status":"publish","type":"page","link":"https:\/\/cpih.ch\/de\/loehne\/","title":{"rendered":"L\u00f6hne"},"content":{"rendered":"<div class=\"vce-row-container\" data-vce-boxed-width=\"true\"><div class=\"vce-row vce-row--col-gap-30 pp-area container-gap-both-2 in-v-spacing-large bg-light-grey vce-row-content--top\" id=\"el-489c386f\" data-vce-do-apply=\"all el-489c386f\"><div class=\"vce-row-content\" data-vce-element-content=\"true\"><div class=\"vce-col vce-col--md-auto vce-col--xs-1 vce-col--xs-last vce-col--xs-first vce-col--sm-last vce-col--sm-first vce-col--md-last vce-col--lg-last vce-col--xl-last vce-col--md-first vce-col--lg-first vce-col--xl-first\" id=\"el-18c45736\"><div class=\"vce-col-inner\" data-vce-do-apply=\"border margin background  el-18c45736\"><div class=\"vce-col-content\" data-vce-element-content=\"true\" data-vce-do-apply=\"padding el-18c45736\"><div class=\"vce-text-block\"><div class=\"vce-text-block-wrapper vce\" id=\"el-1eab75ab\" data-vce-do-apply=\"all el-1eab75ab\"><h1><span class=\"txt-highlight\">L\u00f6hne&nbsp;<\/span><\/h1><\/div><\/div><\/div><\/div><\/div><\/div><\/div><\/div><div class=\"vce-row-container\" data-vce-boxed-width=\"true\"><div class=\"vce-row vce-row--col-gap-30 pp-area img-txt-shadow-left vertical-center no-margin-negative vce-row-content--top\" id=\"el-a2e0339e\" data-vce-do-apply=\"all el-a2e0339e\"><div class=\"vce-row-content\" data-vce-element-content=\"true\"><div class=\"vce-col vce-col--xs-100p vce-col--xs-visible vce-col--xs-last vce-col--xs-first vce-col--sm-100p vce-col--sm-visible vce-col--sm-last vce-col--sm-first vce-col--md-100p vce-col--md-visible vce-col--md-last vce-col--md-first vce-col--lg-100p vce-col--lg-visible vce-col--lg-last vce-col--lg-first vce-col--xl-auto vce-col--xl-visible vce-col--xl-first\" id=\"el-a5dcbaeb\"><div class=\"vce-col-inner\" data-vce-do-apply=\"border margin background  el-a5dcbaeb\"><div class=\"vce-col-content\" data-vce-element-content=\"true\" data-vce-do-apply=\"padding el-a5dcbaeb\"><div class=\"vce-widgets-container\"><div class=\"vce vce-widgets-wrapper\" id=\"el-13822fbf\" data-vce-do-apply=\"all el-13822fbf\"><div class=\"shadow-link-box\">\r\n\t\t\t<a class=\"link-box padding-big\" href=\"https:\/\/cpih.ch\/wp-content\/uploads\/20250701-SME-01.pdf\" target=\"_blank\" rel=\"noopener noreferer\">\r\n\r\n\t\t\t\t<div class=\"content\">\r\n\t\t\t\t\t\r\n\t\t\t\t\t\t\t\t\t\t<h3>Mindestl\u00f6hne <\/h3>\r\n\t\t\t\t\t\r\n\t\t\t\t\t\t\t\t\t\t<p>Der GAV sieht Mindestl\u00f6hne vor, die pro Kanton oder Region festgelegt werden (Art. 17.2) (nur in Franz\u00f6sisch)<\/p>\r\n\t\t\t\t\t\t\t\t\t<\/div>\r\n\r\n\t\t\t\t\r\n\t\t\t\t\t<span class=\"link-box-button button\">\r\n\t\t\t\t\t\t<span class=\"icon-document\"><\/span>\r\n\t\t\t\t\t<\/span>\r\n\r\n\t\t\t\t\t\t\t\t\t\t<span class=\"link-box-button-help-txt\">PDF<\/span>\r\n\t\t\t\t\t\r\n\t\t\t\t\t\t\t\t\t\t<span class=\"link-box-button-hover-txt\">PDF ansehen<\/span>\r\n\t\t\t\t\t\r\n\t\t\t\t\t\t\t<\/a>\r\n\t\t<\/div><\/div><\/div><\/div><\/div><\/div><div class=\"vce-col vce-col--xs-100p vce-col--xs-visible vce-col--xs-last vce-col--xs-first vce-col--sm-100p vce-col--sm-visible vce-col--sm-last vce-col--sm-first vce-col--md-100p vce-col--md-visible vce-col--md-last vce-col--md-first vce-col--lg-100p vce-col--lg-visible vce-col--lg-last vce-col--lg-first vce-col--xl-auto vce-col--xl-visible vce-col--xl-last\" id=\"el-62b64904\"><div class=\"vce-col-inner\" data-vce-do-apply=\"border margin background  el-62b64904\"><div class=\"vce-col-content\" data-vce-element-content=\"true\" data-vce-do-apply=\"padding el-62b64904\"><div class=\"vce-single-image-container vce-single-image--align-left\"><div class=\"vce vce-single-image-wrapper\" id=\"el-9b99c7c2\" data-vce-do-apply=\"all el-9b99c7c2\"><figure><div class=\"vce-single-image-figure-inner\" style=\"width: 1024px;\"><div class=\"vce-single-image-inner vce-single-image--absolute\" style=\"width: 100%; padding-bottom: 66.6016%;\"><img loading=\"lazy\" decoding=\"async\" class=\"vce-single-image\"  width=\"1024\" height=\"682\" srcset=\"https:\/\/cpih.ch\/wp-content\/uploads\/pp-salaire-1024x683.jpg 1024w, https:\/\/cpih.ch\/wp-content\/uploads\/pp-salaire-320x213.jpg 320w, https:\/\/cpih.ch\/wp-content\/uploads\/pp-salaire-480x320.jpg 480w, https:\/\/cpih.ch\/wp-content\/uploads\/pp-salaire-800x533.jpg 800w\" src=\"https:\/\/cpih.ch\/wp-content\/uploads\/pp-salaire-1024x683.jpg\" data-img-src=\"https:\/\/cpih.ch\/wp-content\/uploads\/pp-salaire.jpg\" data-attachment-id=\"1593\"  alt=\"\" title=\"pp-salaire\" \/><\/div><\/div><figcaption hidden=\"\"><\/figcaption><\/figure><\/div><\/div><\/div><\/div><\/div><\/div><\/div><\/div><div class=\"vce-row-container\" data-vce-boxed-width=\"true\"><div class=\"vce-row vce-row--col-gap-30 container-gap-both-2 out-top-spacing-huge vce-row-content--top\" id=\"el-77c92efe\" data-vce-do-apply=\"all el-77c92efe\"><div class=\"vce-row-content\" data-vce-element-content=\"true\"><div class=\"vce-col vce-col--xs-100p vce-col--xs-visible vce-col--xs-last vce-col--xs-first vce-col--sm-100p vce-col--sm-visible vce-col--sm-last vce-col--sm-first vce-col--md-100p vce-col--md-visible vce-col--md-last vce-col--md-first vce-col--lg-100p vce-col--lg-visible vce-col--lg-last vce-col--lg-first vce-col--xl-auto vce-col--xl-visible vce-col--xl-first\" id=\"el-49a83771\"><div class=\"vce-col-inner\" data-vce-do-apply=\"border margin background  el-49a83771\"><div class=\"vce-col-content\" data-vce-element-content=\"true\" data-vce-do-apply=\"padding el-49a83771\"><div class=\"vce-text-block light-blue\"><div class=\"vce-text-block-wrapper vce\" id=\"el-64db4ed8\" data-vce-do-apply=\"all el-64db4ed8\"><p>Zeitliche Entwicklung<\/p><\/div><\/div><div class=\"vce-widgets-container\"><div class=\"vce vce-widgets-wrapper\" id=\"el-56f57aa6\" data-vce-do-apply=\"all el-56f57aa6\"><canvas data-chart-data='{&quot;type&quot;:&quot;bar&quot;,&quot;data&quot;:{&quot;datasets&quot;:[{&quot;label&quot;:&quot;Lohn in CHF&quot;,&quot;data&quot;:[3120,3203,3278,3339,3474,3730,4018,4144,4289,4365,4455,4524,4529,4587,4729,4829,4889,4952,5197,5250,5514,5604,5715,5941,5883,5942,5298,5301,5012,5098,5250,5287,5439,5462,5391,5413,5465,5575,5878,5958],&quot;backgroundColor&quot;:&quot;#078097&quot;}],&quot;labels&quot;:[&quot;1987&quot;,&quot;1988&quot;,&quot;1989&quot;,&quot;1990&quot;,&quot;1991&quot;,&quot;1992&quot;,&quot;1993&quot;,&quot;1994&quot;,&quot;1995&quot;,&quot;1996&quot;,&quot;1997&quot;,&quot;1998&quot;,&quot;1999&quot;,&quot;2000&quot;,&quot;2001&quot;,&quot;2002&quot;,&quot;2003&quot;,&quot;2004&quot;,&quot;2005&quot;,&quot;2006&quot;,&quot;2007&quot;,&quot;2008&quot;,&quot;2009&quot;,&quot;2010&quot;,&quot;2011&quot;,&quot;2012&quot;,&quot;2013 \\u00b9&quot;,&quot;2014&quot;,&quot;2015 \\u00b2&quot;,&quot;2016&quot;,&quot;2017&quot;,&quot;2018&quot;,&quot;2019&quot;,&quot;2020&quot;,&quot;2021&quot;,&quot;2022&quot;,&quot;2023&quot;,&quot;2024&quot;,&quot;2025&quot;,&quot;2026&quot;]}}'><\/canvas><\/div><\/div><\/div><\/div><\/div><div class=\"vce-col vce-col--xs-100p vce-col--xs-visible vce-col--xs-last vce-col--xs-first vce-col--sm-100p vce-col--sm-visible vce-col--sm-last vce-col--sm-first vce-col--md-100p vce-col--md-visible vce-col--md-last vce-col--md-first vce-col--lg-100p vce-col--lg-visible vce-col--lg-last vce-col--lg-first vce-col--xl-auto vce-col--xl-visible vce-col--xl-last\" id=\"el-e9d00c56\"><div class=\"vce-col-inner\" data-vce-do-apply=\"border margin background  el-e9d00c56\"><div class=\"vce-col-content\" data-vce-element-content=\"true\" data-vce-do-apply=\"padding el-e9d00c56\"><div class=\"vce-text-block txt-large-size light-blue\"><div class=\"vce-text-block-wrapper vce\" id=\"el-75833107\" data-vce-do-apply=\"all el-75833107\"><p>Medianer Lohn der Uhrenindustrie<\/p><\/div><\/div><div class=\"vce-text-block\"><div class=\"vce-text-block-wrapper vce\" id=\"el-5399fc0f\" data-vce-do-apply=\"all el-5399fc0f\"><p><strong>Der mediane Lohn der Uhrenindustrie liegt 2025 bei Fr. 5'958.\u2013.<\/strong><\/p>\n<p><ins>Anmerkungen<\/ins>&nbsp;:<br><strong>\u00b9<\/strong> Seit 2013 beruht die Berechnung des medianen Lohns der Uhrenindustrie auf den neuen Bestimmungen von Art. 18.3 GAV. Alle Lohnzuschl\u00e4ge (\u00dcberstunden, Pr\u00e4mie f\u00fcr erh\u00f6hte Arbeitsbelastung, Anteil 13. Monatslohn, Sonderzahlungen\/Boni) werden dabei nicht mehr ber\u00fccksichtigt.<\/p>\n<p><strong>\u00b2<\/strong> Der R\u00fcckgang des medianen Lohns der Uhrenindustrie, der 2015 verzeichnet wurde, l\u00e4sst sich durch die ver\u00e4nderte Zusammensetzung des Personals in der Uhrenindustrie erkl\u00e4ren. Die hohe Rekrutierungsrate in den Jahren zwischen 2010 und 2012 f\u00fchrte insbesondere zur Einstellung von neuen Mitarbeitenden, die am Beginn ihrer beruflichen Laufbahn standen.<\/p><\/div><\/div><\/div><\/div><\/div><\/div><\/div><\/div><div class=\"vce-row-container\" data-vce-boxed-width=\"true\"><div class=\"vce-row vce-row--col-gap-30 vce-row-content--top\" id=\"el-7424c3c8\" data-vce-do-apply=\"all el-7424c3c8\"><div class=\"vce-row-content\" data-vce-element-content=\"true\"><div class=\"vce-col vce-col--md-auto vce-col--xs-1 vce-col--xs-last vce-col--xs-first vce-col--sm-last vce-col--sm-first vce-col--md-first vce-col--lg-first vce-col--xl-first\" id=\"el-0249e21d\"><div class=\"vce-col-inner\" data-vce-do-apply=\"border margin background  el-0249e21d\"><div class=\"vce-col-content\" data-vce-element-content=\"true\" data-vce-do-apply=\"padding el-0249e21d\"><div class=\"vcv-row-control-wrapper\"><\/div><\/div><\/div><\/div><div class=\"vce-col vce-col--md-auto vce-col--xs-1 vce-col--xs-last vce-col--xs-first vce-col--sm-last vce-col--sm-first vce-col--md-last vce-col--lg-last vce-col--xl-last\" id=\"el-85bfd01d\"><div class=\"vce-col-inner\" data-vce-do-apply=\"border margin background  el-85bfd01d\"><div class=\"vce-col-content\" data-vce-element-content=\"true\" data-vce-do-apply=\"padding el-85bfd01d\"><div class=\"vcv-row-control-wrapper\"><\/div><\/div><\/div><\/div><\/div><\/div><\/div><div class=\"vce-row-container\" data-vce-boxed-width=\"true\"><div class=\"vce-row vce-row--col-gap-30 container-gap-both-2 vce-row-content--top\" id=\"el-4ee8d65e\" data-vce-do-apply=\"all el-4ee8d65e\"><div class=\"vce-row-content\" data-vce-element-content=\"true\"><div class=\"vce-col vce-col--md-auto vce-col--xs-1 vce-col--xs-last vce-col--xs-first vce-col--sm-last vce-col--sm-first vce-col--md-last vce-col--lg-last vce-col--xl-last vce-col--md-first vce-col--lg-first vce-col--xl-first\" id=\"el-6a8093e5\"><div class=\"vce-col-inner\" data-vce-do-apply=\"border margin background  el-6a8093e5\"><div class=\"vce-col-content\" data-vce-element-content=\"true\" data-vce-do-apply=\"padding el-6a8093e5\"><div class=\"vce-text-block txt-large-size light-blue out-top-spacing-huge\"><div class=\"vce-text-block-wrapper vce\" id=\"el-de6b67c2\" data-vce-do-apply=\"all el-de6b67c2\"><p>Lehrlingsl\u00f6hne<\/p><\/div><\/div><div class=\"vce-text-block three-quarter-content\"><div class=\"vce-text-block-wrapper vce\" id=\"el-17f93a4f\" data-vce-do-apply=\"all el-17f93a4f\"><p><span style=\"font-weight: 400;\">Der GAV umfasst Empfehlungen f\u00fcr den Monatslohn von Lernenden (Art. 29, Lehrlingsstatut).<\/span><ins><\/ins><\/p><\/div><\/div><div class=\"vce-widgets-container\"><div class=\"vce vce-widgets-wrapper\" id=\"el-af69b822\" data-vce-do-apply=\"all el-af69b822\">\r\n\t\t<div class=\"table-widget table-widget-fixe\">\r\n\t\t\t<div class=\"table-widget-rows\">\r\n\t\t\t\t\r\n\t\t\t\t\r\n\t\t\t\t\t<div class=\"table-widget-row fg\">\r\n\r\n\t\t\t\t\t\t\r\n\t\t\t\t\t\t\t\t\t\t\t\t\t<div class=\"table-widget-col\">\r\n\t\t\t\t\t\t\t\tLehrjahr\t\t\t\t\t\t\t<\/div>\r\n\t\t\t\t\t\t\t\t\t\t\t\t\t<div class=\"table-widget-col\">\r\n\t\t\t\t\t\t\t\tMedianer Lohn der Uhrenindustrie\t\t\t\t\t\t\t<\/div>\r\n\t\t\t\t\t\t\t\t\t\t\t\t\t<div class=\"table-widget-col\">\r\n\t\t\t\t\t\t\t\t1. Lehrjahr <br> 10-15%\t\t\t\t\t\t\t<\/div>\r\n\t\t\t\t\t\t\t\t\t\t\t\t\t<div class=\"table-widget-col\">\r\n\t\t\t\t\t\t\t\t2. Lehrjahr <br>15-20%\t\t\t\t\t\t\t<\/div>\r\n\t\t\t\t\t\t\t\t\t\t\t\t\t<div class=\"table-widget-col\">\r\n\t\t\t\t\t\t\t\t3. Lehrjahr <br>20-25%\t\t\t\t\t\t\t<\/div>\r\n\t\t\t\t\t\t\t\t\t\t\t\t\t<div class=\"table-widget-col\">\r\n\t\t\t\t\t\t\t\t4. Lehrjahr <br>25%-30%\t\t\t\t\t\t\t<\/div>\r\n\t\t\t\t\t\t\r\n\t\t\t\t\t<\/div>\r\n\r\n\t\t\t\t\r\n\t\t\t\t\t<div class=\"table-widget-row fg\">\r\n\r\n\t\t\t\t\t\t\r\n\t\t\t\t\t\t\t\t\t\t\t\t\t<div class=\"table-widget-col\">\r\n\t\t\t\t\t\t\t\t2026\t\t\t\t\t\t\t<\/div>\r\n\t\t\t\t\t\t\t\t\t\t\t\t\t<div class=\"table-widget-col\">\r\n\t\t\t\t\t\t\t\tFr. 5'958.-\t\t\t\t\t\t\t<\/div>\r\n\t\t\t\t\t\t\t\t\t\t\t\t\t<div class=\"table-widget-col\">\r\n\t\t\t\t\t\t\t\tFr. 596.- \/  <br>Fr. 894.-\t\t\t\t\t\t\t<\/div>\r\n\t\t\t\t\t\t\t\t\t\t\t\t\t<div class=\"table-widget-col\">\r\n\t\t\t\t\t\t\t\tFr. 894.- \/  <br>Fr. 1'192.-\t\t\t\t\t\t\t<\/div>\r\n\t\t\t\t\t\t\t\t\t\t\t\t\t<div class=\"table-widget-col\">\r\n\t\t\t\t\t\t\t\tFr. 1'192- \/  <br>Fr. 1'490.-\t\t\t\t\t\t\t<\/div>\r\n\t\t\t\t\t\t\t\t\t\t\t\t\t<div class=\"table-widget-col\">\r\n\t\t\t\t\t\t\t\tFr. 1'490.- \/  <br>Fr. 1'788.-\t\t\t\t\t\t\t<\/div>\r\n\t\t\t\t\t\t\r\n\t\t\t\t\t<\/div>\r\n\r\n\t\t\t\t\r\n\t\t\t\t\t<div class=\"table-widget-row fg\">\r\n\r\n\t\t\t\t\t\t\r\n\t\t\t\t\t\t\t\t\t\t\t\t\t<div class=\"table-widget-col\">\r\n\t\t\t\t\t\t\t\t2025\t\t\t\t\t\t\t<\/div>\r\n\t\t\t\t\t\t\t\t\t\t\t\t\t<div class=\"table-widget-col\">\r\n\t\t\t\t\t\t\t\tFr. 5'878.-\t\t\t\t\t\t\t<\/div>\r\n\t\t\t\t\t\t\t\t\t\t\t\t\t<div class=\"table-widget-col\">\r\n\t\t\t\t\t\t\t\tFr. 588.- \/  <br>Fr. 882.-\t\t\t\t\t\t\t<\/div>\r\n\t\t\t\t\t\t\t\t\t\t\t\t\t<div class=\"table-widget-col\">\r\n\t\t\t\t\t\t\t\tFr. 882.- \/  <br>Fr. 1'176.-\t\t\t\t\t\t\t<\/div>\r\n\t\t\t\t\t\t\t\t\t\t\t\t\t<div class=\"table-widget-col\">\r\n\t\t\t\t\t\t\t\tFr. 1'176.- \/  <br>Fr. 1'470.-\t\t\t\t\t\t\t<\/div>\r\n\t\t\t\t\t\t\t\t\t\t\t\t\t<div class=\"table-widget-col\">\r\n\t\t\t\t\t\t\t\tFr. 1'470.- \/  <br>Fr. 1'763.-\t\t\t\t\t\t\t<\/div>\r\n\t\t\t\t\t\t\r\n\t\t\t\t\t<\/div>\r\n\r\n\t\t\t\t\r\n\t\t\t\t\t<div class=\"table-widget-row fg\">\r\n\r\n\t\t\t\t\t\t\r\n\t\t\t\t\t\t\t\t\t\t\t\t\t<div class=\"table-widget-col\">\r\n\t\t\t\t\t\t\t\t2024\t\t\t\t\t\t\t<\/div>\r\n\t\t\t\t\t\t\t\t\t\t\t\t\t<div class=\"table-widget-col\">\r\n\t\t\t\t\t\t\t\tFr. 5'575.-\t\t\t\t\t\t\t<\/div>\r\n\t\t\t\t\t\t\t\t\t\t\t\t\t<div class=\"table-widget-col\">\r\n\t\t\t\t\t\t\t\tFr. 558.- \/  <br>Fr. 836.-\t\t\t\t\t\t\t<\/div>\r\n\t\t\t\t\t\t\t\t\t\t\t\t\t<div class=\"table-widget-col\">\r\n\t\t\t\t\t\t\t\tFr. 836.- \/  <br>Fr. 1'115.-\t\t\t\t\t\t\t<\/div>\r\n\t\t\t\t\t\t\t\t\t\t\t\t\t<div class=\"table-widget-col\">\r\n\t\t\t\t\t\t\t\tFr. 1'115.- \/  <br>Fr. 1'394.-\t\t\t\t\t\t\t<\/div>\r\n\t\t\t\t\t\t\t\t\t\t\t\t\t<div class=\"table-widget-col\">\r\n\t\t\t\t\t\t\t\tFr. 1'394.- \/  <br>Fr. 1'673.-\t\t\t\t\t\t\t<\/div>\r\n\t\t\t\t\t\t\r\n\t\t\t\t\t<\/div>\r\n\r\n\t\t\t\t\r\n\t\t\t\t\t<div class=\"table-widget-row fg\">\r\n\r\n\t\t\t\t\t\t\r\n\t\t\t\t\t\t\t\t\t\t\t\t\t<div class=\"table-widget-col\">\r\n\t\t\t\t\t\t\t\t2023\t\t\t\t\t\t\t<\/div>\r\n\t\t\t\t\t\t\t\t\t\t\t\t\t<div class=\"table-widget-col\">\r\n\t\t\t\t\t\t\t\tFr. 5'465.-\t\t\t\t\t\t\t<\/div>\r\n\t\t\t\t\t\t\t\t\t\t\t\t\t<div class=\"table-widget-col\">\r\n\t\t\t\t\t\t\t\tFr. 547.- \/  <br>Fr. 820.-\t\t\t\t\t\t\t<\/div>\r\n\t\t\t\t\t\t\t\t\t\t\t\t\t<div class=\"table-widget-col\">\r\n\t\t\t\t\t\t\t\tFr. 820.- \/  <br>Fr. 1'093.-\t\t\t\t\t\t\t<\/div>\r\n\t\t\t\t\t\t\t\t\t\t\t\t\t<div class=\"table-widget-col\">\r\n\t\t\t\t\t\t\t\tFr. 1'093.- \/  <br>Fr. 1'366.-\t\t\t\t\t\t\t<\/div>\r\n\t\t\t\t\t\t\t\t\t\t\t\t\t<div class=\"table-widget-col\">\r\n\t\t\t\t\t\t\t\tFr. 1'366.- \/  <br>Fr. 1'640.-\t\t\t\t\t\t\t<\/div>\r\n\t\t\t\t\t\t\r\n\t\t\t\t\t<\/div>\r\n\r\n\t\t\t\t\r\n\t\t\t\t\t<div class=\"table-widget-row fg\">\r\n\r\n\t\t\t\t\t\t\r\n\t\t\t\t\t\t\t\t\t\t\t\t\t<div class=\"table-widget-col\">\r\n\t\t\t\t\t\t\t\t2022\t\t\t\t\t\t\t<\/div>\r\n\t\t\t\t\t\t\t\t\t\t\t\t\t<div class=\"table-widget-col\">\r\n\t\t\t\t\t\t\t\tFr. 5'413.-\t\t\t\t\t\t\t<\/div>\r\n\t\t\t\t\t\t\t\t\t\t\t\t\t<div class=\"table-widget-col\">\r\n\t\t\t\t\t\t\t\tFr. 541.- \/  <br>Fr. 812.-\t\t\t\t\t\t\t<\/div>\r\n\t\t\t\t\t\t\t\t\t\t\t\t\t<div class=\"table-widget-col\">\r\n\t\t\t\t\t\t\t\tFr. 812.- \/  <br>Fr. 1'083.-\t\t\t\t\t\t\t<\/div>\r\n\t\t\t\t\t\t\t\t\t\t\t\t\t<div class=\"table-widget-col\">\r\n\t\t\t\t\t\t\t\tFr. 1'083.- \/  <br>Fr. 1'353.-\t\t\t\t\t\t\t<\/div>\r\n\t\t\t\t\t\t\t\t\t\t\t\t\t<div class=\"table-widget-col\">\r\n\t\t\t\t\t\t\t\tFr. 1'353.- \/  <br>Fr. 1'624.-\t\t\t\t\t\t\t<\/div>\r\n\t\t\t\t\t\t\r\n\t\t\t\t\t<\/div>\r\n\r\n\t\t\t\t\r\n\t\t\t<\/div>\r\n\t\t<\/div><\/div><\/div><div class=\"vce-text-block\"><div class=\"vce-text-block-wrapper vce\" id=\"el-58ccdbb0\" data-vce-do-apply=\"all el-58ccdbb0\"><p><ins>Anmerkungen<\/ins> :<br>- Lernende sind im Monatslohn angestellt.<br>- Die Betr\u00e4ge sind auf der Grundlage des medianen Lohns der Uhrenindustrie berechnet (variabler Prozentsatz gem\u00e4ss Lehrjahr).<br>- Die L\u00f6hne sind f\u00fcr M\u00e4nner und Frauen gleich und werden 13 Mal ausbezahlt.<\/p>\n<p>&nbsp;<\/p><\/div><\/div><\/div><\/div><\/div><\/div><\/div><\/div>","protected":false},"excerpt":{"rendered":"<p>L\u00f6hne&nbsp;Zeitliche EntwicklungMedianer Lohn der UhrenindustrieDer mediane Lohn der Uhrenindustrie liegt 2025 bei Fr. 5&#8217;958.\u2013. Anmerkungen&nbsp;:\u00b9 Seit 2013 beruht die Berechnung des medianen Lohns der Uhrenindustrie auf den neuen Bestimmungen von Art. 18.3 GAV. Alle Lohnzuschl\u00e4ge (\u00dcberstunden, Pr\u00e4mie f\u00fcr erh\u00f6hte Arbeitsbelastung, Anteil 13. Monatslohn, Sonderzahlungen\/Boni) werden dabei nicht mehr ber\u00fccksichtigt. \u00b2 Der R\u00fcckgang des medianen Lohns [&hellip;]<\/p>\n","protected":false},"author":1,"featured_media":0,"parent":0,"menu_order":0,"comment_status":"closed","ping_status":"closed","template":"templates\/template-page.php","meta":{"_acf_changed":false,"_monsterinsights_skip_tracking":false,"_monsterinsights_sitenote_active":false,"_monsterinsights_sitenote_note":"","_monsterinsights_sitenote_category":0,"footnotes":""},"class_list":["post-2102","page","type-page","status-publish","hentry"],"acf":[],"yoast_head":"<!-- This site is optimized with the Yoast SEO plugin v27.0 - https:\/\/yoast.com\/product\/yoast-seo-wordpress\/ -->\n<title>L\u00f6hne - Convention patronale<\/title>\n<meta name=\"robots\" content=\"index, follow, max-snippet:-1, max-image-preview:large, max-video-preview:-1\" \/>\n<link rel=\"canonical\" href=\"https:\/\/cpih.ch\/de\/loehne\/\" \/>\n<meta property=\"og:locale\" content=\"de_DE\" \/>\n<meta property=\"og:type\" content=\"article\" \/>\n<meta property=\"og:title\" content=\"L\u00f6hne - Convention patronale\" \/>\n<meta property=\"og:description\" content=\"L\u00f6hne&nbsp;Zeitliche EntwicklungMedianer Lohn der UhrenindustrieDer mediane Lohn der Uhrenindustrie liegt 2025 bei Fr. 5&#039;958.\u2013. Anmerkungen&nbsp;:\u00b9 Seit 2013 beruht die Berechnung des medianen Lohns der Uhrenindustrie auf den neuen Bestimmungen von Art. 18.3 GAV. Alle Lohnzuschl\u00e4ge (\u00dcberstunden, Pr\u00e4mie f\u00fcr erh\u00f6hte Arbeitsbelastung, Anteil 13. Monatslohn, Sonderzahlungen\/Boni) werden dabei nicht mehr ber\u00fccksichtigt. \u00b2 Der R\u00fcckgang des medianen Lohns [&hellip;]\" \/>\n<meta property=\"og:url\" content=\"https:\/\/cpih.ch\/de\/loehne\/\" \/>\n<meta property=\"og:site_name\" content=\"Convention patronale\" \/>\n<meta property=\"article:modified_time\" content=\"2025-11-21T10:36:08+00:00\" \/>\n<meta name=\"twitter:card\" content=\"summary_large_image\" \/>\n<meta name=\"twitter:label1\" content=\"Gesch\u00e4tzte Lesezeit\" \/>\n\t<meta name=\"twitter:data1\" content=\"3\u00a0Minuten\" \/>\n<script type=\"application\/ld+json\" class=\"yoast-schema-graph\">{\"@context\":\"https:\/\/schema.org\",\"@graph\":[{\"@type\":\"WebPage\",\"@id\":\"https:\/\/cpih.ch\/de\/loehne\/\",\"url\":\"https:\/\/cpih.ch\/de\/loehne\/\",\"name\":\"L\u00f6hne - Convention patronale\",\"isPartOf\":{\"@id\":\"https:\/\/cpih.ch\/#website\"},\"datePublished\":\"2019-07-11T12:59:32+00:00\",\"dateModified\":\"2025-11-21T10:36:08+00:00\",\"breadcrumb\":{\"@id\":\"https:\/\/cpih.ch\/de\/loehne\/#breadcrumb\"},\"inLanguage\":\"de\",\"potentialAction\":[{\"@type\":\"ReadAction\",\"target\":[\"https:\/\/cpih.ch\/de\/loehne\/\"]}]},{\"@type\":\"BreadcrumbList\",\"@id\":\"https:\/\/cpih.ch\/de\/loehne\/#breadcrumb\",\"itemListElement\":[{\"@type\":\"ListItem\",\"position\":1,\"name\":\"Accueil\",\"item\":\"https:\/\/cpih.ch\/de\/\"},{\"@type\":\"ListItem\",\"position\":2,\"name\":\"L\u00f6hne\"}]},{\"@type\":\"WebSite\",\"@id\":\"https:\/\/cpih.ch\/#website\",\"url\":\"https:\/\/cpih.ch\/\",\"name\":\"Convention patronale\",\"description\":\"Un site\",\"potentialAction\":[{\"@type\":\"SearchAction\",\"target\":{\"@type\":\"EntryPoint\",\"urlTemplate\":\"https:\/\/cpih.ch\/?s={search_term_string}\"},\"query-input\":{\"@type\":\"PropertyValueSpecification\",\"valueRequired\":true,\"valueName\":\"search_term_string\"}}],\"inLanguage\":\"de\"}]}<\/script>\n<!-- \/ Yoast SEO plugin. -->","yoast_head_json":{"title":"L\u00f6hne - Convention patronale","robots":{"index":"index","follow":"follow","max-snippet":"max-snippet:-1","max-image-preview":"max-image-preview:large","max-video-preview":"max-video-preview:-1"},"canonical":"https:\/\/cpih.ch\/de\/loehne\/","og_locale":"de_DE","og_type":"article","og_title":"L\u00f6hne - Convention patronale","og_description":"L\u00f6hne&nbsp;Zeitliche EntwicklungMedianer Lohn der UhrenindustrieDer mediane Lohn der Uhrenindustrie liegt 2025 bei Fr. 5'958.\u2013. Anmerkungen&nbsp;:\u00b9 Seit 2013 beruht die Berechnung des medianen Lohns der Uhrenindustrie auf den neuen Bestimmungen von Art. 18.3 GAV. Alle Lohnzuschl\u00e4ge (\u00dcberstunden, Pr\u00e4mie f\u00fcr erh\u00f6hte Arbeitsbelastung, Anteil 13. Monatslohn, Sonderzahlungen\/Boni) werden dabei nicht mehr ber\u00fccksichtigt. \u00b2 Der R\u00fcckgang des medianen Lohns [&hellip;]","og_url":"https:\/\/cpih.ch\/de\/loehne\/","og_site_name":"Convention patronale","article_modified_time":"2025-11-21T10:36:08+00:00","twitter_card":"summary_large_image","twitter_misc":{"Gesch\u00e4tzte Lesezeit":"3\u00a0Minuten"},"schema":{"@context":"https:\/\/schema.org","@graph":[{"@type":"WebPage","@id":"https:\/\/cpih.ch\/de\/loehne\/","url":"https:\/\/cpih.ch\/de\/loehne\/","name":"L\u00f6hne - Convention patronale","isPartOf":{"@id":"https:\/\/cpih.ch\/#website"},"datePublished":"2019-07-11T12:59:32+00:00","dateModified":"2025-11-21T10:36:08+00:00","breadcrumb":{"@id":"https:\/\/cpih.ch\/de\/loehne\/#breadcrumb"},"inLanguage":"de","potentialAction":[{"@type":"ReadAction","target":["https:\/\/cpih.ch\/de\/loehne\/"]}]},{"@type":"BreadcrumbList","@id":"https:\/\/cpih.ch\/de\/loehne\/#breadcrumb","itemListElement":[{"@type":"ListItem","position":1,"name":"Accueil","item":"https:\/\/cpih.ch\/de\/"},{"@type":"ListItem","position":2,"name":"L\u00f6hne"}]},{"@type":"WebSite","@id":"https:\/\/cpih.ch\/#website","url":"https:\/\/cpih.ch\/","name":"Convention patronale","description":"Un site","potentialAction":[{"@type":"SearchAction","target":{"@type":"EntryPoint","urlTemplate":"https:\/\/cpih.ch\/?s={search_term_string}"},"query-input":{"@type":"PropertyValueSpecification","valueRequired":true,"valueName":"search_term_string"}}],"inLanguage":"de"}]}},"_links":{"self":[{"href":"https:\/\/cpih.ch\/de\/wp-json\/wp\/v2\/pages\/2102","targetHints":{"allow":["GET"]}}],"collection":[{"href":"https:\/\/cpih.ch\/de\/wp-json\/wp\/v2\/pages"}],"about":[{"href":"https:\/\/cpih.ch\/de\/wp-json\/wp\/v2\/types\/page"}],"author":[{"embeddable":true,"href":"https:\/\/cpih.ch\/de\/wp-json\/wp\/v2\/users\/1"}],"replies":[{"embeddable":true,"href":"https:\/\/cpih.ch\/de\/wp-json\/wp\/v2\/comments?post=2102"}],"version-history":[{"count":45,"href":"https:\/\/cpih.ch\/de\/wp-json\/wp\/v2\/pages\/2102\/revisions"}],"predecessor-version":[{"id":18441,"href":"https:\/\/cpih.ch\/de\/wp-json\/wp\/v2\/pages\/2102\/revisions\/18441"}],"wp:attachment":[{"href":"https:\/\/cpih.ch\/de\/wp-json\/wp\/v2\/media?parent=2102"}],"curies":[{"name":"wp","href":"https:\/\/api.w.org\/{rel}","templated":true}]}}