{"id":2061,"date":"2019-07-01T11:48:13","date_gmt":"2019-07-01T09:48:13","guid":{"rendered":"https:\/\/cpih.ch\/membres\/"},"modified":"2026-03-02T11:51:41","modified_gmt":"2026-03-02T10:51:41","slug":"mitglieder","status":"publish","type":"page","link":"https:\/\/cpih.ch\/de\/mitglieder\/","title":{"rendered":"Mitglieder"},"content":{"rendered":"<div class=\"vce-row-container\" data-vce-boxed-width=\"true\"><div class=\"vce-row vce-row--col-gap-30 cp-area light-grey-area in-v-spacing-large vce-row-content--top\" id=\"el-10e5e8b2\" data-vce-do-apply=\"all el-10e5e8b2\"><div class=\"vce-row-content\" data-vce-element-content=\"true\"><div class=\"vce-col vce-col--md-auto vce-col--xs-1 vce-col--xs-last vce-col--xs-first vce-col--sm-last vce-col--sm-first vce-col--md-last vce-col--lg-last vce-col--xl-last vce-col--md-first vce-col--lg-first vce-col--xl-first\" id=\"el-84a8f3ef\"><div class=\"vce-col-inner\" data-vce-do-apply=\"border margin background  el-84a8f3ef\"><div class=\"vce-col-content\" data-vce-element-content=\"true\" data-vce-do-apply=\"padding el-84a8f3ef\"><div class=\"vce-text-block container-gap-both-2 in-v-spacing-larg\"><div class=\"vce-text-block-wrapper vce\" id=\"el-d1e1834a\" data-vce-do-apply=\"all el-d1e1834a\"><h1><span class=\"txt-highlight\">Mitglieder<\/span><\/h1><\/div><\/div><div class=\"vce-text-block out-top-spacing-huge gap-left-2 three-quarter-content txt-large-size light-blue\"><div class=\"vce-text-block-wrapper vce\" id=\"el-363328a7\" data-vce-do-apply=\"all el-363328a7\"><p>Die Unternehmen sind \u00fcber ihren jeweiligen Verband an den Arbeitgeberverband der Schweizerischen Uhrenindustrie angegliedert. Aktuell z\u00e4hlt der Verband f\u00fcnf Mitglieder.<\/p><\/div><\/div><\/div><\/div><\/div><\/div><\/div><\/div><div class=\"vce-row-container\" data-vce-boxed-width=\"true\"><div class=\"vce-row vce-row--col-gap-30 large container out-top-spacing-huge gap-both-2 vce-row-content--top\" id=\"el-c42e9b9c\" data-vce-do-apply=\"all el-c42e9b9c\"><div class=\"vce-row-content\" data-vce-element-content=\"true\"><div class=\"vce-col vce-col--md-auto vce-col--xs-1 vce-col--xs-last vce-col--xs-first vce-col--sm-last vce-col--sm-first vce-col--md-last vce-col--lg-last vce-col--xl-last vce-col--md-first vce-col--lg-first vce-col--xl-first\" id=\"el-5616a13c\"><div class=\"vce-col-inner\" data-vce-do-apply=\"border margin background  el-5616a13c\"><div class=\"vce-col-content\" data-vce-element-content=\"true\" data-vce-do-apply=\"padding el-5616a13c\"><div class=\"vce-row-container\" data-vce-boxed-width=\"true\"><div class=\"vce-row vce-row--col-gap-30 vce-row-content--top\" id=\"el-2c6aec66\" data-vce-do-apply=\"all el-2c6aec66\"><div class=\"vce-row-content\" data-vce-element-content=\"true\"><div class=\"vce-col vce-col--md-auto vce-col--xs-1 vce-col--xs-last vce-col--xs-first vce-col--sm-last vce-col--sm-first vce-col--md-last vce-col--lg-last vce-col--xl-last vce-col--md-first vce-col--lg-first vce-col--xl-first\" id=\"el-2e48b4a2\"><div class=\"vce-col-inner\" data-vce-do-apply=\"border margin background  el-2e48b4a2\"><div class=\"vce-col-content\" data-vce-element-content=\"true\" data-vce-do-apply=\"padding el-2e48b4a2\"><div class=\"vce-row-container\" data-vce-boxed-width=\"true\"><div class=\"vce-row vce-row--col-gap-30 vce-row-content--top\" id=\"el-cab04b76\" data-vce-do-apply=\"all el-cab04b76\"><div class=\"vce-row-content\" data-vce-element-content=\"true\"><div class=\"vce-col vce-col--xs-100p vce-col--xs-visible vce-col--xs-last vce-col--xs-first vce-col--sm-100p vce-col--sm-visible vce-col--sm-last vce-col--sm-first vce-col--md-100p vce-col--md-visible vce-col--md-last vce-col--md-first vce-col--lg-100p vce-col--lg-visible vce-col--lg-last vce-col--lg-first vce-col--xl-auto vce-col--xl-visible vce-col--xl-first\" id=\"el-07248595\"><div class=\"vce-col-inner\" data-vce-do-apply=\"border margin background  el-07248595\"><div class=\"vce-col-content\" data-vce-element-content=\"true\" data-vce-do-apply=\"padding el-07248595\"><div class=\"vce-text-block text-box  out-bottom-spacing-small\"><div class=\"vce-text-block-wrapper vce\" id=\"el-17141c4c\" data-vce-do-apply=\"all el-17141c4c\"><h3><strong>Association patronale de l'horlogerie et de la microtechnique (APHM)<\/strong><\/h3><p><strong>Generalsekret\u00e4rin:<\/strong><br>Chantal Brunner<\/p><hr><p>Rue d\u2019Argent 6<br>Case postale<br>2502 Biel\/Bienne<\/p><hr><p><a href=\"tel:+0041323288000\">032 \/ 328 80 00<\/a><\/p><hr><p><a href=\"mailto:adm@aphm-cc514.ch\">adm@aphm-cc514.ch<\/a><\/p><\/div><\/div><div class=\"vce-text-block text-box  out-bottom-spacing-small\"><div class=\"vce-text-block-wrapper vce\" id=\"el-39a31c3f\" data-vce-do-apply=\"all el-39a31c3f\"><h3><strong>Association Swatch Group Industries<\/strong><\/h3><p><strong>Generalsekret\u00e4rin:<\/strong><br>St\u00e9phanie Pantet<\/p><hr><p>Faubourg du lac 6<br>2502 Biel<\/p><hr><p><a href=\"tel:+0041323436811\">032 \/ 343 68 11<\/a><\/p><hr><p><a href=\"mailto:stephanie.pantet@swatchgroup.com\">stephanie.pantet@swatchgroup.com<\/a><\/p><\/div><\/div><div class=\"vce-text-block text-box  out-bottom-spacing-small\"><div class=\"vce-text-block-wrapper vce\" id=\"el-bf677dbb\" data-vce-do-apply=\"all el-bf677dbb\"><h3><strong>Verband deutschschweizerischer Uhrenfabrikanten (VdU)<\/strong><\/h3>\n<p><strong>Generalsekret\u00e4r:<\/strong><br>Thomas F\u00fcrst<\/p>\n<hr>\n<p>R\u00f6tistrasse 22<br>4500 Solothurn<\/p>\n<hr>\n<p><a href=\"tel:+0041326225223\">032 \/ 622 52 23<\/a><\/p>\n<hr>\n<p><a href=\"mailto:info@vdu.ch\">info@vdu.ch<\/a><\/p>\n<hr>\n<p><a href=\"http:\/\/vdu.ch\/\">www.vdu.ch<\/a><\/p><\/div><\/div><\/div><\/div><\/div><div class=\"vce-col vce-col--xs-100p vce-col--xs-visible vce-col--xs-last vce-col--xs-first vce-col--sm-100p vce-col--sm-visible vce-col--sm-last vce-col--sm-first vce-col--md-100p vce-col--md-visible vce-col--md-last vce-col--md-first vce-col--lg-100p vce-col--lg-visible vce-col--lg-last vce-col--lg-first vce-col--xl-auto vce-col--xl-visible vce-col--xl-last\" id=\"el-71e0349b\"><div class=\"vce-col-inner\" data-vce-do-apply=\"border margin background  el-71e0349b\"><div class=\"vce-col-content\" data-vce-element-content=\"true\" data-vce-do-apply=\"padding el-71e0349b\"><div class=\"vce-text-block text-box  out-bottom-spacing-small\"><div class=\"vce-text-block-wrapper vce\" id=\"el-6ba991e4\" data-vce-do-apply=\"all el-6ba991e4\"><h3><strong>Association patronale des industries de l'Arc-horloger (apiah)<\/strong><\/h3><p><strong>Generalsekret\u00e4rin:<\/strong><br>S\u00e9verine Favre<\/p><hr><p>Rue du Temple-Allemand 47<br>2301 La Chaux-de-Fonds<\/p><hr><p><a href=\"tel:+0041323444600\">032 \/ 344 46 00<\/a><\/p><hr><p><a href=\"mailto:info@apiah.ch\">info@apiah.ch<\/a><\/p><hr><p><a href=\"https:\/\/apiah.ch\/\" target=\"_blank\" rel=\"noopener\">www.apiah.ch<\/a><\/p><\/div><\/div><div class=\"vce-text-block text-box  out-bottom-spacing-small\"><div class=\"vce-text-block-wrapper vce\" id=\"el-0569e740\" data-vce-do-apply=\"all el-0569e740\"><h3><strong>Union des fabricants d'horlogerie de Gen\u00e8ve, Vaud et Valais (UFGVV)<\/strong><\/h3><p><strong>Generalsekret\u00e4rin:<\/strong><br>Nathalie Bloch<\/p><hr><p>Rue du 31-D\u00e9cembre 70<br>1207 Gen\u00e8ve<\/p><hr><p><a href=\"tel:+0041228070090\">022 \/ 807 00 90<\/a><\/p><hr><p><a href=\"mailto:ufgvv@ufgvv.ch\">ufgvv@ufgvv.ch<\/a><\/p><hr><p><a href=\"https:\/\/www.ufgvv.ch\/\" target=\"_blank\" rel=\"noopener\">www.ufgvv.ch<\/a><\/p><\/div><\/div><\/div><\/div><\/div><\/div><\/div><\/div><\/div><\/div><\/div><\/div><\/div><\/div><\/div><\/div><\/div><\/div><\/div><\/div>\n","protected":false},"excerpt":{"rendered":"<p>MitgliederDie Unternehmen sind \u00fcber ihren jeweiligen Verband an den Arbeitgeberverband der Schweizerischen Uhrenindustrie angegliedert. Aktuell z\u00e4hlt der Verband f\u00fcnf Mitglieder.Association patronale de l&#8217;horlogerie et de la microtechnique (APHM)Generalsekret\u00e4rin:Chantal BrunnerRue d\u2019Argent 6Case postale2502 Biel\/Bienne032 \/ 328 80 00adm@aphm-cc514.chAssociation Swatch Group IndustriesGeneralsekret\u00e4rin:St\u00e9phanie PantetFaubourg du lac 62502 Biel032 \/ 343 68 11stephanie.pantet@swatchgroup.comVerband deutschschweizerischer Uhrenfabrikanten (VdU) Generalsekret\u00e4r:Thomas F\u00fcrst R\u00f6tistrasse [&hellip;]<\/p>\n","protected":false},"author":1,"featured_media":0,"parent":0,"menu_order":0,"comment_status":"closed","ping_status":"closed","template":"templates\/template-page.php","meta":{"_acf_changed":false,"_monsterinsights_skip_tracking":false,"_monsterinsights_sitenote_active":false,"_monsterinsights_sitenote_note":"","_monsterinsights_sitenote_category":0,"footnotes":""},"class_list":["post-2061","page","type-page","status-publish","hentry"],"acf":[],"yoast_head":"<!-- This site is optimized with the Yoast SEO plugin v27.0 - https:\/\/yoast.com\/product\/yoast-seo-wordpress\/ -->\n<title>Mitglieder - Convention patronale<\/title>\n<meta name=\"robots\" content=\"index, follow, max-snippet:-1, max-image-preview:large, max-video-preview:-1\" \/>\n<link rel=\"canonical\" href=\"https:\/\/cpih.ch\/de\/mitglieder\/\" \/>\n<meta property=\"og:locale\" content=\"de_DE\" \/>\n<meta property=\"og:type\" content=\"article\" \/>\n<meta property=\"og:title\" content=\"Mitglieder - Convention patronale\" \/>\n<meta property=\"og:description\" content=\"MitgliederDie Unternehmen sind \u00fcber ihren jeweiligen Verband an den Arbeitgeberverband der Schweizerischen Uhrenindustrie angegliedert. Aktuell z\u00e4hlt der Verband f\u00fcnf Mitglieder.Association patronale de l&#039;horlogerie et de la microtechnique (APHM)Generalsekret\u00e4rin:Chantal BrunnerRue d\u2019Argent 6Case postale2502 Biel\/Bienne032 \/ 328 80 00adm@aphm-cc514.chAssociation Swatch Group IndustriesGeneralsekret\u00e4rin:St\u00e9phanie PantetFaubourg du lac 62502 Biel032 \/ 343 68 11stephanie.pantet@swatchgroup.comVerband deutschschweizerischer Uhrenfabrikanten (VdU) Generalsekret\u00e4r:Thomas F\u00fcrst R\u00f6tistrasse [&hellip;]\" \/>\n<meta property=\"og:url\" content=\"https:\/\/cpih.ch\/de\/mitglieder\/\" \/>\n<meta property=\"og:site_name\" content=\"Convention patronale\" \/>\n<meta property=\"article:modified_time\" content=\"2026-03-02T10:51:41+00:00\" \/>\n<meta name=\"twitter:card\" content=\"summary_large_image\" \/>\n<meta name=\"twitter:label1\" content=\"Gesch\u00e4tzte Lesezeit\" \/>\n\t<meta name=\"twitter:data1\" content=\"1\u00a0Minute\" \/>\n<script type=\"application\/ld+json\" class=\"yoast-schema-graph\">{\"@context\":\"https:\/\/schema.org\",\"@graph\":[{\"@type\":\"WebPage\",\"@id\":\"https:\/\/cpih.ch\/de\/mitglieder\/\",\"url\":\"https:\/\/cpih.ch\/de\/mitglieder\/\",\"name\":\"Mitglieder - Convention patronale\",\"isPartOf\":{\"@id\":\"https:\/\/cpih.ch\/#website\"},\"datePublished\":\"2019-07-01T09:48:13+00:00\",\"dateModified\":\"2026-03-02T10:51:41+00:00\",\"breadcrumb\":{\"@id\":\"https:\/\/cpih.ch\/de\/mitglieder\/#breadcrumb\"},\"inLanguage\":\"de\",\"potentialAction\":[{\"@type\":\"ReadAction\",\"target\":[\"https:\/\/cpih.ch\/de\/mitglieder\/\"]}]},{\"@type\":\"BreadcrumbList\",\"@id\":\"https:\/\/cpih.ch\/de\/mitglieder\/#breadcrumb\",\"itemListElement\":[{\"@type\":\"ListItem\",\"position\":1,\"name\":\"Accueil\",\"item\":\"https:\/\/cpih.ch\/de\/\"},{\"@type\":\"ListItem\",\"position\":2,\"name\":\"Mitglieder\"}]},{\"@type\":\"WebSite\",\"@id\":\"https:\/\/cpih.ch\/#website\",\"url\":\"https:\/\/cpih.ch\/\",\"name\":\"Convention patronale\",\"description\":\"Un site\",\"potentialAction\":[{\"@type\":\"SearchAction\",\"target\":{\"@type\":\"EntryPoint\",\"urlTemplate\":\"https:\/\/cpih.ch\/?s={search_term_string}\"},\"query-input\":{\"@type\":\"PropertyValueSpecification\",\"valueRequired\":true,\"valueName\":\"search_term_string\"}}],\"inLanguage\":\"de\"}]}<\/script>\n<!-- \/ Yoast SEO plugin. -->","yoast_head_json":{"title":"Mitglieder - Convention patronale","robots":{"index":"index","follow":"follow","max-snippet":"max-snippet:-1","max-image-preview":"max-image-preview:large","max-video-preview":"max-video-preview:-1"},"canonical":"https:\/\/cpih.ch\/de\/mitglieder\/","og_locale":"de_DE","og_type":"article","og_title":"Mitglieder - Convention patronale","og_description":"MitgliederDie Unternehmen sind \u00fcber ihren jeweiligen Verband an den Arbeitgeberverband der Schweizerischen Uhrenindustrie angegliedert. Aktuell z\u00e4hlt der Verband f\u00fcnf Mitglieder.Association patronale de l'horlogerie et de la microtechnique (APHM)Generalsekret\u00e4rin:Chantal BrunnerRue d\u2019Argent 6Case postale2502 Biel\/Bienne032 \/ 328 80 00adm@aphm-cc514.chAssociation Swatch Group IndustriesGeneralsekret\u00e4rin:St\u00e9phanie PantetFaubourg du lac 62502 Biel032 \/ 343 68 11stephanie.pantet@swatchgroup.comVerband deutschschweizerischer Uhrenfabrikanten (VdU) Generalsekret\u00e4r:Thomas F\u00fcrst R\u00f6tistrasse [&hellip;]","og_url":"https:\/\/cpih.ch\/de\/mitglieder\/","og_site_name":"Convention patronale","article_modified_time":"2026-03-02T10:51:41+00:00","twitter_card":"summary_large_image","twitter_misc":{"Gesch\u00e4tzte Lesezeit":"1\u00a0Minute"},"schema":{"@context":"https:\/\/schema.org","@graph":[{"@type":"WebPage","@id":"https:\/\/cpih.ch\/de\/mitglieder\/","url":"https:\/\/cpih.ch\/de\/mitglieder\/","name":"Mitglieder - Convention patronale","isPartOf":{"@id":"https:\/\/cpih.ch\/#website"},"datePublished":"2019-07-01T09:48:13+00:00","dateModified":"2026-03-02T10:51:41+00:00","breadcrumb":{"@id":"https:\/\/cpih.ch\/de\/mitglieder\/#breadcrumb"},"inLanguage":"de","potentialAction":[{"@type":"ReadAction","target":["https:\/\/cpih.ch\/de\/mitglieder\/"]}]},{"@type":"BreadcrumbList","@id":"https:\/\/cpih.ch\/de\/mitglieder\/#breadcrumb","itemListElement":[{"@type":"ListItem","position":1,"name":"Accueil","item":"https:\/\/cpih.ch\/de\/"},{"@type":"ListItem","position":2,"name":"Mitglieder"}]},{"@type":"WebSite","@id":"https:\/\/cpih.ch\/#website","url":"https:\/\/cpih.ch\/","name":"Convention patronale","description":"Un site","potentialAction":[{"@type":"SearchAction","target":{"@type":"EntryPoint","urlTemplate":"https:\/\/cpih.ch\/?s={search_term_string}"},"query-input":{"@type":"PropertyValueSpecification","valueRequired":true,"valueName":"search_term_string"}}],"inLanguage":"de"}]}},"_links":{"self":[{"href":"https:\/\/cpih.ch\/de\/wp-json\/wp\/v2\/pages\/2061","targetHints":{"allow":["GET"]}}],"collection":[{"href":"https:\/\/cpih.ch\/de\/wp-json\/wp\/v2\/pages"}],"about":[{"href":"https:\/\/cpih.ch\/de\/wp-json\/wp\/v2\/types\/page"}],"author":[{"embeddable":true,"href":"https:\/\/cpih.ch\/de\/wp-json\/wp\/v2\/users\/1"}],"replies":[{"embeddable":true,"href":"https:\/\/cpih.ch\/de\/wp-json\/wp\/v2\/comments?post=2061"}],"version-history":[{"count":15,"href":"https:\/\/cpih.ch\/de\/wp-json\/wp\/v2\/pages\/2061\/revisions"}],"predecessor-version":[{"id":18862,"href":"https:\/\/cpih.ch\/de\/wp-json\/wp\/v2\/pages\/2061\/revisions\/18862"}],"wp:attachment":[{"href":"https:\/\/cpih.ch\/de\/wp-json\/wp\/v2\/media?parent=2061"}],"curies":[{"name":"wp","href":"https:\/\/api.w.org\/{rel}","templated":true}]}}