{"id":2047,"date":"2019-06-27T12:08:33","date_gmt":"2019-06-27T10:08:33","guid":{"rendered":"https:\/\/cpih.ch\/presentation\/"},"modified":"2020-07-01T08:43:27","modified_gmt":"2020-07-01T06:43:27","slug":"wer-sind-wir","status":"publish","type":"page","link":"https:\/\/cpih.ch\/de\/wer-sind-wir\/","title":{"rendered":"Wer sind wir"},"content":{"rendered":"<div class=\"vce-row-container\"><div class=\"vce-row vce-row--col-gap-30 cp-area bg-light-grey container-gap-both-2 vce-row-columns--top vce-row-content--top\" id=\"el-6f9b026d\" data-vce-do-apply=\"all el-6f9b026d\"><div class=\"vce-row-content\" data-vce-element-content=\"true\"><div class=\"vce-col vce-col--md-auto vce-col--xs-1 vce-col--xs-last vce-col--xs-first vce-col--sm-last vce-col--sm-first vce-col--md-last vce-col--lg-last vce-col--xl-last vce-col--md-first vce-col--lg-first vce-col--xl-first\" id=\"el-79b88f6b\"><div class=\"vce-col-inner\" data-vce-do-apply=\"border margin background  el-79b88f6b\"><div class=\"vce-col-content\" data-vce-element-content=\"true\" data-vce-do-apply=\"padding el-79b88f6b\"><div class=\"vce-text-block in-top-spacing-large\"><div class=\"vce-text-block-wrapper vce\" id=\"el-abdfb02e\" data-vce-do-apply=\"all el-abdfb02e\"><h1><span class=\"txt-highlight\">Wer<\/span> sind wir?<\/h1><\/div><\/div><div class=\"vce-text-block in-top-spacing-large in-bottom-spacing-huge txt-large-size light-blue three-quarter-content\"><div class=\"vce-text-block-wrapper vce\" id=\"el-a946e4ac\" data-vce-do-apply=\"all el-a946e4ac\"><p>Der Arbeitgeberverband der Schweizerischen Uhrenindustrie (CP) ist seit 1937 die Dachorganisation der Arbeitgeber der Uhrenbranche und der mikrotechnischen Industrie. Er setzt sich namentlich f\u00fcr die Interessen der Unternehmen ein und sorgt f\u00fcr die Wahrung des sozialen Friedens. Insbesondere ist er zust\u00e4ndig f\u00fcr alle Fragen zur Berufsbildung und begleitet und unterst\u00fctzt die Unternehmen im Bereich Gesundheit und Sicherheit am Arbeitsplatz.<\/p><\/div><\/div><\/div><\/div><\/div><\/div><\/div><\/div><div class=\"vce-row-container\"><div class=\"vce-row vce-row--col-gap-30 vce-row-columns--top vce-row-content--top\" id=\"el-86ca0626\" data-vce-do-apply=\"all el-86ca0626\"><div class=\"vce-row-content\" data-vce-element-content=\"true\"><div class=\"vce-col vce-col--md-auto vce-col--xs-1 vce-col--xs-last vce-col--xs-first vce-col--sm-last vce-col--sm-first vce-col--md-last vce-col--lg-last vce-col--xl-last vce-col--md-first vce-col--lg-first vce-col--xl-first\" id=\"el-5710e5fe\"><div class=\"vce-col-inner\" data-vce-do-apply=\"border margin background  el-5710e5fe\"><div class=\"vce-col-content\" data-vce-element-content=\"true\" data-vce-do-apply=\"padding el-5710e5fe\"><div class=\"vce-text-block container-gap-both-2 in-top-spacing-large\"><div class=\"vce-text-block-wrapper vce\" id=\"el-376cb6c9\" data-vce-do-apply=\"all el-376cb6c9\"><h2>In Zahlen<\/h2><\/div><\/div><div class=\"vce-shortcode in-top-spacing-medium\"><div class=\"vce-shortcode-wrapper vce\" id=\"el-ff1b3572\" data-vce-do-apply=\"all el-ff1b3572\">\r\n<div class=\"vce-row-container\">\r\n\t<div class=\"vce-row vce-row--col-gap-30 sct-highlight-number out-top-spacing-huge gap-both-2 vce-row-columns--top vce-row-content--top\" id=\"el-d771203f\" data-vce-do-apply=\"all el-d771203f\">\r\n\t\t<div class=\"vce-row-content\" data-vce-element-content=\"true\">\r\n\t\t\t<div class=\"vce-col vce-col--xs-100p vce-col--xs-visible vce-col--xs-last vce-col--xs-first vce-col--sm-100p vce-col--sm-visible vce-col--sm-last vce-col--sm-first vce-col--md-100p vce-col--md-visible vce-col--md-last vce-col--md-first vce-col--lg-100p vce-col--lg-visible vce-col--lg-last vce-col--lg-first vce-col--xl-auto vce-col--xl-visible vce-col--xl-first\" id=\"el-faab117c\">\r\n\t\t\t\t<div class=\"vce-col-inner\" data-vce-do-apply=\"border margin background  el-faab117c\">\r\n\t\t\t\t\t<div class=\"vce-col-content\" data-vce-element-content=\"true\" data-vce-do-apply=\"padding el-faab117c\">\r\n\r\n\t\t\t\t\t\t\t\t\t\t\t\t<div class=\"vce-widgets-container\">\r\n\t\t\t\t\t\t\t<div class=\"vce vce-widgets-wrapper\" id=\"el-4d5b76aa\" data-vce-do-apply=\"all el-4d5b76aa\">\r\n\t\t\t\t\t\t\t\t<div class=\"widget-number-counter active\">\r\n\t\t\t\t\t\t\t\t\t<span class=\"dark-blue as-h1\" data-counter=\"5\">0<\/span>\r\n\t\t\t\t\t\t\t\t\t<div class=\"content tiny-content\">\r\n\t\t\t\t\t\t\t\t\t\t<h3 class=\"hyphenation\">Arbeit&shy;geber&shy;verb\u00e4nde<\/h3>\r\n\t\t\t\t\t\t\t\t\t\t<p><\/p>\r\n\t\t\t\t\t\t\t\t\t<\/div>\r\n\t\t\t\t\t\t\t\t<\/div>\r\n\t\t\t\t\t\t\t<\/div>\r\n\t\t\t\t\t\t<\/div>\r\n\r\n\t\t\t\t\t\t\t\t\t\t\t\t<div class=\"vce-widgets-container\">\r\n\t\t\t\t\t\t\t<div class=\"vce vce-widgets-wrapper\" id=\"el-d19e18f9\" data-vce-do-apply=\"all el-d19e18f9\">\r\n\t\t\t\t\t\t\t\t<div class=\"widget-number-counter active\">\r\n\t\t\t\t\t\t\t\t\t<span class=\"dark-blue as-h1\" data-counter=\"85[%]\">0<\/span>\r\n\t\t\t\t\t\t\t\t\t<div class=\"content tiny-content\">\r\n\t\t\t\t\t\t\t\t\t\t<h3>der Besch\u00e4ftig&shy;ten der Branche arbeiten in Unternehmen, die dem GAV unterstellt sind<\/h3>\r\n\t\t\t\t\t\t\t\t\t\t<p><\/p>\r\n\t\t\t\t\t\t\t\t\t<\/div>\r\n\t\t\t\t\t\t\t\t<\/div>\r\n\t\t\t\t\t\t\t<\/div>\r\n\t\t\t\t\t\t<\/div>\r\n\r\n\t\t\t\t\t<\/div>\r\n\t\t\t\t<\/div>\r\n\t\t\t<\/div>\r\n\r\n\t\t\t<div class=\"vce-col vce-col--xs-100p vce-col--xs-visible vce-col--xs-last vce-col--xs-first vce-col--sm-100p vce-col--sm-visible vce-col--sm-last vce-col--sm-first vce-col--md-100p vce-col--md-visible vce-col--md-last vce-col--md-first vce-col--lg-100p vce-col--lg-visible vce-col--lg-last vce-col--lg-first vce-col--xl-auto vce-col--xl-visible\" id=\"el-a8c6f45d\">\r\n\t\t\t\t<div class=\"vce-col-inner\" data-vce-do-apply=\"border margin background  el-a8c6f45d\">\r\n\t\t\t\t\t<div class=\"vce-col-content\" data-vce-element-content=\"true\" data-vce-do-apply=\"padding el-a8c6f45d\">\r\n\r\n\t\t\t\t\t\t\t\t\t\t\t\t<div class=\"vce-widgets-container\">\r\n\t\t\t\t\t\t\t<div class=\"vce vce-widgets-wrapper\" id=\"el-bf8bee28\" data-vce-do-apply=\"all el-bf8bee28\">\r\n\t\t\t\t\t\t\t\t<div class=\"widget-number-counter active\">\r\n\t\t\t\t\t\t\t\t\t<span class=\"dark-blue as-h1\" data-counter=\"506\">0<\/span>\r\n\t\t\t\t\t\t\t\t\t<div class=\"content tiny-content\">\r\n\t\t\t\t\t\t\t\t\t\t<h3>Unternehmen<\/h3>\r\n\t\t\t\t\t\t\t\t\t\t<p><\/p>\r\n\t\t\t\t\t\t\t\t\t<\/div>\r\n\t\t\t\t\t\t\t\t<\/div>\r\n\t\t\t\t\t\t\t<\/div>\r\n\t\t\t\t\t\t<\/div>\r\n\r\n\t\t\t\t\t<\/div>\r\n\t\t\t\t<\/div>\r\n\t\t\t<\/div>\r\n\r\n\t\t\t<div class=\"vce-col vce-col--xs-100p vce-col--xs-visible vce-col--xs-last vce-col--xs-first vce-col--sm-100p vce-col--sm-visible vce-col--sm-last vce-col--sm-first vce-col--md-100p vce-col--md-visible vce-col--md-last vce-col--md-first vce-col--lg-100p vce-col--lg-visible vce-col--lg-last vce-col--lg-first vce-col--xl-auto vce-col--xl-visible vce-col--xl-last\" id=\"el-b50d7d41\">\r\n\t\t\t\t<div class=\"vce-col-inner\" data-vce-do-apply=\"border margin background  el-b50d7d41\">\r\n\t\t\t\t\t<div class=\"vce-col-content\" data-vce-element-content=\"true\" data-vce-do-apply=\"padding el-b50d7d41\">\r\n\r\n\t\t\t\t\t\t\t\t\t\t\t\t<div class=\"vce-widgets-container\">\r\n\t\t\t\t\t\t\t<div class=\"vce vce-widgets-wrapper\" id=\"el-42e7eb2d\" data-vce-do-apply=\"all el-42e7eb2d\">\r\n\t\t\t\t\t\t\t\t<div class=\"widget-number-counter active\">\r\n\t\t\t\t\t\t\t\t\t<span class=\"dark-blue as-h1\" data-counter=\"54917\">0<\/span>\r\n\t\t\t\t\t\t\t\t\t<div class=\"content tiny-content\">\r\n\t\t\t\t\t\t\t\t\t\t<h3>Besch\u00e4ftigte<\/h3>\r\n\t\t\t\t\t\t\t\t\t\t<p><\/p>\r\n\t\t\t\t\t\t\t\t\t<\/div>\r\n\t\t\t\t\t\t\t\t<\/div>\r\n\t\t\t\t\t\t\t<\/div>\r\n\t\t\t\t\t\t<\/div>\r\n\t\t\t\t\t\t\r\n\t\t\t\t\t\t\t\t\t\t\t\t<div class=\"vce-widgets-container\">\r\n\t\t\t\t\t\t\t<div class=\"vce vce-widgets-wrapper\" id=\"el-d32f1c14\" data-vce-do-apply=\"all el-d32f1c14\">\r\n\t\t\t\t\t\t\t\t<div class=\"widget-number-counter active\">\r\n\t\t\t\t\t\t\t\t\t\t\t\t\t\t\t\t\t\t<span class=\"dark-blue as-h1\" data-counter=\"90\">0<\/span>\r\n\t\t\t\t\t\t\t\t\t<div class=\"content tiny-content\">\r\n\t\t\t\t\t\t\t\t\t\t<h3 class=\"hyphenation\">Jahre sozialer Friede<\/h3>\r\n\t\t\t\t\t\t\t\t\t\t<p><\/p>\r\n\t\t\t\t\t\t\t\t\t<\/div>\r\n\t\t\t\t\t\t\t\t<\/div>\r\n\t\t\t\t\t\t\t<\/div>\r\n\t\t\t\t\t\t<\/div>\r\n\r\n\t\t\t\t\t<\/div>\r\n\t\t\t\t<\/div>\r\n\t\t\t<\/div>\r\n\t\t<\/div>\r\n\t<\/div>\r\n<\/div><\/div><\/div><\/div><\/div><\/div><\/div><\/div><\/div><div class=\"vce-row-container\"><div class=\"vce-row vce-row--col-gap-30 cp-area container-gap-both-2 dark-area inout-v-spacing-huge vce-row-columns--top vce-row-content--top\" id=\"el-077ced0f\" data-vce-do-apply=\"all el-077ced0f\"><div class=\"vce-row-content\" data-vce-element-content=\"true\"><div class=\"vce-col vce-col--xs-100p vce-col--xs-visible vce-col--xs-last vce-col--xs-first vce-col--sm-100p vce-col--sm-visible vce-col--sm-last vce-col--sm-first vce-col--md-100p vce-col--md-visible vce-col--md-last vce-col--md-first vce-col--lg-100p vce-col--lg-visible vce-col--lg-last vce-col--lg-first vce-col--xl-auto vce-col--xl-visible vce-col--xl-last vce-col--xl-first\" id=\"el-9102576a\"><div class=\"vce-col-inner\" data-vce-do-apply=\"border margin background  el-9102576a\"><div class=\"vce-col-content\" data-vce-element-content=\"true\" data-vce-do-apply=\"padding el-9102576a\"><div class=\"vce-text-block in-bottom-spacing-large\"><div class=\"vce-text-block-wrapper vce\" id=\"el-32f5e1f6\" data-vce-do-apply=\"all el-32f5e1f6\"><h2>Die Missionen des Arbeitgeberverbands<\/h2><\/div><\/div><div class=\"vce-row-container\"><div class=\"vce-row vce-row--col-gap-30 in-bottom-spacing-medium-only-desktop vce-row-columns--top vce-row-content--top\" id=\"el-fd7c37d0\" data-vce-do-apply=\"all el-fd7c37d0\"><div class=\"vce-row-content\" data-vce-element-content=\"true\"><div class=\"vce-col vce-col--xs-100p vce-col--xs-visible vce-col--xs-last vce-col--xs-first vce-col--sm-100p vce-col--sm-visible vce-col--sm-last vce-col--sm-first vce-col--md-100p vce-col--md-visible vce-col--md-last vce-col--md-first vce-col--lg-100p vce-col--lg-visible vce-col--lg-last vce-col--lg-first vce-col--xl-auto vce-col--xl-visible vce-col--xl-first\" id=\"el-13d2bd83\"><div class=\"vce-col-inner\" data-vce-do-apply=\"border margin background  el-13d2bd83\"><div class=\"vce-col-content\" data-vce-element-content=\"true\" data-vce-do-apply=\"padding el-13d2bd83\"><div class=\"vce-text-block txt-large-size light-blue hyphenation\"><div class=\"vce-text-block-wrapper vce\" id=\"el-e36fd619\" data-vce-do-apply=\"all el-e36fd619\"><hr><p>Dialog und Sozial\u00adpartnerschaft<\/p><\/div><\/div><div class=\"vce-text-block\"><div class=\"vce-text-block-wrapper vce\" id=\"el-7bcce163\" data-vce-do-apply=\"all el-7bcce163\"><p>Die Arbeitgeber in ihren Beziehungen mit den Gewerkschaften der Branche insbesondere bei Konflikten beraten und unterst\u00fctzen und sie in den Verhandlungen \u00fcber den Gesamtarbeitsvertrag (GAV), den Teuerungsausgleich und der Mindestl\u00f6hne vertreten. Den sozialen Frieden sicherstellen.<\/p><\/div><\/div><\/div><\/div><\/div><div class=\"vce-col vce-col--xs-100p vce-col--xs-visible vce-col--xs-last vce-col--xs-first vce-col--sm-100p vce-col--sm-visible vce-col--sm-last vce-col--sm-first vce-col--md-100p vce-col--md-visible vce-col--md-last vce-col--md-first vce-col--lg-100p vce-col--lg-visible vce-col--lg-last vce-col--lg-first vce-col--xl-auto vce-col--xl-visible\" id=\"el-0001ef6c\"><div class=\"vce-col-inner\" data-vce-do-apply=\"border margin background  el-0001ef6c\"><div class=\"vce-col-content\" data-vce-element-content=\"true\" data-vce-do-apply=\"padding el-0001ef6c\"><div class=\"vce-text-block txt-large-size light-blue\"><div class=\"vce-text-block-wrapper vce\" id=\"el-69ec6020\" data-vce-do-apply=\"all el-69ec6020\"><hr><p>Vertretung der Arbeitgeber<\/p><\/div><\/div><div class=\"vce-text-block\"><div class=\"vce-text-block-wrapper vce\" id=\"el-3107e2c2\" data-vce-do-apply=\"all el-3107e2c2\"><p>Die Interessen der Arbeitgeber der Schweizerischen Uhrenindustrie gegen\u00fcber den kantonalen und eidgen\u00f6ssischen Institutionen vertreten und verteidigen und damit zur guten Entwicklung dieser Branche beitragen.<\/p><\/div><\/div><\/div><\/div><\/div><div class=\"vce-col vce-col--xs-100p vce-col--xs-visible vce-col--xs-last vce-col--xs-first vce-col--sm-100p vce-col--sm-visible vce-col--sm-last vce-col--sm-first vce-col--md-100p vce-col--md-visible vce-col--md-last vce-col--md-first vce-col--lg-100p vce-col--lg-visible vce-col--lg-last vce-col--lg-first vce-col--xl-auto vce-col--xl-visible vce-col--xl-last\" id=\"el-1bbe641e\"><div class=\"vce-col-inner\" data-vce-do-apply=\"border margin background  el-1bbe641e\"><div class=\"vce-col-content\" data-vce-element-content=\"true\" data-vce-do-apply=\"padding el-1bbe641e\"><div class=\"vce-text-block txt-large-size light-blue\"><div class=\"vce-text-block-wrapper vce\" id=\"el-a9a393cc\" data-vce-do-apply=\"all el-a9a393cc\"><hr><p>Berufsbildung<\/p><\/div><\/div><div class=\"vce-text-block\"><div class=\"vce-text-block-wrapper vce\" id=\"el-a0f351d6\" data-vce-do-apply=\"all el-a0f351d6\"><p>Spezifische Ausbildungen pflegen und weiterentwickeln, die den Bed\u00fcrfnissen der Branche und ihrer Entwicklung entsprechen, und als Schnittstelle zwischen der \u00f6ffentlichen Verwaltung, Schulen, Ausbildungszentren und Uhrenbetrieben agieren.<\/p><\/div><\/div><\/div><\/div><\/div><\/div><\/div><\/div><div class=\"vce-row-container\"><div class=\"vce-row vce-row--col-gap-30 vce-row-columns--top vce-row-content--top\" id=\"el-1ed4104c\" data-vce-do-apply=\"all el-1ed4104c\"><div class=\"vce-row-content\" data-vce-element-content=\"true\"><div class=\"vce-col vce-col--xs-100p vce-col--xs-visible vce-col--xs-last vce-col--xs-first vce-col--sm-100p vce-col--sm-visible vce-col--sm-last vce-col--sm-first vce-col--md-100p vce-col--md-visible vce-col--md-last vce-col--md-first vce-col--lg-100p vce-col--lg-visible vce-col--lg-last vce-col--lg-first vce-col--xl-auto vce-col--xl-visible vce-col--xl-first\" id=\"el-96cb90b0\"><div class=\"vce-col-inner\" data-vce-do-apply=\"border margin background  el-96cb90b0\"><div class=\"vce-col-content\" data-vce-element-content=\"true\" data-vce-do-apply=\"padding el-96cb90b0\"><div class=\"vce-text-block txt-large-size light-blue\"><div class=\"vce-text-block-wrapper vce\" id=\"el-fe906fb1\" data-vce-do-apply=\"all el-fe906fb1\"><hr><p>Gesundheit und Sicherheit am Arbeitsplatz<\/p><\/div><\/div><div class=\"vce-text-block\"><div class=\"vce-text-block-wrapper vce\" id=\"el-15a0658e\" data-vce-do-apply=\"all el-15a0658e\"><p>Die Branchenl\u00f6sung der Uhrenindustrie im Bereich Gesundheit und Sicherheit am Arbeitsplatz zur Umsetzung der EKAS-Richtlinie 6508 tragen und betreuen und die Unternehmen bei der Anwendung der gesetzlichen Verpflichtungen begleiten und ihnen die geeigneten Mittel dazu liefern.<\/p><\/div><\/div><\/div><\/div><\/div><div class=\"vce-col vce-col--xs-100p vce-col--xs-visible vce-col--xs-last vce-col--xs-first vce-col--sm-100p vce-col--sm-visible vce-col--sm-last vce-col--sm-first vce-col--md-100p vce-col--md-visible vce-col--md-last vce-col--md-first vce-col--lg-100p vce-col--lg-visible vce-col--lg-last vce-col--lg-first vce-col--xl-auto vce-col--xl-visible\" id=\"el-3bf949d1\"><div class=\"vce-col-inner\" data-vce-do-apply=\"border margin background  el-3bf949d1\"><div class=\"vce-col-content\" data-vce-element-content=\"true\" data-vce-do-apply=\"padding el-3bf949d1\"><div class=\"vce-text-block txt-large-size light-blue hyphenation\"><div class=\"vce-text-block-wrapper vce\" id=\"el-d92103bd\" data-vce-do-apply=\"all el-d92103bd\"><hr>\n\nKommunikation und \u00d6ffentlich\u00adkeits\u00adarbeit<\/div><\/div><div class=\"vce-text-block\"><div class=\"vce-text-block-wrapper vce\" id=\"el-f7881851\" data-vce-do-apply=\"all el-f7881851\"><p>Die Uhrenindustrie als wirtschaftlichen Sektor f\u00f6rdern und den Wert ihrer T\u00e4tigkeiten bei Partnern, Mitarbeitenden und in der breiten \u00d6ffentlichkeit hervorheben.<\/p><\/div><\/div><\/div><\/div><\/div><div class=\"vce-col vce-col--xs-100p vce-col--xs-visible vce-col--xs-last vce-col--xs-first vce-col--sm-100p vce-col--sm-visible vce-col--sm-last vce-col--sm-first vce-col--md-100p vce-col--md-visible vce-col--md-last vce-col--md-first vce-col--lg-100p vce-col--lg-visible vce-col--lg-last vce-col--lg-first vce-col--xl-auto vce-col--xl-visible vce-col--xl-last\" id=\"el-52ac5db5\"><div class=\"vce-col-inner\" data-vce-do-apply=\"border margin background  el-52ac5db5\"><div class=\"vce-col-content\" data-vce-element-content=\"true\" data-vce-do-apply=\"padding el-52ac5db5\"><\/div><\/div><\/div><\/div><\/div><\/div><\/div><\/div><\/div><\/div><\/div><\/div><div class=\"vce-row-container\"><div class=\"vce-row vce-row--col-gap-30 cp-area out-top-spacing-huge container-gap-both-2 vce-row-columns--top vce-row-content--top\" id=\"el-d5cf17ba\" data-vce-do-apply=\"all el-d5cf17ba\"><div class=\"vce-row-content\" data-vce-element-content=\"true\"><div class=\"vce-col vce-col--xs-100p vce-col--xs-visible vce-col--xs-last vce-col--xs-first vce-col--sm-100p vce-col--sm-visible vce-col--sm-last vce-col--sm-first vce-col--md-100p vce-col--md-visible vce-col--md-last vce-col--md-first vce-col--lg-100p vce-col--lg-visible vce-col--lg-last vce-col--lg-first vce-col--xl-auto vce-col--xl-visible vce-col--xl-first\" id=\"el-35e327f4\"><div class=\"vce-col-inner\" data-vce-do-apply=\"border margin background  el-35e327f4\"><div class=\"vce-col-content\" data-vce-element-content=\"true\" data-vce-do-apply=\"padding el-35e327f4\"><div class=\"vce-single-image-container vce-single-image--align-right\"><div class=\"vce vce-single-image-wrapper\" id=\"el-b04f6949\" data-vce-do-apply=\"all el-b04f6949\"><figure><div class=\"vce-single-image-inner vce-single-image--absolute\" style=\"padding-bottom: 62.9167%; width: 1200px;\"><img decoding=\"async\" class=\"vce-single-image\" src=\"https:\/\/cpih.ch\/wp-content\/uploads\/cp-2.jpg\" data-img-src=\"https:\/\/cpih.ch\/wp-content\/uploads\/cp-2.jpg\" alt=\"\" title=\"cp-2\"><\/div><figcaption hidden=\"\"><\/figcaption><\/figure><\/div><\/div><\/div><\/div><\/div><div class=\"vce-col vce-col--xs-100p vce-col--xs-visible vce-col--xs-last vce-col--xs-first vce-col--sm-100p vce-col--sm-visible vce-col--sm-last vce-col--sm-first vce-col--md-100p vce-col--md-visible vce-col--md-last vce-col--md-first vce-col--lg-100p vce-col--lg-visible vce-col--lg-last vce-col--lg-first vce-col--xl-auto vce-col--xl-visible vce-col--xl-last\" id=\"el-0f619303\"><div class=\"vce-col-inner\" data-vce-do-apply=\"border margin background  el-0f619303\"><div class=\"vce-col-content\" data-vce-element-content=\"true\" data-vce-do-apply=\"padding el-0f619303\"><div class=\"vce-text-block\"><div class=\"vce-text-block-wrapper vce\" id=\"el-94342714\" data-vce-do-apply=\"all el-94342714\"><h2><span class=\"txt-highlight\">Ein Blick zur\u00fcck<\/span><\/h2><\/div><\/div><div class=\"vce-text-block\"><div class=\"vce-text-block-wrapper vce\" id=\"el-87fd2b5b\" data-vce-do-apply=\"all el-87fd2b5b\"><p style=\"background: white; margin: 12.0pt 0cm .0001pt 0cm;\">Am 15. Mai 1937 beendeten 19 Arbeitgeberorganisationen der Uhrenindustrie und die Gewerkschaft FOMH (die sp\u00e4ter zur SMUV wurde und seit 2005 UNIA heisst) mit dem Abschluss des ersten Gesamtarbeitsvertrags (GAV) den Streik der Arbeiterinnen und Arbeiter der Zifferblattindustrie. Dieses Ereignis markierte den Beginn des Arbeitsfriedens in der Schweiz.<\/p><p style=\"background: white; margin: 12.0pt 0cm .0001pt 0cm;\">Als Verhandlungspartner auf der Arbeitgeberseite war die Chambre Suisse de l'Horlogerie aktiv, aber der Vertrag wurde danach von verschiedenen Verb\u00e4nden der Uhrenindustrie unterzeichnet. Es gab noch keine vereinte Arbeitgeberfront gegen\u00fcber den Gewerkschaften. Diese wurde am 1. Januar 1938 durch die Konstitution eines \u00abKollektivvertrags zwischen den Arbeitgeberverb\u00e4nden der Schweizerischen Uhrenindustrie\u00bb gegr\u00fcndet, der sp\u00e4ter den Namen \u00abConvention patronale\u00bb \u2013 Arbeitgeberverband \u2013 erhielt.<\/p><p style=\"background: white; margin: 12.0pt 0cm .0001pt 0cm;\">1966 wurde bei einer Statuten\u00e4nderung die Bezeichnung \u00abSchweizerischen Arbeitgeberverband der Uhrenindustrie\u00bb eingef\u00fchrt. Damit sollte der T\u00e4tigkeitsbereich dieses Arbeitgeberverbands, der vorher nicht n\u00e4her bezeichnet war, deutlich gemacht werden.<\/p><\/div><\/div><\/div><\/div><\/div><\/div><\/div><\/div>\n","protected":false},"excerpt":{"rendered":"<p>Wer sind wir?Der Arbeitgeberverband der Schweizerischen Uhrenindustrie (CP) ist seit 1937 die Dachorganisation der Arbeitgeber der Uhrenbranche und der mikrotechnischen Industrie. Er setzt sich namentlich f\u00fcr die Interessen der Unternehmen ein und sorgt f\u00fcr die Wahrung des sozialen Friedens. Insbesondere ist er zust\u00e4ndig f\u00fcr alle Fragen zur Berufsbildung und begleitet und unterst\u00fctzt die Unternehmen im [&hellip;]<\/p>\n","protected":false},"author":1,"featured_media":0,"parent":0,"menu_order":0,"comment_status":"closed","ping_status":"closed","template":"templates\/template-page.php","meta":{"_acf_changed":false,"_monsterinsights_skip_tracking":false,"_monsterinsights_sitenote_active":false,"_monsterinsights_sitenote_note":"","_monsterinsights_sitenote_category":0,"footnotes":""},"class_list":["post-2047","page","type-page","status-publish","hentry"],"acf":[],"yoast_head":"<!-- This site is optimized with the Yoast SEO plugin v27.0 - https:\/\/yoast.com\/product\/yoast-seo-wordpress\/ -->\n<title>Wer sind wir - Convention patronale<\/title>\n<meta name=\"robots\" content=\"index, follow, max-snippet:-1, max-image-preview:large, max-video-preview:-1\" \/>\n<link rel=\"canonical\" href=\"https:\/\/cpih.ch\/de\/wer-sind-wir\/\" \/>\n<meta property=\"og:locale\" content=\"de_DE\" \/>\n<meta property=\"og:type\" content=\"article\" \/>\n<meta property=\"og:title\" content=\"Wer sind wir - Convention patronale\" \/>\n<meta property=\"og:description\" content=\"Wer sind wir?Der Arbeitgeberverband der Schweizerischen Uhrenindustrie (CP) ist seit 1937 die Dachorganisation der Arbeitgeber der Uhrenbranche und der mikrotechnischen Industrie. Er setzt sich namentlich f\u00fcr die Interessen der Unternehmen ein und sorgt f\u00fcr die Wahrung des sozialen Friedens. Insbesondere ist er zust\u00e4ndig f\u00fcr alle Fragen zur Berufsbildung und begleitet und unterst\u00fctzt die Unternehmen im [&hellip;]\" \/>\n<meta property=\"og:url\" content=\"https:\/\/cpih.ch\/de\/wer-sind-wir\/\" \/>\n<meta property=\"og:site_name\" content=\"Convention patronale\" \/>\n<meta property=\"article:modified_time\" content=\"2020-07-01T06:43:27+00:00\" \/>\n<meta property=\"og:image\" content=\"http:\/\/|!|vcvUploadUrl|!|\/cp-2.jpg\" \/>\n<meta name=\"twitter:card\" content=\"summary_large_image\" \/>\n<meta name=\"twitter:label1\" content=\"Gesch\u00e4tzte Lesezeit\" \/>\n\t<meta name=\"twitter:data1\" content=\"2\u00a0Minuten\" \/>\n<script type=\"application\/ld+json\" class=\"yoast-schema-graph\">{\"@context\":\"https:\/\/schema.org\",\"@graph\":[{\"@type\":\"WebPage\",\"@id\":\"https:\/\/cpih.ch\/de\/wer-sind-wir\/\",\"url\":\"https:\/\/cpih.ch\/de\/wer-sind-wir\/\",\"name\":\"Wer sind wir - Convention patronale\",\"isPartOf\":{\"@id\":\"https:\/\/cpih.ch\/#website\"},\"datePublished\":\"2019-06-27T10:08:33+00:00\",\"dateModified\":\"2020-07-01T06:43:27+00:00\",\"breadcrumb\":{\"@id\":\"https:\/\/cpih.ch\/de\/wer-sind-wir\/#breadcrumb\"},\"inLanguage\":\"de\",\"potentialAction\":[{\"@type\":\"ReadAction\",\"target\":[\"https:\/\/cpih.ch\/de\/wer-sind-wir\/\"]}]},{\"@type\":\"BreadcrumbList\",\"@id\":\"https:\/\/cpih.ch\/de\/wer-sind-wir\/#breadcrumb\",\"itemListElement\":[{\"@type\":\"ListItem\",\"position\":1,\"name\":\"Accueil\",\"item\":\"https:\/\/cpih.ch\/de\/\"},{\"@type\":\"ListItem\",\"position\":2,\"name\":\"Wer sind wir\"}]},{\"@type\":\"WebSite\",\"@id\":\"https:\/\/cpih.ch\/#website\",\"url\":\"https:\/\/cpih.ch\/\",\"name\":\"Convention patronale\",\"description\":\"Un site\",\"potentialAction\":[{\"@type\":\"SearchAction\",\"target\":{\"@type\":\"EntryPoint\",\"urlTemplate\":\"https:\/\/cpih.ch\/?s={search_term_string}\"},\"query-input\":{\"@type\":\"PropertyValueSpecification\",\"valueRequired\":true,\"valueName\":\"search_term_string\"}}],\"inLanguage\":\"de\"}]}<\/script>\n<!-- \/ Yoast SEO plugin. -->","yoast_head_json":{"title":"Wer sind wir - Convention patronale","robots":{"index":"index","follow":"follow","max-snippet":"max-snippet:-1","max-image-preview":"max-image-preview:large","max-video-preview":"max-video-preview:-1"},"canonical":"https:\/\/cpih.ch\/de\/wer-sind-wir\/","og_locale":"de_DE","og_type":"article","og_title":"Wer sind wir - Convention patronale","og_description":"Wer sind wir?Der Arbeitgeberverband der Schweizerischen Uhrenindustrie (CP) ist seit 1937 die Dachorganisation der Arbeitgeber der Uhrenbranche und der mikrotechnischen Industrie. Er setzt sich namentlich f\u00fcr die Interessen der Unternehmen ein und sorgt f\u00fcr die Wahrung des sozialen Friedens. Insbesondere ist er zust\u00e4ndig f\u00fcr alle Fragen zur Berufsbildung und begleitet und unterst\u00fctzt die Unternehmen im [&hellip;]","og_url":"https:\/\/cpih.ch\/de\/wer-sind-wir\/","og_site_name":"Convention patronale","article_modified_time":"2020-07-01T06:43:27+00:00","og_image":[{"url":"|!|vcvUploadUrl|!|\/cp-2.jpg","type":"","width":"","height":""}],"twitter_card":"summary_large_image","twitter_misc":{"Gesch\u00e4tzte Lesezeit":"2\u00a0Minuten"},"schema":{"@context":"https:\/\/schema.org","@graph":[{"@type":"WebPage","@id":"https:\/\/cpih.ch\/de\/wer-sind-wir\/","url":"https:\/\/cpih.ch\/de\/wer-sind-wir\/","name":"Wer sind wir - Convention patronale","isPartOf":{"@id":"https:\/\/cpih.ch\/#website"},"datePublished":"2019-06-27T10:08:33+00:00","dateModified":"2020-07-01T06:43:27+00:00","breadcrumb":{"@id":"https:\/\/cpih.ch\/de\/wer-sind-wir\/#breadcrumb"},"inLanguage":"de","potentialAction":[{"@type":"ReadAction","target":["https:\/\/cpih.ch\/de\/wer-sind-wir\/"]}]},{"@type":"BreadcrumbList","@id":"https:\/\/cpih.ch\/de\/wer-sind-wir\/#breadcrumb","itemListElement":[{"@type":"ListItem","position":1,"name":"Accueil","item":"https:\/\/cpih.ch\/de\/"},{"@type":"ListItem","position":2,"name":"Wer sind wir"}]},{"@type":"WebSite","@id":"https:\/\/cpih.ch\/#website","url":"https:\/\/cpih.ch\/","name":"Convention patronale","description":"Un site","potentialAction":[{"@type":"SearchAction","target":{"@type":"EntryPoint","urlTemplate":"https:\/\/cpih.ch\/?s={search_term_string}"},"query-input":{"@type":"PropertyValueSpecification","valueRequired":true,"valueName":"search_term_string"}}],"inLanguage":"de"}]}},"_links":{"self":[{"href":"https:\/\/cpih.ch\/de\/wp-json\/wp\/v2\/pages\/2047","targetHints":{"allow":["GET"]}}],"collection":[{"href":"https:\/\/cpih.ch\/de\/wp-json\/wp\/v2\/pages"}],"about":[{"href":"https:\/\/cpih.ch\/de\/wp-json\/wp\/v2\/types\/page"}],"author":[{"embeddable":true,"href":"https:\/\/cpih.ch\/de\/wp-json\/wp\/v2\/users\/1"}],"replies":[{"embeddable":true,"href":"https:\/\/cpih.ch\/de\/wp-json\/wp\/v2\/comments?post=2047"}],"version-history":[{"count":8,"href":"https:\/\/cpih.ch\/de\/wp-json\/wp\/v2\/pages\/2047\/revisions"}],"predecessor-version":[{"id":2875,"href":"https:\/\/cpih.ch\/de\/wp-json\/wp\/v2\/pages\/2047\/revisions\/2875"}],"wp:attachment":[{"href":"https:\/\/cpih.ch\/de\/wp-json\/wp\/v2\/media?parent=2047"}],"curies":[{"name":"wp","href":"https:\/\/api.w.org\/{rel}","templated":true}]}}