{"id":2044,"date":"2019-06-27T10:42:20","date_gmt":"2019-06-27T08:42:20","guid":{"rendered":"https:\/\/cpih.ch\/allocation-de-rencherissement\/"},"modified":"2025-10-20T10:24:53","modified_gmt":"2025-10-20T08:24:53","slug":"teuerungsausgleich","status":"publish","type":"page","link":"https:\/\/cpih.ch\/de\/teuerungsausgleich\/","title":{"rendered":"Teuerungs\u00adausgleich"},"content":{"rendered":"<div class=\"vce-row-container\" data-vce-boxed-width=\"true\"><div class=\"vce-row vce-row--col-gap-0 pp-area bg-light-grey vce-row-content--top\" id=\"el-47b4edbf\" data-vce-do-apply=\"all el-47b4edbf\"><div class=\"vce-row-content\" data-vce-element-content=\"true\"><div class=\"vce-col vce-col--xs-100p vce-col--xs-visible vce-col--xs-last vce-col--xs-first vce-col--sm-100p vce-col--sm-visible vce-col--sm-last vce-col--sm-first vce-col--md-100p vce-col--md-visible vce-col--md-last vce-col--md-first vce-col--lg-100p vce-col--lg-visible vce-col--lg-last vce-col--lg-first vce-col--xl-auto vce-col--xl-visible vce-col--xl-last vce-col--xl-first\" id=\"el-a8d6bdb4\"><div class=\"vce-col-inner\" data-vce-do-apply=\"border margin background  el-a8d6bdb4\"><div class=\"vce-col-content\" data-vce-element-content=\"true\" data-vce-do-apply=\"padding el-a8d6bdb4\"><div class=\"vce-text-block txt-large-size container-gap-both-2 in-v-spacing-large hyphenation\"><div class=\"vce-text-block-wrapper vce\" id=\"el-6ccf52b4\" data-vce-do-apply=\"all el-6ccf52b4\"><h1><span class=\"txt-highlight\">Teuerungs\u00adausgleich<\/span><\/h1><\/div><\/div><\/div><\/div><\/div><\/div><\/div><\/div><div class=\"vce-row-container\" data-vce-boxed-width=\"true\"><div class=\"vce-row vce-row--col-gap-30 vce-row-equal-height vce-row-content--top\" id=\"el-0dfe084e\" data-vce-do-apply=\"all el-0dfe084e\"><div class=\"vce-content-background-container\"><\/div><div class=\"vce-row-content\" data-vce-element-content=\"true\"><div class=\"vce-col vce-col--md-53p vce-col--xs-1 vce-col--xs-last vce-col--xs-first vce-col--sm-last vce-col--sm-first vce-col--md-first vce-col--lg-first vce-col--xl-first\" id=\"el-16a60bed\"><div class=\"vce-col-inner\" data-vce-do-apply=\"border margin background  el-16a60bed\"><div class=\"vce-col-content\" data-vce-element-content=\"true\" data-vce-do-apply=\"padding el-16a60bed\"><div class=\"vce-text-block\"><div class=\"vce-text-block-wrapper vce\" id=\"el-ddad21c1\" data-vce-do-apply=\"all el-ddad21c1\"><h4><span style=\"color: #007a93;\"><strong>Teuerungsausgleich: eine symbolische Entscheidung in einem unsicheren Umfeld<\/strong><\/span><\/h4><p data-start=\"170\" data-end=\"464\">Ende September trafen sich die Sozialpartner der Uhren- und Mikrotechnikbranche, um \u2013 wie jedes Jahr \u2013 \u00fcber den Teuerungsausgleich per 1. Januar 2026 zu diskutieren. Diese Entscheidung betrifft direkt rund 55\u2019000 Mitarbeitende, die dem Gesamtarbeitsvertrag (GAV) der Branche unterstellt sind.<\/p><p data-start=\"466\" data-end=\"1013\">Seit vielen Jahren zeigen die Arbeitgeber der Branche eine konstante Bereitschaft, die Kaufkraft der Mitarbeitenden zu unterst\u00fctzen, indem sie \u2013 wann immer es die Situation erlaubt \u2013 den Anstieg der Lebenshaltungskosten ausgleichen. Dieses Engagement f\u00fchrte in den letzten neun Jahren zu wiederholten Ausgleichszahlungen in H\u00f6he von insgesamt \u00fcber 500 Franken pro Mitarbeitendem \u2013 trotz herausfordernder Zeiten mit der Aufhebung des Euro-Mindestkurses, der Covid-19-Pandemie, der Frankenst\u00e4rke und den steigenden Belastungen f\u00fcr die Unternehmen.<\/p><p data-start=\"1015\" data-end=\"1642\"><strong data-start=\"1015\" data-end=\"1057\">Eine Entscheidung mit hohem Symbolwert<\/strong><br data-start=\"1057\" data-end=\"1060\">Auch in diesem Jahr einigten sich Arbeitgeber und Gewerkschaften auf eine vollst\u00e4ndige Teuerungskompensation.<br data-start=\"1169\" data-end=\"1172\">Auch wenn der Betrag bescheiden erscheinen mag, ist die Entscheidung im aktuellen Umfeld \u2013 insbesondere in der Zulieferindustrie \u2013 von Bedeutung. Die wirtschaftliche Lage ist fragil, gepr\u00e4gt von r\u00fcckl\u00e4ufiger Nachfrage und zahlreichen Unsicherheiten. In einem solchen Kontext von Lohnerh\u00f6hungen zu sprechen, mag paradox wirken. Doch in erster Linie ist dies ein Zeichen der Unterst\u00fctzung f\u00fcr die Mitarbeitenden und ein klares Bekenntnis zur Sicherung der Arbeitspl\u00e4tze.<\/p><p data-start=\"1644\" data-end=\"2012\"><strong data-start=\"1644\" data-end=\"1680\">Der Wert der Sozialpartnerschaft<\/strong><br data-start=\"1680\" data-end=\"1683\">Die Gespr\u00e4che machten eines deutlich: In schwierigen Zeiten ist die Sozialpartnerschaft wichtiger denn je. Die Arbeitgeber betonten, dass der Dialog nur dann konstruktiv bleiben kann, wenn die wirtschaftliche Situation und die Bem\u00fchungen der Unternehmen zur Erhaltung von Arbeitspl\u00e4tzen von den Gewerkschaften anerkannt werden.<\/p><p data-start=\"2014\" data-end=\"2171\"><strong data-start=\"2014\" data-end=\"2051\">Die Einzelheiten der Vereinbarung<\/strong><br data-start=\"2051\" data-end=\"2054\">Die Vereinbarung sieht eine vollst\u00e4ndige Teuerungskompensation vor, nach den zwei in der Branche \u00fcblichen Methoden:<\/p><ul data-start=\"2172\" data-end=\"2400\"><li data-start=\"2172\" data-end=\"2218\"><p data-start=\"2174\" data-end=\"2218\">entweder +CHF 12.\u2013 pro Monat f\u00fcr alle,<\/p><\/li><li data-start=\"2219\" data-end=\"2400\"><p data-start=\"2221\" data-end=\"2400\">oder +0,2 % f\u00fcr L\u00f6hne zwischen CHF 4\u2019766.\u2013 und CHF 7\u2019150.\u2013.<br data-start=\"2284\" data-end=\"2287\">F\u00fcr L\u00f6hne unterhalb bzw. oberhalb dieser Bandbreite gilt ein fixer Zuschlag von CHF 10.\u2013 bzw. CHF 14.\u2013.<\/p><\/li><\/ul><p data-start=\"2402\" data-end=\"2458\">Die Vereinbarung tritt am 1. Januar 2026 in Kraft.<\/p><\/div><\/div><\/div><\/div><\/div><div class=\"vce-col vce-col--md-45p vce-col--xs-1 vce-col--xs-last vce-col--xs-first vce-col--sm-last vce-col--sm-first vce-col--md-last vce-col--lg-last vce-col--xl-last\" id=\"el-67260897\"><div class=\"vce-col-inner\" data-vce-do-apply=\"border margin background  el-67260897\"><div class=\"vce-col-content\" data-vce-element-content=\"true\" data-vce-do-apply=\"padding el-67260897\"><div class=\"vce-single-image-container vce-single-image--align-left\"><div class=\"vce vce-single-image-wrapper\" id=\"el-2949e93a\" data-vce-do-apply=\"all el-2949e93a\"><figure><div class=\"vce-single-image-figure-inner\" style=\"width: 1024px;\"><div class=\"vce-single-image-inner vce-single-image--absolute\" style=\"width: 100%; padding-bottom: 71.6797%;\"><img loading=\"lazy\" decoding=\"async\" class=\"vce-single-image\"  width=\"1024\" height=\"734\" srcset=\"https:\/\/cpih.ch\/wp-content\/uploads\/allocations-1024x735.jpg 1024w, https:\/\/cpih.ch\/wp-content\/uploads\/allocations-320x229.jpg 320w, https:\/\/cpih.ch\/wp-content\/uploads\/allocations-480x344.jpg 480w, https:\/\/cpih.ch\/wp-content\/uploads\/allocations-800x573.jpg 800w\" src=\"https:\/\/cpih.ch\/wp-content\/uploads\/allocations-1024x735.jpg\" data-img-src=\"https:\/\/cpih.ch\/wp-content\/uploads\/allocations.jpg\" data-attachment-id=\"1481\"  alt=\"\" title=\"allocations\" \/><\/div><\/div><figcaption hidden=\"\"><\/figcaption><\/figure><\/div><\/div><\/div><\/div><\/div><\/div><\/div><\/div>\n","protected":false},"excerpt":{"rendered":"<p>Teuerungs\u00adausgleichTeuerungsausgleich: eine symbolische Entscheidung in einem unsicheren UmfeldEnde September trafen sich die Sozialpartner der Uhren- und Mikrotechnikbranche, um \u2013 wie jedes Jahr \u2013 \u00fcber den Teuerungsausgleich per 1. Januar 2026 zu diskutieren. Diese Entscheidung betrifft direkt rund 55\u2019000 Mitarbeitende, die dem Gesamtarbeitsvertrag (GAV) der Branche unterstellt sind.Seit vielen Jahren zeigen die Arbeitgeber der Branche eine [&hellip;]<\/p>\n","protected":false},"author":1,"featured_media":0,"parent":0,"menu_order":0,"comment_status":"closed","ping_status":"closed","template":"templates\/template-page.php","meta":{"_acf_changed":false,"_monsterinsights_skip_tracking":false,"_monsterinsights_sitenote_active":false,"_monsterinsights_sitenote_note":"","_monsterinsights_sitenote_category":0,"footnotes":""},"class_list":["post-2044","page","type-page","status-publish","hentry"],"acf":[],"yoast_head":"<!-- This site is optimized with the Yoast SEO plugin v27.0 - https:\/\/yoast.com\/product\/yoast-seo-wordpress\/ -->\n<title>Teuerungs\u00adausgleich - Convention patronale<\/title>\n<meta name=\"robots\" content=\"index, follow, max-snippet:-1, max-image-preview:large, max-video-preview:-1\" \/>\n<link rel=\"canonical\" href=\"https:\/\/cpih.ch\/de\/teuerungsausgleich\/\" \/>\n<meta property=\"og:locale\" content=\"de_DE\" \/>\n<meta property=\"og:type\" content=\"article\" \/>\n<meta property=\"og:title\" content=\"Teuerungs\u00adausgleich - Convention patronale\" \/>\n<meta property=\"og:description\" content=\"Teuerungs\u00adausgleichTeuerungsausgleich: eine symbolische Entscheidung in einem unsicheren UmfeldEnde September trafen sich die Sozialpartner der Uhren- und Mikrotechnikbranche, um \u2013 wie jedes Jahr \u2013 \u00fcber den Teuerungsausgleich per 1. Januar 2026 zu diskutieren. Diese Entscheidung betrifft direkt rund 55\u2019000 Mitarbeitende, die dem Gesamtarbeitsvertrag (GAV) der Branche unterstellt sind.Seit vielen Jahren zeigen die Arbeitgeber der Branche eine [&hellip;]\" \/>\n<meta property=\"og:url\" content=\"https:\/\/cpih.ch\/de\/teuerungsausgleich\/\" \/>\n<meta property=\"og:site_name\" content=\"Convention patronale\" \/>\n<meta property=\"article:modified_time\" content=\"2025-10-20T08:24:53+00:00\" \/>\n<meta name=\"twitter:card\" content=\"summary_large_image\" \/>\n<meta name=\"twitter:label1\" content=\"Gesch\u00e4tzte Lesezeit\" \/>\n\t<meta name=\"twitter:data1\" content=\"2\u00a0Minuten\" \/>\n<script type=\"application\/ld+json\" class=\"yoast-schema-graph\">{\"@context\":\"https:\/\/schema.org\",\"@graph\":[{\"@type\":\"WebPage\",\"@id\":\"https:\/\/cpih.ch\/de\/teuerungsausgleich\/\",\"url\":\"https:\/\/cpih.ch\/de\/teuerungsausgleich\/\",\"name\":\"Teuerungs\u00adausgleich - Convention patronale\",\"isPartOf\":{\"@id\":\"https:\/\/cpih.ch\/#website\"},\"datePublished\":\"2019-06-27T08:42:20+00:00\",\"dateModified\":\"2025-10-20T08:24:53+00:00\",\"breadcrumb\":{\"@id\":\"https:\/\/cpih.ch\/de\/teuerungsausgleich\/#breadcrumb\"},\"inLanguage\":\"de\",\"potentialAction\":[{\"@type\":\"ReadAction\",\"target\":[\"https:\/\/cpih.ch\/de\/teuerungsausgleich\/\"]}]},{\"@type\":\"BreadcrumbList\",\"@id\":\"https:\/\/cpih.ch\/de\/teuerungsausgleich\/#breadcrumb\",\"itemListElement\":[{\"@type\":\"ListItem\",\"position\":1,\"name\":\"Accueil\",\"item\":\"https:\/\/cpih.ch\/de\/\"},{\"@type\":\"ListItem\",\"position\":2,\"name\":\"Teuerungs\u00adausgleich\"}]},{\"@type\":\"WebSite\",\"@id\":\"https:\/\/cpih.ch\/#website\",\"url\":\"https:\/\/cpih.ch\/\",\"name\":\"Convention patronale\",\"description\":\"Un site\",\"potentialAction\":[{\"@type\":\"SearchAction\",\"target\":{\"@type\":\"EntryPoint\",\"urlTemplate\":\"https:\/\/cpih.ch\/?s={search_term_string}\"},\"query-input\":{\"@type\":\"PropertyValueSpecification\",\"valueRequired\":true,\"valueName\":\"search_term_string\"}}],\"inLanguage\":\"de\"}]}<\/script>\n<!-- \/ Yoast SEO plugin. -->","yoast_head_json":{"title":"Teuerungs\u00adausgleich - Convention patronale","robots":{"index":"index","follow":"follow","max-snippet":"max-snippet:-1","max-image-preview":"max-image-preview:large","max-video-preview":"max-video-preview:-1"},"canonical":"https:\/\/cpih.ch\/de\/teuerungsausgleich\/","og_locale":"de_DE","og_type":"article","og_title":"Teuerungs\u00adausgleich - Convention patronale","og_description":"Teuerungs\u00adausgleichTeuerungsausgleich: eine symbolische Entscheidung in einem unsicheren UmfeldEnde September trafen sich die Sozialpartner der Uhren- und Mikrotechnikbranche, um \u2013 wie jedes Jahr \u2013 \u00fcber den Teuerungsausgleich per 1. Januar 2026 zu diskutieren. Diese Entscheidung betrifft direkt rund 55\u2019000 Mitarbeitende, die dem Gesamtarbeitsvertrag (GAV) der Branche unterstellt sind.Seit vielen Jahren zeigen die Arbeitgeber der Branche eine [&hellip;]","og_url":"https:\/\/cpih.ch\/de\/teuerungsausgleich\/","og_site_name":"Convention patronale","article_modified_time":"2025-10-20T08:24:53+00:00","twitter_card":"summary_large_image","twitter_misc":{"Gesch\u00e4tzte Lesezeit":"2\u00a0Minuten"},"schema":{"@context":"https:\/\/schema.org","@graph":[{"@type":"WebPage","@id":"https:\/\/cpih.ch\/de\/teuerungsausgleich\/","url":"https:\/\/cpih.ch\/de\/teuerungsausgleich\/","name":"Teuerungs\u00adausgleich - Convention patronale","isPartOf":{"@id":"https:\/\/cpih.ch\/#website"},"datePublished":"2019-06-27T08:42:20+00:00","dateModified":"2025-10-20T08:24:53+00:00","breadcrumb":{"@id":"https:\/\/cpih.ch\/de\/teuerungsausgleich\/#breadcrumb"},"inLanguage":"de","potentialAction":[{"@type":"ReadAction","target":["https:\/\/cpih.ch\/de\/teuerungsausgleich\/"]}]},{"@type":"BreadcrumbList","@id":"https:\/\/cpih.ch\/de\/teuerungsausgleich\/#breadcrumb","itemListElement":[{"@type":"ListItem","position":1,"name":"Accueil","item":"https:\/\/cpih.ch\/de\/"},{"@type":"ListItem","position":2,"name":"Teuerungs\u00adausgleich"}]},{"@type":"WebSite","@id":"https:\/\/cpih.ch\/#website","url":"https:\/\/cpih.ch\/","name":"Convention patronale","description":"Un site","potentialAction":[{"@type":"SearchAction","target":{"@type":"EntryPoint","urlTemplate":"https:\/\/cpih.ch\/?s={search_term_string}"},"query-input":{"@type":"PropertyValueSpecification","valueRequired":true,"valueName":"search_term_string"}}],"inLanguage":"de"}]}},"_links":{"self":[{"href":"https:\/\/cpih.ch\/de\/wp-json\/wp\/v2\/pages\/2044","targetHints":{"allow":["GET"]}}],"collection":[{"href":"https:\/\/cpih.ch\/de\/wp-json\/wp\/v2\/pages"}],"about":[{"href":"https:\/\/cpih.ch\/de\/wp-json\/wp\/v2\/types\/page"}],"author":[{"embeddable":true,"href":"https:\/\/cpih.ch\/de\/wp-json\/wp\/v2\/users\/1"}],"replies":[{"embeddable":true,"href":"https:\/\/cpih.ch\/de\/wp-json\/wp\/v2\/comments?post=2044"}],"version-history":[{"count":19,"href":"https:\/\/cpih.ch\/de\/wp-json\/wp\/v2\/pages\/2044\/revisions"}],"predecessor-version":[{"id":18324,"href":"https:\/\/cpih.ch\/de\/wp-json\/wp\/v2\/pages\/2044\/revisions\/18324"}],"wp:attachment":[{"href":"https:\/\/cpih.ch\/de\/wp-json\/wp\/v2\/media?parent=2044"}],"curies":[{"name":"wp","href":"https:\/\/api.w.org\/{rel}","templated":true}]}}